{"id":3160,"date":"2022-04-03T18:56:46","date_gmt":"2022-04-03T18:56:46","guid":{"rendered":"https:\/\/iamindustries.com\/product\/spline-bagged-pvc-gray\/"},"modified":"2022-04-03T18:56:46","modified_gmt":"2022-04-03T18:56:46","slug":"spline-bagged-pvc-gray-2","status":"publish","type":"product","link":"https:\/\/iamindustries.com\/fr\/produit\/spline-bagged-pvc-gray-2\/","title":{"rendered":"Bourrelet de Moustiquaire, Gris"},"content":{"rendered":"","protected":false},"excerpt":{"rendered":"<p>Les cannelures de maintien des \u00e9crans sont la &#8220;colle&#8221; qui maintient un bon projet d&#8217;\u00e9cran. En choisissant la bonne taille et la bonne couleur de cannelure, vous vous assurez que vos \u00e9crans s&#8217;ins\u00e8rent sans probl\u00e8me et qu&#8217;ils ont une belle apparence. Nous offrons une grande vari\u00e9t\u00e9 de cannelures de retenue d&#8217;\u00e9cran pour r\u00e9pondre aux besoins de tout travail, grand ou petit.<\/p>\n<table>\n<tbody>\n<tr>\n<td width=\"234\"><\/td>\n<td width=\"126\">Poids (lb)<\/td>\n<td width=\"264\">Dimensions du Paquet (in)<\/td>\n<\/tr>\n<tr>\n<td width=\"234\">Bourrelet .125\u201d x 25\u2019<\/td>\n<td width=\"126\">0.14<\/td>\n<td width=\"264\">10.25 x 6 x 0.549<\/td>\n<\/tr>\n<tr>\n<td width=\"234\">Bourrelet .140\u201d x 25\u2019<\/td>\n<td width=\"126\">0.16<\/td>\n<td width=\"264\">5.75 x 11.25 x 0.65<\/td>\n<\/tr>\n<tr>\n<td width=\"234\">Bourrelet .160\u201d x 25\u2019<\/td>\n<td width=\"126\">0.22<\/td>\n<td width=\"264\">5.88 x 11.25 x 0.87<\/td>\n<\/tr>\n<tr>\n<td width=\"234\">Bourrelet .175\u201d x 25\u2019<\/td>\n<td width=\"126\">0.25<\/td>\n<td width=\"264\">5.75 x 10 x 0.86<\/td>\n<\/tr>\n<\/tbody>\n<\/table>\n","protected":false},"featured_media":1745,"template":"","meta":[],"product_brand":[],"product_cat":[148],"product_tag":[],"class_list":{"0":"post-3160","1":"product","2":"type-product","3":"status-publish","4":"has-post-thumbnail","6":"product_cat-spline-fr","7":"pa_size-125x25-fr","8":"pa_size-140x25-fr","9":"pa_size-160x25-fr","10":"pa_size-175x25-fr","12":"first","13":"instock","14":"taxable","15":"shipping-taxable","16":"purchasable","17":"product-type-variable"},"yoast_head":"<!-- This site is optimized with the Yoast SEO plugin v27.3 - https:\/\/yoast.com\/product\/yoast-seo-wordpress\/ -->\n<title>Bourrelet de Moustiquaire, Gris - IAM Industries<\/title>\n<meta name=\"robots\" content=\"index, follow, max-snippet:-1, max-image-preview:large, max-video-preview:-1\" \/>\n<link rel=\"canonical\" href=\"https:\/\/iamindustries.com\/product\/spline-bagged-pvc-gray\/\" \/>\n<meta property=\"og:locale\" content=\"fr_FR\" \/>\n<meta property=\"og:type\" content=\"article\" \/>\n<meta property=\"og:title\" content=\"Bourrelet de Moustiquaire, Gris - IAM Industries\" \/>\n<meta property=\"og:description\" content=\"Les cannelures de maintien des \u00e9crans sont la &quot;colle&quot; qui maintient un bon projet d&#039;\u00e9cran. En choisissant la bonne taille et la bonne couleur de cannelure, vous vous assurez que vos \u00e9crans s&#039;ins\u00e8rent sans probl\u00e8me et qu&#039;ils ont une belle apparence. Nous offrons une grande vari\u00e9t\u00e9 de cannelures de retenue d&#039;\u00e9cran pour r\u00e9pondre aux besoins de tout travail, grand ou petit.   Poids (lb) Dimensions du Paquet (in)  Bourrelet .125\u201d x 25\u2019 0.14 10.25 x 6 x 0.549  Bourrelet .140\u201d x 25\u2019 0.16 5.75 x 11.25 x 0.65  Bourrelet .160\u201d x 25\u2019 0.22 5.88 x 11.25 x 0.87  Bourrelet .175\u201d x 25\u2019 0.25 5.75 x 10 x 0.86\" \/>\n<meta property=\"og:url\" content=\"https:\/\/iamindustries.com\/product\/spline-bagged-pvc-gray\/\" \/>\n<meta property=\"og:site_name\" content=\"IAM Industries\" \/>\n<meta name=\"twitter:card\" content=\"summary_large_image\" \/>\n<script type=\"application\/ld+json\" class=\"yoast-schema-graph\">{\"@context\":\"https:\\\/\\\/schema.org\",\"@graph\":[{\"@type\":\"WebPage\",\"@id\":\"https:\\\/\\\/iamindustries.com\\\/product\\\/spline-bagged-pvc-gray\\\/\",\"url\":\"https:\\\/\\\/iamindustries.com\\\/product\\\/spline-bagged-pvc-gray\\\/\",\"name\":\"Bourrelet de Moustiquaire, Gris - IAM Industries\",\"isPartOf\":{\"@id\":\"https:\\\/\\\/iamindustries.com\\\/#website\"},\"primaryImageOfPage\":{\"@id\":\"https:\\\/\\\/iamindustries.com\\\/product\\\/spline-bagged-pvc-gray\\\/#primaryimage\"},\"image\":{\"@id\":\"https:\\\/\\\/iamindustries.com\\\/product\\\/spline-bagged-pvc-gray\\\/#primaryimage\"},\"thumbnailUrl\":\"https:\\\/\\\/iamindustries.com\\\/wp-content\\\/uploads\\\/2022\\\/01\\\/graysplinedetail.jpg\",\"datePublished\":\"2022-04-03T18:56:46+00:00\",\"breadcrumb\":{\"@id\":\"https:\\\/\\\/iamindustries.com\\\/product\\\/spline-bagged-pvc-gray\\\/#breadcrumb\"},\"inLanguage\":\"fr-FR\",\"potentialAction\":[{\"@type\":\"ReadAction\",\"target\":[\"https:\\\/\\\/iamindustries.com\\\/product\\\/spline-bagged-pvc-gray\\\/\"]}]},{\"@type\":\"ImageObject\",\"inLanguage\":\"fr-FR\",\"@id\":\"https:\\\/\\\/iamindustries.com\\\/product\\\/spline-bagged-pvc-gray\\\/#primaryimage\",\"url\":\"https:\\\/\\\/iamindustries.com\\\/wp-content\\\/uploads\\\/2022\\\/01\\\/graysplinedetail.jpg\",\"contentUrl\":\"https:\\\/\\\/iamindustries.com\\\/wp-content\\\/uploads\\\/2022\\\/01\\\/graysplinedetail.jpg\",\"width\":960,\"height\":960},{\"@type\":\"BreadcrumbList\",\"@id\":\"https:\\\/\\\/iamindustries.com\\\/product\\\/spline-bagged-pvc-gray\\\/#breadcrumb\",\"itemListElement\":[{\"@type\":\"ListItem\",\"position\":1,\"name\":\"Home\",\"item\":\"https:\\\/\\\/iamindustries.com\\\/fr\\\/accueil\\\/\"},{\"@type\":\"ListItem\",\"position\":2,\"name\":\"Achetez\",\"item\":\"https:\\\/\\\/iamindustries.com\\\/fr\\\/achetez\\\/\"},{\"@type\":\"ListItem\",\"position\":3,\"name\":\"Bourrelet de Moustiquaire, Gris\"}]},{\"@type\":\"WebSite\",\"@id\":\"https:\\\/\\\/iamindustries.com\\\/#website\",\"url\":\"https:\\\/\\\/iamindustries.com\\\/\",\"name\":\"IAM Industries\",\"description\":\"Develop products that meet and exceed customer needs. That our product are made under the most stringent quality standards. \",\"publisher\":{\"@id\":\"https:\\\/\\\/iamindustries.com\\\/#organization\"},\"potentialAction\":[{\"@type\":\"SearchAction\",\"target\":{\"@type\":\"EntryPoint\",\"urlTemplate\":\"https:\\\/\\\/iamindustries.com\\\/?s={search_term_string}\"},\"query-input\":{\"@type\":\"PropertyValueSpecification\",\"valueRequired\":true,\"valueName\":\"search_term_string\"}}],\"inLanguage\":\"fr-FR\"},{\"@type\":\"Organization\",\"@id\":\"https:\\\/\\\/iamindustries.com\\\/#organization\",\"name\":\"IAM Industries\",\"url\":\"https:\\\/\\\/iamindustries.com\\\/\",\"logo\":{\"@type\":\"ImageObject\",\"inLanguage\":\"fr-FR\",\"@id\":\"https:\\\/\\\/iamindustries.com\\\/#\\\/schema\\\/logo\\\/image\\\/\",\"url\":\"https:\\\/\\\/iamindustries.com\\\/wp-content\\\/uploads\\\/2022\\\/03\\\/cropped-favicon-iam.png\",\"contentUrl\":\"https:\\\/\\\/iamindustries.com\\\/wp-content\\\/uploads\\\/2022\\\/03\\\/cropped-favicon-iam.png\",\"width\":512,\"height\":512,\"caption\":\"IAM Industries\"},\"image\":{\"@id\":\"https:\\\/\\\/iamindustries.com\\\/#\\\/schema\\\/logo\\\/image\\\/\"}}]}<\/script>\n<!-- \/ Yoast SEO plugin. -->","yoast_head_json":{"title":"Bourrelet de Moustiquaire, Gris - IAM Industries","robots":{"index":"index","follow":"follow","max-snippet":"max-snippet:-1","max-image-preview":"max-image-preview:large","max-video-preview":"max-video-preview:-1"},"canonical":"https:\/\/iamindustries.com\/product\/spline-bagged-pvc-gray\/","og_locale":"fr_FR","og_type":"article","og_title":"Bourrelet de Moustiquaire, Gris - IAM Industries","og_description":"Les cannelures de maintien des \u00e9crans sont la \"colle\" qui maintient un bon projet d'\u00e9cran. En choisissant la bonne taille et la bonne couleur de cannelure, vous vous assurez que vos \u00e9crans s'ins\u00e8rent sans probl\u00e8me et qu'ils ont une belle apparence. Nous offrons une grande vari\u00e9t\u00e9 de cannelures de retenue d'\u00e9cran pour r\u00e9pondre aux besoins de tout travail, grand ou petit.   Poids (lb) Dimensions du Paquet (in)  Bourrelet .125\u201d x 25\u2019 0.14 10.25 x 6 x 0.549  Bourrelet .140\u201d x 25\u2019 0.16 5.75 x 11.25 x 0.65  Bourrelet .160\u201d x 25\u2019 0.22 5.88 x 11.25 x 0.87  Bourrelet .175\u201d x 25\u2019 0.25 5.75 x 10 x 0.86","og_url":"https:\/\/iamindustries.com\/product\/spline-bagged-pvc-gray\/","og_site_name":"IAM Industries","twitter_card":"summary_large_image","schema":{"@context":"https:\/\/schema.org","@graph":[{"@type":"WebPage","@id":"https:\/\/iamindustries.com\/product\/spline-bagged-pvc-gray\/","url":"https:\/\/iamindustries.com\/product\/spline-bagged-pvc-gray\/","name":"Bourrelet de Moustiquaire, Gris - IAM Industries","isPartOf":{"@id":"https:\/\/iamindustries.com\/#website"},"primaryImageOfPage":{"@id":"https:\/\/iamindustries.com\/product\/spline-bagged-pvc-gray\/#primaryimage"},"image":{"@id":"https:\/\/iamindustries.com\/product\/spline-bagged-pvc-gray\/#primaryimage"},"thumbnailUrl":"https:\/\/iamindustries.com\/wp-content\/uploads\/2022\/01\/graysplinedetail.jpg","datePublished":"2022-04-03T18:56:46+00:00","breadcrumb":{"@id":"https:\/\/iamindustries.com\/product\/spline-bagged-pvc-gray\/#breadcrumb"},"inLanguage":"fr-FR","potentialAction":[{"@type":"ReadAction","target":["https:\/\/iamindustries.com\/product\/spline-bagged-pvc-gray\/"]}]},{"@type":"ImageObject","inLanguage":"fr-FR","@id":"https:\/\/iamindustries.com\/product\/spline-bagged-pvc-gray\/#primaryimage","url":"https:\/\/iamindustries.com\/wp-content\/uploads\/2022\/01\/graysplinedetail.jpg","contentUrl":"https:\/\/iamindustries.com\/wp-content\/uploads\/2022\/01\/graysplinedetail.jpg","width":960,"height":960},{"@type":"BreadcrumbList","@id":"https:\/\/iamindustries.com\/product\/spline-bagged-pvc-gray\/#breadcrumb","itemListElement":[{"@type":"ListItem","position":1,"name":"Home","item":"https:\/\/iamindustries.com\/fr\/accueil\/"},{"@type":"ListItem","position":2,"name":"Achetez","item":"https:\/\/iamindustries.com\/fr\/achetez\/"},{"@type":"ListItem","position":3,"name":"Bourrelet de Moustiquaire, Gris"}]},{"@type":"WebSite","@id":"https:\/\/iamindustries.com\/#website","url":"https:\/\/iamindustries.com\/","name":"IAM Industries","description":"Develop products that meet and exceed customer needs. That our product are made under the most stringent quality standards. ","publisher":{"@id":"https:\/\/iamindustries.com\/#organization"},"potentialAction":[{"@type":"SearchAction","target":{"@type":"EntryPoint","urlTemplate":"https:\/\/iamindustries.com\/?s={search_term_string}"},"query-input":{"@type":"PropertyValueSpecification","valueRequired":true,"valueName":"search_term_string"}}],"inLanguage":"fr-FR"},{"@type":"Organization","@id":"https:\/\/iamindustries.com\/#organization","name":"IAM Industries","url":"https:\/\/iamindustries.com\/","logo":{"@type":"ImageObject","inLanguage":"fr-FR","@id":"https:\/\/iamindustries.com\/#\/schema\/logo\/image\/","url":"https:\/\/iamindustries.com\/wp-content\/uploads\/2022\/03\/cropped-favicon-iam.png","contentUrl":"https:\/\/iamindustries.com\/wp-content\/uploads\/2022\/03\/cropped-favicon-iam.png","width":512,"height":512,"caption":"IAM Industries"},"image":{"@id":"https:\/\/iamindustries.com\/#\/schema\/logo\/image\/"}}]}},"jetpack_sharing_enabled":true,"_links":{"self":[{"href":"https:\/\/iamindustries.com\/fr\/wp-json\/wp\/v2\/product\/3160","targetHints":{"allow":["GET"]}}],"collection":[{"href":"https:\/\/iamindustries.com\/fr\/wp-json\/wp\/v2\/product"}],"about":[{"href":"https:\/\/iamindustries.com\/fr\/wp-json\/wp\/v2\/types\/product"}],"wp:featuredmedia":[{"embeddable":true,"href":"https:\/\/iamindustries.com\/fr\/wp-json\/wp\/v2\/media\/1745"}],"wp:attachment":[{"href":"https:\/\/iamindustries.com\/fr\/wp-json\/wp\/v2\/media?parent=3160"}],"wp:term":[{"taxonomy":"product_brand","embeddable":true,"href":"https:\/\/iamindustries.com\/fr\/wp-json\/wp\/v2\/product_brand?post=3160"},{"taxonomy":"product_cat","embeddable":true,"href":"https:\/\/iamindustries.com\/fr\/wp-json\/wp\/v2\/product_cat?post=3160"},{"taxonomy":"product_tag","embeddable":true,"href":"https:\/\/iamindustries.com\/fr\/wp-json\/wp\/v2\/product_tag?post=3160"}],"curies":[{"name":"wp","href":"https:\/\/api.w.org\/{rel}","templated":true}]}}