{"id":2031,"date":"2022-03-14T13:58:15","date_gmt":"2022-03-14T13:58:15","guid":{"rendered":"https:\/\/iamindustries.com\/?post_type=product&#038;p=2031"},"modified":"2022-04-22T14:58:45","modified_gmt":"2022-04-22T14:58:45","slug":"contractor-pack-patch-up-drywall-repair-copy","status":"publish","type":"product","link":"https:\/\/iamindustries.com\/fr\/produit\/contractor-pack-patch-up-drywall-repair-copy\/","title":{"rendered":"Pack: Patch Auto-Adh\u00e9sif, R\u00e9paration Des Murs"},"content":{"rendered":"","protected":false},"excerpt":{"rendered":"<p>DES MULTI-PACKS \u00c9CONOMIQUES \u00c0 EMBALLAGE R\u00c9DUIT: Ces rustines auto-adh\u00e9sives constituent une solution rapide et id\u00e9ale pour r\u00e9parer les murs de votre maison, de votre bureau ou de votre magasin. Fabriqu\u00e9s en aluminium perfor\u00e9 qui ne rouille pas, ils permettent d&#8217;obtenir une finition lisse et impeccable. Disponible en trois tailles diff\u00e9rentes pour s&#8217;adapter \u00e0 vos besoins, il est facile \u00e0 d\u00e9couper pour s&#8217;adapter aux petits projets.<\/p>\n<table>\n<tbody>\n<tr>\n<td width=\"258\"><\/td>\n<td width=\"144\">Poids (lb)<\/td>\n<td width=\"222\">Dimensions du Paquet (in)<\/td>\n<\/tr>\n<tr>\n<td width=\"258\">4\u00d74 Patch \u2013 5 Pack<\/td>\n<td width=\"144\">0.8<\/td>\n<td width=\"222\">6.0 x 6.0 x 0.5<\/td>\n<\/tr>\n<tr>\n<td width=\"258\">4\u00d74 Patch \u2013 10 Pack<\/td>\n<td width=\"144\">0.15<\/td>\n<td width=\"222\">6.0 x 6.0 x 0.5<\/td>\n<\/tr>\n<tr>\n<td width=\"258\">6\u00d76 Patch \u2013 5 Pack<\/td>\n<td width=\"144\">0.15<\/td>\n<td width=\"222\">7.5 x 7.5 x 0.56<\/td>\n<\/tr>\n<tr>\n<td width=\"258\">6\u00d76 Patch \u2013 10 Pack<\/td>\n<td width=\"144\">0.31<\/td>\n<td width=\"222\">7.5 x 7.5 x 0.56<\/td>\n<\/tr>\n<tr>\n<td width=\"258\">8\u00d78 Patch \u2013 5 Pack<\/td>\n<td width=\"144\">0.27<\/td>\n<td width=\"222\">10.13 x 10 x 0.69<\/td>\n<\/tr>\n<tr>\n<td width=\"258\">8\u00d78 Patch \u2013 10 Pack<\/td>\n<td width=\"144\">0.55<\/td>\n<td width=\"222\">10.13 x 10 x 0.69<\/td>\n<\/tr>\n<\/tbody>\n<\/table>\n","protected":false},"featured_media":1727,"template":"","meta":[],"product_brand":[],"product_cat":[116,138],"product_tag":[],"class_list":{"0":"post-2031","1":"product","2":"type-product","3":"status-publish","4":"has-post-thumbnail","6":"product_cat-homepage-products-fr","7":"product_cat-patch-auto-adhesif-reparation-des-murs","8":"pa_size-4x4-fr","9":"pa_size-6x6-fr","10":"pa_size-8x8-fr","12":"first","13":"instock","14":"taxable","15":"shipping-taxable","16":"purchasable","17":"product-type-variable"},"yoast_head":"<!-- This site is optimized with the Yoast SEO plugin v27.4 - https:\/\/yoast.com\/product\/yoast-seo-wordpress\/ -->\n<title>Pack: Patch Auto-Adh\u00e9sif, R\u00e9paration Des Murs - IAM Industries<\/title>\n<meta name=\"robots\" content=\"index, follow, max-snippet:-1, max-image-preview:large, max-video-preview:-1\" \/>\n<link rel=\"canonical\" href=\"https:\/\/iamindustries.com\/fr\/produit\/contractor-pack-patch-up-drywall-repair-copy\/\" \/>\n<meta property=\"og:locale\" content=\"fr_FR\" \/>\n<meta property=\"og:type\" content=\"article\" \/>\n<meta property=\"og:title\" content=\"Pack: Patch Auto-Adh\u00e9sif, R\u00e9paration Des Murs - IAM Industries\" \/>\n<meta property=\"og:description\" content=\"DES MULTI-PACKS \u00c9CONOMIQUES \u00c0 EMBALLAGE R\u00c9DUIT: Ces rustines auto-adh\u00e9sives constituent une solution rapide et id\u00e9ale pour r\u00e9parer les murs de votre maison, de votre bureau ou de votre magasin. Fabriqu\u00e9s en aluminium perfor\u00e9 qui ne rouille pas, ils permettent d&#039;obtenir une finition lisse et impeccable. Disponible en trois tailles diff\u00e9rentes pour s&#039;adapter \u00e0 vos besoins, il est facile \u00e0 d\u00e9couper pour s&#039;adapter aux petits projets.   Poids (lb) Dimensions du Paquet (in)  4\u00d74 Patch \u2013 5 Pack 0.8 6.0 x 6.0 x 0.5  4\u00d74 Patch \u2013 10 Pack 0.15 6.0 x 6.0 x 0.5  6\u00d76 Patch \u2013 5 Pack 0.15 7.5 x 7.5 x 0.56  6\u00d76 Patch \u2013 10 Pack 0.31 7.5 x 7.5 x 0.56  8\u00d78 Patch \u2013 5 Pack 0.27 10.13 x 10 x 0.69  8\u00d78 Patch \u2013 10 Pack 0.55 10.13 x 10 x 0.69\" \/>\n<meta property=\"og:url\" content=\"https:\/\/iamindustries.com\/fr\/produit\/contractor-pack-patch-up-drywall-repair-copy\/\" \/>\n<meta property=\"og:site_name\" content=\"IAM Industries\" \/>\n<meta property=\"article:modified_time\" content=\"2022-04-22T14:58:45+00:00\" \/>\n<meta property=\"og:image\" content=\"https:\/\/iamindustries.com\/wp-content\/uploads\/2022\/01\/regular-patch5packfront.jpg\" \/>\n\t<meta property=\"og:image:width\" content=\"960\" \/>\n\t<meta property=\"og:image:height\" content=\"960\" \/>\n\t<meta property=\"og:image:type\" content=\"image\/jpeg\" \/>\n<meta name=\"twitter:card\" content=\"summary_large_image\" \/>\n<script type=\"application\/ld+json\" class=\"yoast-schema-graph\">{\"@context\":\"https:\\\/\\\/schema.org\",\"@graph\":[{\"@type\":\"WebPage\",\"@id\":\"https:\\\/\\\/iamindustries.com\\\/fr\\\/produit\\\/contractor-pack-patch-up-drywall-repair-copy\\\/\",\"url\":\"https:\\\/\\\/iamindustries.com\\\/fr\\\/produit\\\/contractor-pack-patch-up-drywall-repair-copy\\\/\",\"name\":\"Pack: Patch Auto-Adh\u00e9sif, R\u00e9paration Des Murs - IAM Industries\",\"isPartOf\":{\"@id\":\"https:\\\/\\\/iamindustries.com\\\/#website\"},\"primaryImageOfPage\":{\"@id\":\"https:\\\/\\\/iamindustries.com\\\/fr\\\/produit\\\/contractor-pack-patch-up-drywall-repair-copy\\\/#primaryimage\"},\"image\":{\"@id\":\"https:\\\/\\\/iamindustries.com\\\/fr\\\/produit\\\/contractor-pack-patch-up-drywall-repair-copy\\\/#primaryimage\"},\"thumbnailUrl\":\"https:\\\/\\\/iamindustries.com\\\/wp-content\\\/uploads\\\/2022\\\/01\\\/regular-patch5packfront.jpg\",\"datePublished\":\"2022-03-14T13:58:15+00:00\",\"dateModified\":\"2022-04-22T14:58:45+00:00\",\"breadcrumb\":{\"@id\":\"https:\\\/\\\/iamindustries.com\\\/fr\\\/produit\\\/contractor-pack-patch-up-drywall-repair-copy\\\/#breadcrumb\"},\"inLanguage\":\"fr-FR\",\"potentialAction\":[{\"@type\":\"ReadAction\",\"target\":[\"https:\\\/\\\/iamindustries.com\\\/fr\\\/produit\\\/contractor-pack-patch-up-drywall-repair-copy\\\/\"]}]},{\"@type\":\"ImageObject\",\"inLanguage\":\"fr-FR\",\"@id\":\"https:\\\/\\\/iamindustries.com\\\/fr\\\/produit\\\/contractor-pack-patch-up-drywall-repair-copy\\\/#primaryimage\",\"url\":\"https:\\\/\\\/iamindustries.com\\\/wp-content\\\/uploads\\\/2022\\\/01\\\/regular-patch5packfront.jpg\",\"contentUrl\":\"https:\\\/\\\/iamindustries.com\\\/wp-content\\\/uploads\\\/2022\\\/01\\\/regular-patch5packfront.jpg\",\"width\":960,\"height\":960},{\"@type\":\"BreadcrumbList\",\"@id\":\"https:\\\/\\\/iamindustries.com\\\/fr\\\/produit\\\/contractor-pack-patch-up-drywall-repair-copy\\\/#breadcrumb\",\"itemListElement\":[{\"@type\":\"ListItem\",\"position\":1,\"name\":\"Home\",\"item\":\"https:\\\/\\\/iamindustries.com\\\/fr\\\/accueil\\\/\"},{\"@type\":\"ListItem\",\"position\":2,\"name\":\"Achetez\",\"item\":\"https:\\\/\\\/iamindustries.com\\\/fr\\\/achetez\\\/\"},{\"@type\":\"ListItem\",\"position\":3,\"name\":\"Pack: Patch Auto-Adh\u00e9sif, R\u00e9paration Des Murs\"}]},{\"@type\":\"WebSite\",\"@id\":\"https:\\\/\\\/iamindustries.com\\\/#website\",\"url\":\"https:\\\/\\\/iamindustries.com\\\/\",\"name\":\"IAM Industries\",\"description\":\"Develop products that meet and exceed customer needs. That our product are made under the most stringent quality standards. \",\"publisher\":{\"@id\":\"https:\\\/\\\/iamindustries.com\\\/#organization\"},\"potentialAction\":[{\"@type\":\"SearchAction\",\"target\":{\"@type\":\"EntryPoint\",\"urlTemplate\":\"https:\\\/\\\/iamindustries.com\\\/?s={search_term_string}\"},\"query-input\":{\"@type\":\"PropertyValueSpecification\",\"valueRequired\":true,\"valueName\":\"search_term_string\"}}],\"inLanguage\":\"fr-FR\"},{\"@type\":\"Organization\",\"@id\":\"https:\\\/\\\/iamindustries.com\\\/#organization\",\"name\":\"IAM Industries\",\"url\":\"https:\\\/\\\/iamindustries.com\\\/\",\"logo\":{\"@type\":\"ImageObject\",\"inLanguage\":\"fr-FR\",\"@id\":\"https:\\\/\\\/iamindustries.com\\\/#\\\/schema\\\/logo\\\/image\\\/\",\"url\":\"https:\\\/\\\/iamindustries.com\\\/wp-content\\\/uploads\\\/2022\\\/03\\\/cropped-favicon-iam.png\",\"contentUrl\":\"https:\\\/\\\/iamindustries.com\\\/wp-content\\\/uploads\\\/2022\\\/03\\\/cropped-favicon-iam.png\",\"width\":512,\"height\":512,\"caption\":\"IAM Industries\"},\"image\":{\"@id\":\"https:\\\/\\\/iamindustries.com\\\/#\\\/schema\\\/logo\\\/image\\\/\"}}]}<\/script>\n<!-- \/ Yoast SEO plugin. -->","yoast_head_json":{"title":"Pack: Patch Auto-Adh\u00e9sif, R\u00e9paration Des Murs - IAM Industries","robots":{"index":"index","follow":"follow","max-snippet":"max-snippet:-1","max-image-preview":"max-image-preview:large","max-video-preview":"max-video-preview:-1"},"canonical":"https:\/\/iamindustries.com\/fr\/produit\/contractor-pack-patch-up-drywall-repair-copy\/","og_locale":"fr_FR","og_type":"article","og_title":"Pack: Patch Auto-Adh\u00e9sif, R\u00e9paration Des Murs - IAM Industries","og_description":"DES MULTI-PACKS \u00c9CONOMIQUES \u00c0 EMBALLAGE R\u00c9DUIT: Ces rustines auto-adh\u00e9sives constituent une solution rapide et id\u00e9ale pour r\u00e9parer les murs de votre maison, de votre bureau ou de votre magasin. Fabriqu\u00e9s en aluminium perfor\u00e9 qui ne rouille pas, ils permettent d'obtenir une finition lisse et impeccable. Disponible en trois tailles diff\u00e9rentes pour s'adapter \u00e0 vos besoins, il est facile \u00e0 d\u00e9couper pour s'adapter aux petits projets.   Poids (lb) Dimensions du Paquet (in)  4\u00d74 Patch \u2013 5 Pack 0.8 6.0 x 6.0 x 0.5  4\u00d74 Patch \u2013 10 Pack 0.15 6.0 x 6.0 x 0.5  6\u00d76 Patch \u2013 5 Pack 0.15 7.5 x 7.5 x 0.56  6\u00d76 Patch \u2013 10 Pack 0.31 7.5 x 7.5 x 0.56  8\u00d78 Patch \u2013 5 Pack 0.27 10.13 x 10 x 0.69  8\u00d78 Patch \u2013 10 Pack 0.55 10.13 x 10 x 0.69","og_url":"https:\/\/iamindustries.com\/fr\/produit\/contractor-pack-patch-up-drywall-repair-copy\/","og_site_name":"IAM Industries","article_modified_time":"2022-04-22T14:58:45+00:00","og_image":[{"width":960,"height":960,"url":"https:\/\/iamindustries.com\/wp-content\/uploads\/2022\/01\/regular-patch5packfront.jpg","type":"image\/jpeg"}],"twitter_card":"summary_large_image","schema":{"@context":"https:\/\/schema.org","@graph":[{"@type":"WebPage","@id":"https:\/\/iamindustries.com\/fr\/produit\/contractor-pack-patch-up-drywall-repair-copy\/","url":"https:\/\/iamindustries.com\/fr\/produit\/contractor-pack-patch-up-drywall-repair-copy\/","name":"Pack: Patch Auto-Adh\u00e9sif, R\u00e9paration Des Murs - IAM Industries","isPartOf":{"@id":"https:\/\/iamindustries.com\/#website"},"primaryImageOfPage":{"@id":"https:\/\/iamindustries.com\/fr\/produit\/contractor-pack-patch-up-drywall-repair-copy\/#primaryimage"},"image":{"@id":"https:\/\/iamindustries.com\/fr\/produit\/contractor-pack-patch-up-drywall-repair-copy\/#primaryimage"},"thumbnailUrl":"https:\/\/iamindustries.com\/wp-content\/uploads\/2022\/01\/regular-patch5packfront.jpg","datePublished":"2022-03-14T13:58:15+00:00","dateModified":"2022-04-22T14:58:45+00:00","breadcrumb":{"@id":"https:\/\/iamindustries.com\/fr\/produit\/contractor-pack-patch-up-drywall-repair-copy\/#breadcrumb"},"inLanguage":"fr-FR","potentialAction":[{"@type":"ReadAction","target":["https:\/\/iamindustries.com\/fr\/produit\/contractor-pack-patch-up-drywall-repair-copy\/"]}]},{"@type":"ImageObject","inLanguage":"fr-FR","@id":"https:\/\/iamindustries.com\/fr\/produit\/contractor-pack-patch-up-drywall-repair-copy\/#primaryimage","url":"https:\/\/iamindustries.com\/wp-content\/uploads\/2022\/01\/regular-patch5packfront.jpg","contentUrl":"https:\/\/iamindustries.com\/wp-content\/uploads\/2022\/01\/regular-patch5packfront.jpg","width":960,"height":960},{"@type":"BreadcrumbList","@id":"https:\/\/iamindustries.com\/fr\/produit\/contractor-pack-patch-up-drywall-repair-copy\/#breadcrumb","itemListElement":[{"@type":"ListItem","position":1,"name":"Home","item":"https:\/\/iamindustries.com\/fr\/accueil\/"},{"@type":"ListItem","position":2,"name":"Achetez","item":"https:\/\/iamindustries.com\/fr\/achetez\/"},{"@type":"ListItem","position":3,"name":"Pack: Patch Auto-Adh\u00e9sif, R\u00e9paration Des Murs"}]},{"@type":"WebSite","@id":"https:\/\/iamindustries.com\/#website","url":"https:\/\/iamindustries.com\/","name":"IAM Industries","description":"Develop products that meet and exceed customer needs. That our product are made under the most stringent quality standards. ","publisher":{"@id":"https:\/\/iamindustries.com\/#organization"},"potentialAction":[{"@type":"SearchAction","target":{"@type":"EntryPoint","urlTemplate":"https:\/\/iamindustries.com\/?s={search_term_string}"},"query-input":{"@type":"PropertyValueSpecification","valueRequired":true,"valueName":"search_term_string"}}],"inLanguage":"fr-FR"},{"@type":"Organization","@id":"https:\/\/iamindustries.com\/#organization","name":"IAM Industries","url":"https:\/\/iamindustries.com\/","logo":{"@type":"ImageObject","inLanguage":"fr-FR","@id":"https:\/\/iamindustries.com\/#\/schema\/logo\/image\/","url":"https:\/\/iamindustries.com\/wp-content\/uploads\/2022\/03\/cropped-favicon-iam.png","contentUrl":"https:\/\/iamindustries.com\/wp-content\/uploads\/2022\/03\/cropped-favicon-iam.png","width":512,"height":512,"caption":"IAM Industries"},"image":{"@id":"https:\/\/iamindustries.com\/#\/schema\/logo\/image\/"}}]}},"jetpack_sharing_enabled":true,"_links":{"self":[{"href":"https:\/\/iamindustries.com\/fr\/wp-json\/wp\/v2\/product\/2031","targetHints":{"allow":["GET"]}}],"collection":[{"href":"https:\/\/iamindustries.com\/fr\/wp-json\/wp\/v2\/product"}],"about":[{"href":"https:\/\/iamindustries.com\/fr\/wp-json\/wp\/v2\/types\/product"}],"wp:featuredmedia":[{"embeddable":true,"href":"https:\/\/iamindustries.com\/fr\/wp-json\/wp\/v2\/media\/1727"}],"wp:attachment":[{"href":"https:\/\/iamindustries.com\/fr\/wp-json\/wp\/v2\/media?parent=2031"}],"wp:term":[{"taxonomy":"product_brand","embeddable":true,"href":"https:\/\/iamindustries.com\/fr\/wp-json\/wp\/v2\/product_brand?post=2031"},{"taxonomy":"product_cat","embeddable":true,"href":"https:\/\/iamindustries.com\/fr\/wp-json\/wp\/v2\/product_cat?post=2031"},{"taxonomy":"product_tag","embeddable":true,"href":"https:\/\/iamindustries.com\/fr\/wp-json\/wp\/v2\/product_tag?post=2031"}],"curies":[{"name":"wp","href":"https:\/\/api.w.org\/{rel}","templated":true}]}}