{"id":1897,"date":"2022-01-31T16:15:33","date_gmt":"2022-01-31T16:15:33","guid":{"rendered":"https:\/\/iamindustries.com\/product\/patch-auto-adhesif-reparation-desmurs-2\/"},"modified":"2022-03-24T14:23:03","modified_gmt":"2022-03-24T14:23:03","slug":"patch-auto-adhesif-reparation-desmurs-2","status":"publish","type":"product","link":"https:\/\/iamindustries.com\/fr\/produit\/patch-auto-adhesif-reparation-desmurs-2\/","title":{"rendered":"Patch Auto Adh\u00e9sif, R\u00e9paration des Murs"},"content":{"rendered":"<p><span style=\"font-weight: 400;\">Ces rustines auto-adh\u00e9sives constituent une solution rapide et id\u00e9ale pour r\u00e9parer les murs de votre maison, de votre bureau ou de votre magasin. Fabriqu\u00e9s en aluminium perfor\u00e9 qui ne rouille pas, ils permettent d&#8217;obtenir une finition lisse et impeccable. <\/span><span style=\"font-weight: 400;\">Disponible en trois tailles diff\u00e9rentes pour s&#8217;adapter \u00e0 vos besoins, il est facile \u00e0 d\u00e9couper pour s&#8217;adapter aux petits projets. R\u00e9parez les trous de n&#8217;importe quelle forme sans d\u00e9g\u00e2ts. <\/span><\/p>\n","protected":false},"excerpt":{"rendered":"<p><span style=\"font-weight: 400;\">Ces rustines auto-adh\u00e9sives constituent une solution rapide et id\u00e9ale pour r\u00e9parer les murs de votre maison, de votre bureau ou de votre magasin. Fabriqu\u00e9s en aluminium perfor\u00e9 qui ne rouille pas, ils permettent d&#8217;obtenir une finition lisse et impeccable. <\/span><span style=\"font-weight: 400;\">Disponible en trois tailles diff\u00e9rentes pour s&#8217;adapter \u00e0 vos besoins, il est facile \u00e0 d\u00e9couper pour s&#8217;adapter aux petits projets. R\u00e9parez les trous de n&#8217;importe quelle forme sans d\u00e9g\u00e2ts.<\/span><\/p>\n<table>\n<tbody>\n<tr>\n<td width=\"204\"><\/td>\n<td width=\"198\">Poids (lb)<\/td>\n<td width=\"222\">Dimensions du Paquet (in)<\/td>\n<\/tr>\n<tr>\n<td width=\"204\">4&#215;4 Patch<\/td>\n<td width=\"198\">0.04<\/td>\n<td width=\"222\">5.31 x 5.69 x 0.05<\/td>\n<\/tr>\n<tr>\n<td width=\"204\">6&#215;6 Patch<\/td>\n<td width=\"198\">0.06<\/td>\n<td width=\"222\">7.25 x 7.69 x 0.05<\/td>\n<\/tr>\n<tr>\n<td width=\"204\">8&#215;8 Patch<\/td>\n<td width=\"198\">0.11<\/td>\n<td width=\"222\">9.5 x 10 x 0.05<\/td>\n<\/tr>\n<\/tbody>\n<\/table>\n","protected":false},"featured_media":1724,"template":"","meta":[],"product_brand":[],"product_cat":[116,138],"product_tag":[],"class_list":{"0":"post-1897","1":"product","2":"type-product","3":"status-publish","4":"has-post-thumbnail","6":"product_cat-homepage-products-fr","7":"product_cat-patch-auto-adhesif-reparation-des-murs","8":"pa_size-4x4-fr","9":"pa_size-6x6-fr","10":"pa_size-8x8-fr","12":"first","13":"instock","14":"taxable","15":"shipping-taxable","16":"purchasable","17":"product-type-variable"},"yoast_head":"<!-- This site is optimized with the Yoast SEO plugin v27.3 - https:\/\/yoast.com\/product\/yoast-seo-wordpress\/ -->\n<title>Patch Auto Adh\u00e9sif, R\u00e9paration des Murs - IAM Industries<\/title>\n<meta name=\"robots\" content=\"index, follow, max-snippet:-1, max-image-preview:large, max-video-preview:-1\" \/>\n<link rel=\"canonical\" href=\"https:\/\/iamindustries.com\/fr\/produit\/patch-auto-adhesif-reparation-desmurs-2\/\" \/>\n<meta property=\"og:locale\" content=\"fr_FR\" \/>\n<meta property=\"og:type\" content=\"article\" \/>\n<meta property=\"og:title\" content=\"Patch Auto Adh\u00e9sif, R\u00e9paration des Murs - IAM Industries\" \/>\n<meta property=\"og:description\" content=\"Ces rustines auto-adh\u00e9sives constituent une solution rapide et id\u00e9ale pour r\u00e9parer les murs de votre maison, de votre bureau ou de votre magasin. Fabriqu\u00e9s en aluminium perfor\u00e9 qui ne rouille pas, ils permettent d&#039;obtenir une finition lisse et impeccable. Disponible en trois tailles diff\u00e9rentes pour s&#039;adapter \u00e0 vos besoins, il est facile \u00e0 d\u00e9couper pour s&#039;adapter aux petits projets. R\u00e9parez les trous de n&#039;importe quelle forme sans d\u00e9g\u00e2ts.   Poids (lb) Dimensions du Paquet (in)  4x4 Patch 0.04 5.31 x 5.69 x 0.05  6x6 Patch 0.06 7.25 x 7.69 x 0.05  8x8 Patch 0.11 9.5 x 10 x 0.05\" \/>\n<meta property=\"og:url\" content=\"https:\/\/iamindustries.com\/fr\/produit\/patch-auto-adhesif-reparation-desmurs-2\/\" \/>\n<meta property=\"og:site_name\" content=\"IAM Industries\" \/>\n<meta property=\"article:modified_time\" content=\"2022-03-24T14:23:03+00:00\" \/>\n<meta property=\"og:image\" content=\"https:\/\/iamindustries.com\/wp-content\/uploads\/2022\/01\/regular-patch-2.jpg\" \/>\n\t<meta property=\"og:image:width\" content=\"960\" \/>\n\t<meta property=\"og:image:height\" content=\"960\" \/>\n\t<meta property=\"og:image:type\" content=\"image\/jpeg\" \/>\n<meta name=\"twitter:card\" content=\"summary_large_image\" \/>\n<script type=\"application\/ld+json\" class=\"yoast-schema-graph\">{\"@context\":\"https:\\\/\\\/schema.org\",\"@graph\":[{\"@type\":\"WebPage\",\"@id\":\"https:\\\/\\\/iamindustries.com\\\/fr\\\/produit\\\/patch-auto-adhesif-reparation-desmurs-2\\\/\",\"url\":\"https:\\\/\\\/iamindustries.com\\\/fr\\\/produit\\\/patch-auto-adhesif-reparation-desmurs-2\\\/\",\"name\":\"Patch Auto Adh\u00e9sif, R\u00e9paration des Murs - IAM Industries\",\"isPartOf\":{\"@id\":\"https:\\\/\\\/iamindustries.com\\\/#website\"},\"primaryImageOfPage\":{\"@id\":\"https:\\\/\\\/iamindustries.com\\\/fr\\\/produit\\\/patch-auto-adhesif-reparation-desmurs-2\\\/#primaryimage\"},\"image\":{\"@id\":\"https:\\\/\\\/iamindustries.com\\\/fr\\\/produit\\\/patch-auto-adhesif-reparation-desmurs-2\\\/#primaryimage\"},\"thumbnailUrl\":\"https:\\\/\\\/iamindustries.com\\\/wp-content\\\/uploads\\\/2022\\\/01\\\/regular-patch-2.jpg\",\"datePublished\":\"2022-01-31T16:15:33+00:00\",\"dateModified\":\"2022-03-24T14:23:03+00:00\",\"breadcrumb\":{\"@id\":\"https:\\\/\\\/iamindustries.com\\\/fr\\\/produit\\\/patch-auto-adhesif-reparation-desmurs-2\\\/#breadcrumb\"},\"inLanguage\":\"fr-FR\",\"potentialAction\":[{\"@type\":\"ReadAction\",\"target\":[\"https:\\\/\\\/iamindustries.com\\\/fr\\\/produit\\\/patch-auto-adhesif-reparation-desmurs-2\\\/\"]}]},{\"@type\":\"ImageObject\",\"inLanguage\":\"fr-FR\",\"@id\":\"https:\\\/\\\/iamindustries.com\\\/fr\\\/produit\\\/patch-auto-adhesif-reparation-desmurs-2\\\/#primaryimage\",\"url\":\"https:\\\/\\\/iamindustries.com\\\/wp-content\\\/uploads\\\/2022\\\/01\\\/regular-patch-2.jpg\",\"contentUrl\":\"https:\\\/\\\/iamindustries.com\\\/wp-content\\\/uploads\\\/2022\\\/01\\\/regular-patch-2.jpg\",\"width\":960,\"height\":960},{\"@type\":\"BreadcrumbList\",\"@id\":\"https:\\\/\\\/iamindustries.com\\\/fr\\\/produit\\\/patch-auto-adhesif-reparation-desmurs-2\\\/#breadcrumb\",\"itemListElement\":[{\"@type\":\"ListItem\",\"position\":1,\"name\":\"Home\",\"item\":\"https:\\\/\\\/iamindustries.com\\\/fr\\\/accueil\\\/\"},{\"@type\":\"ListItem\",\"position\":2,\"name\":\"Achetez\",\"item\":\"https:\\\/\\\/iamindustries.com\\\/fr\\\/achetez\\\/\"},{\"@type\":\"ListItem\",\"position\":3,\"name\":\"Patch Auto Adh\u00e9sif, R\u00e9paration des Murs\"}]},{\"@type\":\"WebSite\",\"@id\":\"https:\\\/\\\/iamindustries.com\\\/#website\",\"url\":\"https:\\\/\\\/iamindustries.com\\\/\",\"name\":\"IAM Industries\",\"description\":\"Develop products that meet and exceed customer needs. That our product are made under the most stringent quality standards. \",\"publisher\":{\"@id\":\"https:\\\/\\\/iamindustries.com\\\/#organization\"},\"potentialAction\":[{\"@type\":\"SearchAction\",\"target\":{\"@type\":\"EntryPoint\",\"urlTemplate\":\"https:\\\/\\\/iamindustries.com\\\/?s={search_term_string}\"},\"query-input\":{\"@type\":\"PropertyValueSpecification\",\"valueRequired\":true,\"valueName\":\"search_term_string\"}}],\"inLanguage\":\"fr-FR\"},{\"@type\":\"Organization\",\"@id\":\"https:\\\/\\\/iamindustries.com\\\/#organization\",\"name\":\"IAM Industries\",\"url\":\"https:\\\/\\\/iamindustries.com\\\/\",\"logo\":{\"@type\":\"ImageObject\",\"inLanguage\":\"fr-FR\",\"@id\":\"https:\\\/\\\/iamindustries.com\\\/#\\\/schema\\\/logo\\\/image\\\/\",\"url\":\"https:\\\/\\\/iamindustries.com\\\/wp-content\\\/uploads\\\/2022\\\/03\\\/cropped-favicon-iam.png\",\"contentUrl\":\"https:\\\/\\\/iamindustries.com\\\/wp-content\\\/uploads\\\/2022\\\/03\\\/cropped-favicon-iam.png\",\"width\":512,\"height\":512,\"caption\":\"IAM Industries\"},\"image\":{\"@id\":\"https:\\\/\\\/iamindustries.com\\\/#\\\/schema\\\/logo\\\/image\\\/\"}}]}<\/script>\n<!-- \/ Yoast SEO plugin. -->","yoast_head_json":{"title":"Patch Auto Adh\u00e9sif, R\u00e9paration des Murs - IAM Industries","robots":{"index":"index","follow":"follow","max-snippet":"max-snippet:-1","max-image-preview":"max-image-preview:large","max-video-preview":"max-video-preview:-1"},"canonical":"https:\/\/iamindustries.com\/fr\/produit\/patch-auto-adhesif-reparation-desmurs-2\/","og_locale":"fr_FR","og_type":"article","og_title":"Patch Auto Adh\u00e9sif, R\u00e9paration des Murs - IAM Industries","og_description":"Ces rustines auto-adh\u00e9sives constituent une solution rapide et id\u00e9ale pour r\u00e9parer les murs de votre maison, de votre bureau ou de votre magasin. Fabriqu\u00e9s en aluminium perfor\u00e9 qui ne rouille pas, ils permettent d'obtenir une finition lisse et impeccable. Disponible en trois tailles diff\u00e9rentes pour s'adapter \u00e0 vos besoins, il est facile \u00e0 d\u00e9couper pour s'adapter aux petits projets. R\u00e9parez les trous de n'importe quelle forme sans d\u00e9g\u00e2ts.   Poids (lb) Dimensions du Paquet (in)  4x4 Patch 0.04 5.31 x 5.69 x 0.05  6x6 Patch 0.06 7.25 x 7.69 x 0.05  8x8 Patch 0.11 9.5 x 10 x 0.05","og_url":"https:\/\/iamindustries.com\/fr\/produit\/patch-auto-adhesif-reparation-desmurs-2\/","og_site_name":"IAM Industries","article_modified_time":"2022-03-24T14:23:03+00:00","og_image":[{"width":960,"height":960,"url":"https:\/\/iamindustries.com\/wp-content\/uploads\/2022\/01\/regular-patch-2.jpg","type":"image\/jpeg"}],"twitter_card":"summary_large_image","schema":{"@context":"https:\/\/schema.org","@graph":[{"@type":"WebPage","@id":"https:\/\/iamindustries.com\/fr\/produit\/patch-auto-adhesif-reparation-desmurs-2\/","url":"https:\/\/iamindustries.com\/fr\/produit\/patch-auto-adhesif-reparation-desmurs-2\/","name":"Patch Auto Adh\u00e9sif, R\u00e9paration des Murs - IAM Industries","isPartOf":{"@id":"https:\/\/iamindustries.com\/#website"},"primaryImageOfPage":{"@id":"https:\/\/iamindustries.com\/fr\/produit\/patch-auto-adhesif-reparation-desmurs-2\/#primaryimage"},"image":{"@id":"https:\/\/iamindustries.com\/fr\/produit\/patch-auto-adhesif-reparation-desmurs-2\/#primaryimage"},"thumbnailUrl":"https:\/\/iamindustries.com\/wp-content\/uploads\/2022\/01\/regular-patch-2.jpg","datePublished":"2022-01-31T16:15:33+00:00","dateModified":"2022-03-24T14:23:03+00:00","breadcrumb":{"@id":"https:\/\/iamindustries.com\/fr\/produit\/patch-auto-adhesif-reparation-desmurs-2\/#breadcrumb"},"inLanguage":"fr-FR","potentialAction":[{"@type":"ReadAction","target":["https:\/\/iamindustries.com\/fr\/produit\/patch-auto-adhesif-reparation-desmurs-2\/"]}]},{"@type":"ImageObject","inLanguage":"fr-FR","@id":"https:\/\/iamindustries.com\/fr\/produit\/patch-auto-adhesif-reparation-desmurs-2\/#primaryimage","url":"https:\/\/iamindustries.com\/wp-content\/uploads\/2022\/01\/regular-patch-2.jpg","contentUrl":"https:\/\/iamindustries.com\/wp-content\/uploads\/2022\/01\/regular-patch-2.jpg","width":960,"height":960},{"@type":"BreadcrumbList","@id":"https:\/\/iamindustries.com\/fr\/produit\/patch-auto-adhesif-reparation-desmurs-2\/#breadcrumb","itemListElement":[{"@type":"ListItem","position":1,"name":"Home","item":"https:\/\/iamindustries.com\/fr\/accueil\/"},{"@type":"ListItem","position":2,"name":"Achetez","item":"https:\/\/iamindustries.com\/fr\/achetez\/"},{"@type":"ListItem","position":3,"name":"Patch Auto Adh\u00e9sif, R\u00e9paration des Murs"}]},{"@type":"WebSite","@id":"https:\/\/iamindustries.com\/#website","url":"https:\/\/iamindustries.com\/","name":"IAM Industries","description":"Develop products that meet and exceed customer needs. That our product are made under the most stringent quality standards. ","publisher":{"@id":"https:\/\/iamindustries.com\/#organization"},"potentialAction":[{"@type":"SearchAction","target":{"@type":"EntryPoint","urlTemplate":"https:\/\/iamindustries.com\/?s={search_term_string}"},"query-input":{"@type":"PropertyValueSpecification","valueRequired":true,"valueName":"search_term_string"}}],"inLanguage":"fr-FR"},{"@type":"Organization","@id":"https:\/\/iamindustries.com\/#organization","name":"IAM Industries","url":"https:\/\/iamindustries.com\/","logo":{"@type":"ImageObject","inLanguage":"fr-FR","@id":"https:\/\/iamindustries.com\/#\/schema\/logo\/image\/","url":"https:\/\/iamindustries.com\/wp-content\/uploads\/2022\/03\/cropped-favicon-iam.png","contentUrl":"https:\/\/iamindustries.com\/wp-content\/uploads\/2022\/03\/cropped-favicon-iam.png","width":512,"height":512,"caption":"IAM Industries"},"image":{"@id":"https:\/\/iamindustries.com\/#\/schema\/logo\/image\/"}}]}},"jetpack_sharing_enabled":true,"_links":{"self":[{"href":"https:\/\/iamindustries.com\/fr\/wp-json\/wp\/v2\/product\/1897","targetHints":{"allow":["GET"]}}],"collection":[{"href":"https:\/\/iamindustries.com\/fr\/wp-json\/wp\/v2\/product"}],"about":[{"href":"https:\/\/iamindustries.com\/fr\/wp-json\/wp\/v2\/types\/product"}],"wp:featuredmedia":[{"embeddable":true,"href":"https:\/\/iamindustries.com\/fr\/wp-json\/wp\/v2\/media\/1724"}],"wp:attachment":[{"href":"https:\/\/iamindustries.com\/fr\/wp-json\/wp\/v2\/media?parent=1897"}],"wp:term":[{"taxonomy":"product_brand","embeddable":true,"href":"https:\/\/iamindustries.com\/fr\/wp-json\/wp\/v2\/product_brand?post=1897"},{"taxonomy":"product_cat","embeddable":true,"href":"https:\/\/iamindustries.com\/fr\/wp-json\/wp\/v2\/product_cat?post=1897"},{"taxonomy":"product_tag","embeddable":true,"href":"https:\/\/iamindustries.com\/fr\/wp-json\/wp\/v2\/product_tag?post=1897"}],"curies":[{"name":"wp","href":"https:\/\/api.w.org\/{rel}","templated":true}]}}