{"id":1882,"date":"2022-01-31T16:15:33","date_gmt":"2022-01-31T16:15:33","guid":{"rendered":"https:\/\/iamindustries.com\/product\/patchen-metal-autoadhesif-repair-patch-2\/"},"modified":"2022-04-22T14:45:13","modified_gmt":"2022-04-22T14:45:13","slug":"patchen-metal-autoadhesif-repair-patch-2","status":"publish","type":"product","link":"https:\/\/iamindustries.com\/fr\/produit\/patchen-metal-autoadhesif-repair-patch-2\/","title":{"rendered":"Pack de Patchs en M\u00e9tal, R\u00e9paration des Murs"},"content":{"rendered":"<p><span style=\"font-weight: 400;\">Fabriqu\u00e9 en acier galvanis\u00e9 et renforc\u00e9 par une maille en fibre de verre, le patch pour travaux lourds est d&#8217;une r\u00e9sistance sup\u00e9rieure, id\u00e9ale pour une r\u00e9paration permanente sur les cloisons s\u00e8ches et le pl\u00e2tre. Ces rustines sont souvent utilis\u00e9es pour r\u00e9parer les murs et les plafonds endommag\u00e9s o\u00f9 des coups r\u00e9p\u00e9t\u00e9s peuvent se produire. <\/span><\/p>\n<p>&nbsp;<\/p>\n","protected":false},"excerpt":{"rendered":"<p class=\"p1\">DES MULTI-PACKS \u00c9CONOMIQUES \u00c0 EMBALLAGE R\u00c9DUIT: Fabriqu\u00e9 en acier galvanis\u00e9 et renforc\u00e9 par une maille en fibre de verre, le patch pour travaux lourds est d&#8217;une r\u00e9sistance sup\u00e9rieure, id\u00e9ale pour une r\u00e9paration permanente sur les cloisons s\u00e8ches et le pl\u00e2tre. Ces rustines sont souvent utilis\u00e9es pour r\u00e9parer les murs et les plafonds endommag\u00e9s o\u00f9 des coups r\u00e9p\u00e9t\u00e9s peuvent se produire.<\/p>\n<table>\n<tbody>\n<tr>\n<td width=\"258\"><\/td>\n<td width=\"144\">Poids (lb)<\/td>\n<td width=\"222\">Dimensions du Paquet (in)<\/td>\n<\/tr>\n<tr>\n<td width=\"258\">4\u00d74 HD Patch (5)<\/td>\n<td width=\"144\">0.39<\/td>\n<td width=\"222\">6.0 x 6.0 x 0.5<\/td>\n<\/tr>\n<tr>\n<td width=\"258\">4\u00d74 HD Patch (10)<\/td>\n<td width=\"144\">0.79<\/td>\n<td width=\"222\">6.0 x 6.0 x 0.5<\/td>\n<\/tr>\n<tr>\n<td width=\"258\">6\u00d76 HD Patch (5)<\/td>\n<td width=\"144\">0.84<\/td>\n<td width=\"222\">7.5 x 7.5 x 0.56<\/td>\n<\/tr>\n<tr>\n<td width=\"258\">6\u00d76 HD Patch (10)<\/td>\n<td width=\"144\">1.67<\/td>\n<td width=\"222\">7.5 x 7.5 x 0.56<\/td>\n<\/tr>\n<tr>\n<td width=\"258\">8\u00d78 HD Patch (5)<\/td>\n<td width=\"144\">1.47<\/td>\n<td width=\"222\">10.13 x 10 x 0.69<\/td>\n<\/tr>\n<tr>\n<td width=\"258\">8\u00d78 HD Patch (10)<\/td>\n<td width=\"144\">2.91<\/td>\n<td width=\"222\">10.13 x 10 x 0.69<\/td>\n<\/tr>\n<\/tbody>\n<\/table>\n","protected":false},"featured_media":1754,"template":"","meta":[],"product_brand":[],"product_cat":[116,133],"product_tag":[],"class_list":{"0":"post-1882","1":"product","2":"type-product","3":"status-publish","4":"has-post-thumbnail","6":"product_cat-homepage-products-fr","7":"product_cat-patch-en-metal-auto-adhesif","8":"pa_size-4x4-fr","9":"pa_size-6x6-fr","10":"pa_size-8x8-fr","12":"first","13":"instock","14":"taxable","15":"shipping-taxable","16":"purchasable","17":"product-type-variable"},"yoast_head":"<!-- This site is optimized with the Yoast SEO plugin v27.4 - https:\/\/yoast.com\/product\/yoast-seo-wordpress\/ -->\n<title>Pack de Patchs en M\u00e9tal, R\u00e9paration des Murs - IAM Industries<\/title>\n<meta name=\"robots\" content=\"index, follow, max-snippet:-1, max-image-preview:large, max-video-preview:-1\" \/>\n<link rel=\"canonical\" href=\"https:\/\/iamindustries.com\/fr\/produit\/patchen-metal-autoadhesif-repair-patch-2\/\" \/>\n<meta property=\"og:locale\" content=\"fr_FR\" \/>\n<meta property=\"og:type\" content=\"article\" \/>\n<meta property=\"og:title\" content=\"Pack de Patchs en M\u00e9tal, R\u00e9paration des Murs - IAM Industries\" \/>\n<meta property=\"og:description\" content=\"DES MULTI-PACKS \u00c9CONOMIQUES \u00c0 EMBALLAGE R\u00c9DUIT: Fabriqu\u00e9 en acier galvanis\u00e9 et renforc\u00e9 par une maille en fibre de verre, le patch pour travaux lourds est d&#039;une r\u00e9sistance sup\u00e9rieure, id\u00e9ale pour une r\u00e9paration permanente sur les cloisons s\u00e8ches et le pl\u00e2tre. Ces rustines sont souvent utilis\u00e9es pour r\u00e9parer les murs et les plafonds endommag\u00e9s o\u00f9 des coups r\u00e9p\u00e9t\u00e9s peuvent se produire.   Poids (lb) Dimensions du Paquet (in)  4\u00d74 HD Patch (5) 0.39 6.0 x 6.0 x 0.5  4\u00d74 HD Patch (10) 0.79 6.0 x 6.0 x 0.5  6\u00d76 HD Patch (5) 0.84 7.5 x 7.5 x 0.56  6\u00d76 HD Patch (10) 1.67 7.5 x 7.5 x 0.56  8\u00d78 HD Patch (5) 1.47 10.13 x 10 x 0.69  8\u00d78 HD Patch (10) 2.91 10.13 x 10 x 0.69\" \/>\n<meta property=\"og:url\" content=\"https:\/\/iamindustries.com\/fr\/produit\/patchen-metal-autoadhesif-repair-patch-2\/\" \/>\n<meta property=\"og:site_name\" content=\"IAM Industries\" \/>\n<meta property=\"article:modified_time\" content=\"2022-04-22T14:45:13+00:00\" \/>\n<meta property=\"og:image\" content=\"https:\/\/iamindustries.com\/wp-content\/uploads\/2022\/01\/heavyduty5pack.jpg\" \/>\n\t<meta property=\"og:image:width\" content=\"960\" \/>\n\t<meta property=\"og:image:height\" content=\"960\" \/>\n\t<meta property=\"og:image:type\" content=\"image\/jpeg\" \/>\n<meta name=\"twitter:card\" content=\"summary_large_image\" \/>\n<script type=\"application\/ld+json\" class=\"yoast-schema-graph\">{\"@context\":\"https:\\\/\\\/schema.org\",\"@graph\":[{\"@type\":\"WebPage\",\"@id\":\"https:\\\/\\\/iamindustries.com\\\/fr\\\/produit\\\/patchen-metal-autoadhesif-repair-patch-2\\\/\",\"url\":\"https:\\\/\\\/iamindustries.com\\\/fr\\\/produit\\\/patchen-metal-autoadhesif-repair-patch-2\\\/\",\"name\":\"Pack de Patchs en M\u00e9tal, R\u00e9paration des Murs - IAM Industries\",\"isPartOf\":{\"@id\":\"https:\\\/\\\/iamindustries.com\\\/#website\"},\"primaryImageOfPage\":{\"@id\":\"https:\\\/\\\/iamindustries.com\\\/fr\\\/produit\\\/patchen-metal-autoadhesif-repair-patch-2\\\/#primaryimage\"},\"image\":{\"@id\":\"https:\\\/\\\/iamindustries.com\\\/fr\\\/produit\\\/patchen-metal-autoadhesif-repair-patch-2\\\/#primaryimage\"},\"thumbnailUrl\":\"https:\\\/\\\/iamindustries.com\\\/wp-content\\\/uploads\\\/2022\\\/01\\\/heavyduty5pack.jpg\",\"datePublished\":\"2022-01-31T16:15:33+00:00\",\"dateModified\":\"2022-04-22T14:45:13+00:00\",\"breadcrumb\":{\"@id\":\"https:\\\/\\\/iamindustries.com\\\/fr\\\/produit\\\/patchen-metal-autoadhesif-repair-patch-2\\\/#breadcrumb\"},\"inLanguage\":\"fr-FR\",\"potentialAction\":[{\"@type\":\"ReadAction\",\"target\":[\"https:\\\/\\\/iamindustries.com\\\/fr\\\/produit\\\/patchen-metal-autoadhesif-repair-patch-2\\\/\"]}]},{\"@type\":\"ImageObject\",\"inLanguage\":\"fr-FR\",\"@id\":\"https:\\\/\\\/iamindustries.com\\\/fr\\\/produit\\\/patchen-metal-autoadhesif-repair-patch-2\\\/#primaryimage\",\"url\":\"https:\\\/\\\/iamindustries.com\\\/wp-content\\\/uploads\\\/2022\\\/01\\\/heavyduty5pack.jpg\",\"contentUrl\":\"https:\\\/\\\/iamindustries.com\\\/wp-content\\\/uploads\\\/2022\\\/01\\\/heavyduty5pack.jpg\",\"width\":960,\"height\":960},{\"@type\":\"BreadcrumbList\",\"@id\":\"https:\\\/\\\/iamindustries.com\\\/fr\\\/produit\\\/patchen-metal-autoadhesif-repair-patch-2\\\/#breadcrumb\",\"itemListElement\":[{\"@type\":\"ListItem\",\"position\":1,\"name\":\"Home\",\"item\":\"https:\\\/\\\/iamindustries.com\\\/fr\\\/accueil\\\/\"},{\"@type\":\"ListItem\",\"position\":2,\"name\":\"Achetez\",\"item\":\"https:\\\/\\\/iamindustries.com\\\/fr\\\/achetez\\\/\"},{\"@type\":\"ListItem\",\"position\":3,\"name\":\"Pack de Patchs en M\u00e9tal, R\u00e9paration des Murs\"}]},{\"@type\":\"WebSite\",\"@id\":\"https:\\\/\\\/iamindustries.com\\\/#website\",\"url\":\"https:\\\/\\\/iamindustries.com\\\/\",\"name\":\"IAM Industries\",\"description\":\"Develop products that meet and exceed customer needs. That our product are made under the most stringent quality standards. \",\"publisher\":{\"@id\":\"https:\\\/\\\/iamindustries.com\\\/#organization\"},\"potentialAction\":[{\"@type\":\"SearchAction\",\"target\":{\"@type\":\"EntryPoint\",\"urlTemplate\":\"https:\\\/\\\/iamindustries.com\\\/?s={search_term_string}\"},\"query-input\":{\"@type\":\"PropertyValueSpecification\",\"valueRequired\":true,\"valueName\":\"search_term_string\"}}],\"inLanguage\":\"fr-FR\"},{\"@type\":\"Organization\",\"@id\":\"https:\\\/\\\/iamindustries.com\\\/#organization\",\"name\":\"IAM Industries\",\"url\":\"https:\\\/\\\/iamindustries.com\\\/\",\"logo\":{\"@type\":\"ImageObject\",\"inLanguage\":\"fr-FR\",\"@id\":\"https:\\\/\\\/iamindustries.com\\\/#\\\/schema\\\/logo\\\/image\\\/\",\"url\":\"https:\\\/\\\/iamindustries.com\\\/wp-content\\\/uploads\\\/2022\\\/03\\\/cropped-favicon-iam.png\",\"contentUrl\":\"https:\\\/\\\/iamindustries.com\\\/wp-content\\\/uploads\\\/2022\\\/03\\\/cropped-favicon-iam.png\",\"width\":512,\"height\":512,\"caption\":\"IAM Industries\"},\"image\":{\"@id\":\"https:\\\/\\\/iamindustries.com\\\/#\\\/schema\\\/logo\\\/image\\\/\"}}]}<\/script>\n<!-- \/ Yoast SEO plugin. -->","yoast_head_json":{"title":"Pack de Patchs en M\u00e9tal, R\u00e9paration des Murs - IAM Industries","robots":{"index":"index","follow":"follow","max-snippet":"max-snippet:-1","max-image-preview":"max-image-preview:large","max-video-preview":"max-video-preview:-1"},"canonical":"https:\/\/iamindustries.com\/fr\/produit\/patchen-metal-autoadhesif-repair-patch-2\/","og_locale":"fr_FR","og_type":"article","og_title":"Pack de Patchs en M\u00e9tal, R\u00e9paration des Murs - IAM Industries","og_description":"DES MULTI-PACKS \u00c9CONOMIQUES \u00c0 EMBALLAGE R\u00c9DUIT: Fabriqu\u00e9 en acier galvanis\u00e9 et renforc\u00e9 par une maille en fibre de verre, le patch pour travaux lourds est d'une r\u00e9sistance sup\u00e9rieure, id\u00e9ale pour une r\u00e9paration permanente sur les cloisons s\u00e8ches et le pl\u00e2tre. Ces rustines sont souvent utilis\u00e9es pour r\u00e9parer les murs et les plafonds endommag\u00e9s o\u00f9 des coups r\u00e9p\u00e9t\u00e9s peuvent se produire.   Poids (lb) Dimensions du Paquet (in)  4\u00d74 HD Patch (5) 0.39 6.0 x 6.0 x 0.5  4\u00d74 HD Patch (10) 0.79 6.0 x 6.0 x 0.5  6\u00d76 HD Patch (5) 0.84 7.5 x 7.5 x 0.56  6\u00d76 HD Patch (10) 1.67 7.5 x 7.5 x 0.56  8\u00d78 HD Patch (5) 1.47 10.13 x 10 x 0.69  8\u00d78 HD Patch (10) 2.91 10.13 x 10 x 0.69","og_url":"https:\/\/iamindustries.com\/fr\/produit\/patchen-metal-autoadhesif-repair-patch-2\/","og_site_name":"IAM Industries","article_modified_time":"2022-04-22T14:45:13+00:00","og_image":[{"width":960,"height":960,"url":"https:\/\/iamindustries.com\/wp-content\/uploads\/2022\/01\/heavyduty5pack.jpg","type":"image\/jpeg"}],"twitter_card":"summary_large_image","schema":{"@context":"https:\/\/schema.org","@graph":[{"@type":"WebPage","@id":"https:\/\/iamindustries.com\/fr\/produit\/patchen-metal-autoadhesif-repair-patch-2\/","url":"https:\/\/iamindustries.com\/fr\/produit\/patchen-metal-autoadhesif-repair-patch-2\/","name":"Pack de Patchs en M\u00e9tal, R\u00e9paration des Murs - IAM Industries","isPartOf":{"@id":"https:\/\/iamindustries.com\/#website"},"primaryImageOfPage":{"@id":"https:\/\/iamindustries.com\/fr\/produit\/patchen-metal-autoadhesif-repair-patch-2\/#primaryimage"},"image":{"@id":"https:\/\/iamindustries.com\/fr\/produit\/patchen-metal-autoadhesif-repair-patch-2\/#primaryimage"},"thumbnailUrl":"https:\/\/iamindustries.com\/wp-content\/uploads\/2022\/01\/heavyduty5pack.jpg","datePublished":"2022-01-31T16:15:33+00:00","dateModified":"2022-04-22T14:45:13+00:00","breadcrumb":{"@id":"https:\/\/iamindustries.com\/fr\/produit\/patchen-metal-autoadhesif-repair-patch-2\/#breadcrumb"},"inLanguage":"fr-FR","potentialAction":[{"@type":"ReadAction","target":["https:\/\/iamindustries.com\/fr\/produit\/patchen-metal-autoadhesif-repair-patch-2\/"]}]},{"@type":"ImageObject","inLanguage":"fr-FR","@id":"https:\/\/iamindustries.com\/fr\/produit\/patchen-metal-autoadhesif-repair-patch-2\/#primaryimage","url":"https:\/\/iamindustries.com\/wp-content\/uploads\/2022\/01\/heavyduty5pack.jpg","contentUrl":"https:\/\/iamindustries.com\/wp-content\/uploads\/2022\/01\/heavyduty5pack.jpg","width":960,"height":960},{"@type":"BreadcrumbList","@id":"https:\/\/iamindustries.com\/fr\/produit\/patchen-metal-autoadhesif-repair-patch-2\/#breadcrumb","itemListElement":[{"@type":"ListItem","position":1,"name":"Home","item":"https:\/\/iamindustries.com\/fr\/accueil\/"},{"@type":"ListItem","position":2,"name":"Achetez","item":"https:\/\/iamindustries.com\/fr\/achetez\/"},{"@type":"ListItem","position":3,"name":"Pack de Patchs en M\u00e9tal, R\u00e9paration des Murs"}]},{"@type":"WebSite","@id":"https:\/\/iamindustries.com\/#website","url":"https:\/\/iamindustries.com\/","name":"IAM Industries","description":"Develop products that meet and exceed customer needs. That our product are made under the most stringent quality standards. ","publisher":{"@id":"https:\/\/iamindustries.com\/#organization"},"potentialAction":[{"@type":"SearchAction","target":{"@type":"EntryPoint","urlTemplate":"https:\/\/iamindustries.com\/?s={search_term_string}"},"query-input":{"@type":"PropertyValueSpecification","valueRequired":true,"valueName":"search_term_string"}}],"inLanguage":"fr-FR"},{"@type":"Organization","@id":"https:\/\/iamindustries.com\/#organization","name":"IAM Industries","url":"https:\/\/iamindustries.com\/","logo":{"@type":"ImageObject","inLanguage":"fr-FR","@id":"https:\/\/iamindustries.com\/#\/schema\/logo\/image\/","url":"https:\/\/iamindustries.com\/wp-content\/uploads\/2022\/03\/cropped-favicon-iam.png","contentUrl":"https:\/\/iamindustries.com\/wp-content\/uploads\/2022\/03\/cropped-favicon-iam.png","width":512,"height":512,"caption":"IAM Industries"},"image":{"@id":"https:\/\/iamindustries.com\/#\/schema\/logo\/image\/"}}]}},"jetpack_sharing_enabled":true,"_links":{"self":[{"href":"https:\/\/iamindustries.com\/fr\/wp-json\/wp\/v2\/product\/1882","targetHints":{"allow":["GET"]}}],"collection":[{"href":"https:\/\/iamindustries.com\/fr\/wp-json\/wp\/v2\/product"}],"about":[{"href":"https:\/\/iamindustries.com\/fr\/wp-json\/wp\/v2\/types\/product"}],"wp:featuredmedia":[{"embeddable":true,"href":"https:\/\/iamindustries.com\/fr\/wp-json\/wp\/v2\/media\/1754"}],"wp:attachment":[{"href":"https:\/\/iamindustries.com\/fr\/wp-json\/wp\/v2\/media?parent=1882"}],"wp:term":[{"taxonomy":"product_brand","embeddable":true,"href":"https:\/\/iamindustries.com\/fr\/wp-json\/wp\/v2\/product_brand?post=1882"},{"taxonomy":"product_cat","embeddable":true,"href":"https:\/\/iamindustries.com\/fr\/wp-json\/wp\/v2\/product_cat?post=1882"},{"taxonomy":"product_tag","embeddable":true,"href":"https:\/\/iamindustries.com\/fr\/wp-json\/wp\/v2\/product_tag?post=1882"}],"curies":[{"name":"wp","href":"https:\/\/api.w.org\/{rel}","templated":true}]}}