{"id":1868,"date":"2022-01-31T16:15:33","date_gmt":"2022-01-31T16:15:33","guid":{"rendered":"https:\/\/iamindustries.com\/product\/patch-enmetal-autoadhesif-reparation-desmurs-5-pack\/"},"modified":"2022-03-24T14:20:20","modified_gmt":"2022-03-24T14:20:20","slug":"patch-enmetal-autoadhesif-reparation-desmurs-5-pack","status":"publish","type":"product","link":"https:\/\/iamindustries.com\/fr\/produit\/patch-enmetal-autoadhesif-reparation-desmurs-5-pack\/","title":{"rendered":"Patch en M\u00e9tal, R\u00e9paration des Murs"},"content":{"rendered":"","protected":false},"excerpt":{"rendered":"<p class=\"p1\">Fabriqu\u00e9 en acier galvanis\u00e9 et renforc\u00e9 par une maille en fibre de verre, le patch pour travaux lourds est d&#8217;une r\u00e9sistance sup\u00e9rieure, id\u00e9ale pour une r\u00e9paration permanente sur les cloisons s\u00e8ches et le pl\u00e2tre. Ces rustines sont souvent utilis\u00e9es pour r\u00e9parer les murs et les plafonds endommag\u00e9s o\u00f9 des coups r\u00e9p\u00e9t\u00e9s peuvent se produire.<\/p>\n<table>\n<tbody>\n<tr>\n<td width=\"204\"><\/td>\n<td width=\"198\">Poids (lb)<\/td>\n<td width=\"222\">Dimensions du Paquet (in)<\/td>\n<\/tr>\n<tr>\n<td width=\"204\">4&#215;4 HD Patch<\/td>\n<td width=\"198\">0.08<\/td>\n<td width=\"222\">5.31 x 5.69 x 0.05<\/td>\n<\/tr>\n<tr>\n<td width=\"204\">6&#215;6 HD Patch<\/td>\n<td width=\"198\">0.17<\/td>\n<td width=\"222\">7.25 x 7.69 x 0.05<\/td>\n<\/tr>\n<tr>\n<td width=\"204\">8&#215;8 HD Patch<\/td>\n<td width=\"198\">0.29<\/td>\n<td width=\"222\">9.5 x 10 x 0.05<\/td>\n<\/tr>\n<\/tbody>\n<\/table>\n","protected":false},"featured_media":1748,"template":"","meta":[],"product_brand":[],"product_cat":[133],"product_tag":[],"class_list":{"0":"post-1868","1":"product","2":"type-product","3":"status-publish","4":"has-post-thumbnail","6":"product_cat-patch-en-metal-auto-adhesif","7":"pa_size-4x4-fr","8":"pa_size-6x6-fr","9":"pa_size-8x8-fr","11":"first","12":"instock","13":"taxable","14":"shipping-taxable","15":"purchasable","16":"product-type-variable"},"yoast_head":"<!-- This site is optimized with the Yoast SEO plugin v27.5 - https:\/\/yoast.com\/product\/yoast-seo-wordpress\/ -->\n<title>Patch en M\u00e9tal, R\u00e9paration des Murs - IAM Industries<\/title>\n<meta name=\"robots\" content=\"index, follow, max-snippet:-1, max-image-preview:large, max-video-preview:-1\" \/>\n<link rel=\"canonical\" href=\"https:\/\/iamindustries.com\/fr\/produit\/patch-enmetal-autoadhesif-reparation-desmurs-5-pack\/\" \/>\n<meta property=\"og:locale\" content=\"fr_FR\" \/>\n<meta property=\"og:type\" content=\"article\" \/>\n<meta property=\"og:title\" content=\"Patch en M\u00e9tal, R\u00e9paration des Murs - IAM Industries\" \/>\n<meta property=\"og:description\" content=\"Fabriqu\u00e9 en acier galvanis\u00e9 et renforc\u00e9 par une maille en fibre de verre, le patch pour travaux lourds est d&#039;une r\u00e9sistance sup\u00e9rieure, id\u00e9ale pour une r\u00e9paration permanente sur les cloisons s\u00e8ches et le pl\u00e2tre. Ces rustines sont souvent utilis\u00e9es pour r\u00e9parer les murs et les plafonds endommag\u00e9s o\u00f9 des coups r\u00e9p\u00e9t\u00e9s peuvent se produire.   Poids (lb) Dimensions du Paquet (in)  4x4 HD Patch 0.08 5.31 x 5.69 x 0.05  6x6 HD Patch 0.17 7.25 x 7.69 x 0.05  8x8 HD Patch 0.29 9.5 x 10 x 0.05\" \/>\n<meta property=\"og:url\" content=\"https:\/\/iamindustries.com\/fr\/produit\/patch-enmetal-autoadhesif-reparation-desmurs-5-pack\/\" \/>\n<meta property=\"og:site_name\" content=\"IAM Industries\" \/>\n<meta property=\"article:modified_time\" content=\"2022-03-24T14:20:20+00:00\" \/>\n<meta property=\"og:image\" content=\"https:\/\/iamindustries.com\/wp-content\/uploads\/2022\/01\/heavyduty-2.jpg\" \/>\n\t<meta property=\"og:image:width\" content=\"960\" \/>\n\t<meta property=\"og:image:height\" content=\"960\" \/>\n\t<meta property=\"og:image:type\" content=\"image\/jpeg\" \/>\n<meta name=\"twitter:card\" content=\"summary_large_image\" \/>\n<script type=\"application\/ld+json\" class=\"yoast-schema-graph\">{\"@context\":\"https:\\\/\\\/schema.org\",\"@graph\":[{\"@type\":\"WebPage\",\"@id\":\"https:\\\/\\\/iamindustries.com\\\/fr\\\/produit\\\/patch-enmetal-autoadhesif-reparation-desmurs-5-pack\\\/\",\"url\":\"https:\\\/\\\/iamindustries.com\\\/fr\\\/produit\\\/patch-enmetal-autoadhesif-reparation-desmurs-5-pack\\\/\",\"name\":\"Patch en M\u00e9tal, R\u00e9paration des Murs - IAM Industries\",\"isPartOf\":{\"@id\":\"https:\\\/\\\/iamindustries.com\\\/#website\"},\"primaryImageOfPage\":{\"@id\":\"https:\\\/\\\/iamindustries.com\\\/fr\\\/produit\\\/patch-enmetal-autoadhesif-reparation-desmurs-5-pack\\\/#primaryimage\"},\"image\":{\"@id\":\"https:\\\/\\\/iamindustries.com\\\/fr\\\/produit\\\/patch-enmetal-autoadhesif-reparation-desmurs-5-pack\\\/#primaryimage\"},\"thumbnailUrl\":\"https:\\\/\\\/iamindustries.com\\\/wp-content\\\/uploads\\\/2022\\\/01\\\/heavyduty-2.jpg\",\"datePublished\":\"2022-01-31T16:15:33+00:00\",\"dateModified\":\"2022-03-24T14:20:20+00:00\",\"breadcrumb\":{\"@id\":\"https:\\\/\\\/iamindustries.com\\\/fr\\\/produit\\\/patch-enmetal-autoadhesif-reparation-desmurs-5-pack\\\/#breadcrumb\"},\"inLanguage\":\"fr-FR\",\"potentialAction\":[{\"@type\":\"ReadAction\",\"target\":[\"https:\\\/\\\/iamindustries.com\\\/fr\\\/produit\\\/patch-enmetal-autoadhesif-reparation-desmurs-5-pack\\\/\"]}]},{\"@type\":\"ImageObject\",\"inLanguage\":\"fr-FR\",\"@id\":\"https:\\\/\\\/iamindustries.com\\\/fr\\\/produit\\\/patch-enmetal-autoadhesif-reparation-desmurs-5-pack\\\/#primaryimage\",\"url\":\"https:\\\/\\\/iamindustries.com\\\/wp-content\\\/uploads\\\/2022\\\/01\\\/heavyduty-2.jpg\",\"contentUrl\":\"https:\\\/\\\/iamindustries.com\\\/wp-content\\\/uploads\\\/2022\\\/01\\\/heavyduty-2.jpg\",\"width\":960,\"height\":960},{\"@type\":\"BreadcrumbList\",\"@id\":\"https:\\\/\\\/iamindustries.com\\\/fr\\\/produit\\\/patch-enmetal-autoadhesif-reparation-desmurs-5-pack\\\/#breadcrumb\",\"itemListElement\":[{\"@type\":\"ListItem\",\"position\":1,\"name\":\"Home\",\"item\":\"https:\\\/\\\/iamindustries.com\\\/fr\\\/accueil\\\/\"},{\"@type\":\"ListItem\",\"position\":2,\"name\":\"Achetez\",\"item\":\"https:\\\/\\\/iamindustries.com\\\/fr\\\/achetez\\\/\"},{\"@type\":\"ListItem\",\"position\":3,\"name\":\"Patch en M\u00e9tal, R\u00e9paration des Murs\"}]},{\"@type\":\"WebSite\",\"@id\":\"https:\\\/\\\/iamindustries.com\\\/#website\",\"url\":\"https:\\\/\\\/iamindustries.com\\\/\",\"name\":\"IAM Industries\",\"description\":\"Develop products that meet and exceed customer needs. That our product are made under the most stringent quality standards. \",\"publisher\":{\"@id\":\"https:\\\/\\\/iamindustries.com\\\/#organization\"},\"potentialAction\":[{\"@type\":\"SearchAction\",\"target\":{\"@type\":\"EntryPoint\",\"urlTemplate\":\"https:\\\/\\\/iamindustries.com\\\/?s={search_term_string}\"},\"query-input\":{\"@type\":\"PropertyValueSpecification\",\"valueRequired\":true,\"valueName\":\"search_term_string\"}}],\"inLanguage\":\"fr-FR\"},{\"@type\":\"Organization\",\"@id\":\"https:\\\/\\\/iamindustries.com\\\/#organization\",\"name\":\"IAM Industries\",\"url\":\"https:\\\/\\\/iamindustries.com\\\/\",\"logo\":{\"@type\":\"ImageObject\",\"inLanguage\":\"fr-FR\",\"@id\":\"https:\\\/\\\/iamindustries.com\\\/#\\\/schema\\\/logo\\\/image\\\/\",\"url\":\"https:\\\/\\\/iamindustries.com\\\/wp-content\\\/uploads\\\/2022\\\/03\\\/cropped-favicon-iam.png\",\"contentUrl\":\"https:\\\/\\\/iamindustries.com\\\/wp-content\\\/uploads\\\/2022\\\/03\\\/cropped-favicon-iam.png\",\"width\":512,\"height\":512,\"caption\":\"IAM Industries\"},\"image\":{\"@id\":\"https:\\\/\\\/iamindustries.com\\\/#\\\/schema\\\/logo\\\/image\\\/\"}}]}<\/script>\n<!-- \/ Yoast SEO plugin. -->","yoast_head_json":{"title":"Patch en M\u00e9tal, R\u00e9paration des Murs - IAM Industries","robots":{"index":"index","follow":"follow","max-snippet":"max-snippet:-1","max-image-preview":"max-image-preview:large","max-video-preview":"max-video-preview:-1"},"canonical":"https:\/\/iamindustries.com\/fr\/produit\/patch-enmetal-autoadhesif-reparation-desmurs-5-pack\/","og_locale":"fr_FR","og_type":"article","og_title":"Patch en M\u00e9tal, R\u00e9paration des Murs - IAM Industries","og_description":"Fabriqu\u00e9 en acier galvanis\u00e9 et renforc\u00e9 par une maille en fibre de verre, le patch pour travaux lourds est d'une r\u00e9sistance sup\u00e9rieure, id\u00e9ale pour une r\u00e9paration permanente sur les cloisons s\u00e8ches et le pl\u00e2tre. Ces rustines sont souvent utilis\u00e9es pour r\u00e9parer les murs et les plafonds endommag\u00e9s o\u00f9 des coups r\u00e9p\u00e9t\u00e9s peuvent se produire.   Poids (lb) Dimensions du Paquet (in)  4x4 HD Patch 0.08 5.31 x 5.69 x 0.05  6x6 HD Patch 0.17 7.25 x 7.69 x 0.05  8x8 HD Patch 0.29 9.5 x 10 x 0.05","og_url":"https:\/\/iamindustries.com\/fr\/produit\/patch-enmetal-autoadhesif-reparation-desmurs-5-pack\/","og_site_name":"IAM Industries","article_modified_time":"2022-03-24T14:20:20+00:00","og_image":[{"width":960,"height":960,"url":"https:\/\/iamindustries.com\/wp-content\/uploads\/2022\/01\/heavyduty-2.jpg","type":"image\/jpeg"}],"twitter_card":"summary_large_image","schema":{"@context":"https:\/\/schema.org","@graph":[{"@type":"WebPage","@id":"https:\/\/iamindustries.com\/fr\/produit\/patch-enmetal-autoadhesif-reparation-desmurs-5-pack\/","url":"https:\/\/iamindustries.com\/fr\/produit\/patch-enmetal-autoadhesif-reparation-desmurs-5-pack\/","name":"Patch en M\u00e9tal, R\u00e9paration des Murs - IAM Industries","isPartOf":{"@id":"https:\/\/iamindustries.com\/#website"},"primaryImageOfPage":{"@id":"https:\/\/iamindustries.com\/fr\/produit\/patch-enmetal-autoadhesif-reparation-desmurs-5-pack\/#primaryimage"},"image":{"@id":"https:\/\/iamindustries.com\/fr\/produit\/patch-enmetal-autoadhesif-reparation-desmurs-5-pack\/#primaryimage"},"thumbnailUrl":"https:\/\/iamindustries.com\/wp-content\/uploads\/2022\/01\/heavyduty-2.jpg","datePublished":"2022-01-31T16:15:33+00:00","dateModified":"2022-03-24T14:20:20+00:00","breadcrumb":{"@id":"https:\/\/iamindustries.com\/fr\/produit\/patch-enmetal-autoadhesif-reparation-desmurs-5-pack\/#breadcrumb"},"inLanguage":"fr-FR","potentialAction":[{"@type":"ReadAction","target":["https:\/\/iamindustries.com\/fr\/produit\/patch-enmetal-autoadhesif-reparation-desmurs-5-pack\/"]}]},{"@type":"ImageObject","inLanguage":"fr-FR","@id":"https:\/\/iamindustries.com\/fr\/produit\/patch-enmetal-autoadhesif-reparation-desmurs-5-pack\/#primaryimage","url":"https:\/\/iamindustries.com\/wp-content\/uploads\/2022\/01\/heavyduty-2.jpg","contentUrl":"https:\/\/iamindustries.com\/wp-content\/uploads\/2022\/01\/heavyduty-2.jpg","width":960,"height":960},{"@type":"BreadcrumbList","@id":"https:\/\/iamindustries.com\/fr\/produit\/patch-enmetal-autoadhesif-reparation-desmurs-5-pack\/#breadcrumb","itemListElement":[{"@type":"ListItem","position":1,"name":"Home","item":"https:\/\/iamindustries.com\/fr\/accueil\/"},{"@type":"ListItem","position":2,"name":"Achetez","item":"https:\/\/iamindustries.com\/fr\/achetez\/"},{"@type":"ListItem","position":3,"name":"Patch en M\u00e9tal, R\u00e9paration des Murs"}]},{"@type":"WebSite","@id":"https:\/\/iamindustries.com\/#website","url":"https:\/\/iamindustries.com\/","name":"IAM Industries","description":"Develop products that meet and exceed customer needs. That our product are made under the most stringent quality standards. ","publisher":{"@id":"https:\/\/iamindustries.com\/#organization"},"potentialAction":[{"@type":"SearchAction","target":{"@type":"EntryPoint","urlTemplate":"https:\/\/iamindustries.com\/?s={search_term_string}"},"query-input":{"@type":"PropertyValueSpecification","valueRequired":true,"valueName":"search_term_string"}}],"inLanguage":"fr-FR"},{"@type":"Organization","@id":"https:\/\/iamindustries.com\/#organization","name":"IAM Industries","url":"https:\/\/iamindustries.com\/","logo":{"@type":"ImageObject","inLanguage":"fr-FR","@id":"https:\/\/iamindustries.com\/#\/schema\/logo\/image\/","url":"https:\/\/iamindustries.com\/wp-content\/uploads\/2022\/03\/cropped-favicon-iam.png","contentUrl":"https:\/\/iamindustries.com\/wp-content\/uploads\/2022\/03\/cropped-favicon-iam.png","width":512,"height":512,"caption":"IAM Industries"},"image":{"@id":"https:\/\/iamindustries.com\/#\/schema\/logo\/image\/"}}]}},"jetpack_sharing_enabled":true,"_links":{"self":[{"href":"https:\/\/iamindustries.com\/fr\/wp-json\/wp\/v2\/product\/1868","targetHints":{"allow":["GET"]}}],"collection":[{"href":"https:\/\/iamindustries.com\/fr\/wp-json\/wp\/v2\/product"}],"about":[{"href":"https:\/\/iamindustries.com\/fr\/wp-json\/wp\/v2\/types\/product"}],"wp:featuredmedia":[{"embeddable":true,"href":"https:\/\/iamindustries.com\/fr\/wp-json\/wp\/v2\/media\/1748"}],"wp:attachment":[{"href":"https:\/\/iamindustries.com\/fr\/wp-json\/wp\/v2\/media?parent=1868"}],"wp:term":[{"taxonomy":"product_brand","embeddable":true,"href":"https:\/\/iamindustries.com\/fr\/wp-json\/wp\/v2\/product_brand?post=1868"},{"taxonomy":"product_cat","embeddable":true,"href":"https:\/\/iamindustries.com\/fr\/wp-json\/wp\/v2\/product_cat?post=1868"},{"taxonomy":"product_tag","embeddable":true,"href":"https:\/\/iamindustries.com\/fr\/wp-json\/wp\/v2\/product_tag?post=1868"}],"curies":[{"name":"wp","href":"https:\/\/api.w.org\/{rel}","templated":true}]}}