{"id":1860,"date":"2022-01-31T16:15:34","date_gmt":"2022-01-31T16:15:34","guid":{"rendered":"https:\/\/iamindustries.com\/product\/moustiquaires-fenetre-10-x-20-to-37\/"},"modified":"2022-04-04T16:24:37","modified_gmt":"2022-04-04T16:24:37","slug":"moustiquaires-fenetre-10-x-20-to-37","status":"publish","type":"product","link":"https:\/\/iamindustries.com\/fr\/produit\/moustiquaires-fenetre-10-x-20-to-37\/","title":{"rendered":"Fen\u00eatre Moustiquaire R\u00e9glable"},"content":{"rendered":"<ul>\n<li><span style=\"font-weight: 400;\">Id\u00e9ale pour les fen\u00eatres de votre maison, v\u00e9hicule r\u00e9cr\u00e9atif, chalet, bateau ou maison mobile. <\/span><\/li>\n<li><span style=\"font-weight: 400;\">Robuste moustiquaire en fibre de verre con\u00e7ue pour garder les insectes a l\u2019ext\u00e9rieur tout en permettant une ventilation naturelle. <\/span><\/li>\n<li><span style=\"font-weight: 400;\">La solution ultime pour cr\u00e9er une ventilation pour une vari\u00e9t\u00e9 de tailles de fen\u00eatres.<\/span><\/li>\n<li><span style=\"font-weight: 400;\">Disponibles en hauteur de 10, 15 ou 18 pouces et extensibles de 20 \u00e0 37 pouces de largeur. Dot\u00e9 d&#8217;un \u00e9cran en fibre de verre avec un cadre en aluminium durable.<\/span><\/li>\n<\/ul>\n","protected":false},"excerpt":{"rendered":"<p class=\"p1\">Les moustiquaires r\u00e9glables pour fen\u00eatres sont id\u00e9ales pour une utilisation dans une maison, un camping-car, une cabane, un bateau ou une maison mobile. Dot\u00e9es d&#8217;un \u00e9cran en fibre de verre et d&#8217;un cadre en aluminium durable, les moustiquaires de fen\u00eatre r\u00e9glables peuvent s&#8217;\u00e9tendre de 20 \u00e0 37 pouces de large et sont disponibles en 3 hauteurs (10, 15 et 18 pouces). Les moustiquaires de fen\u00eatre ajustables sont la solution ultime pour cr\u00e9er une ventilation pour une vari\u00e9t\u00e9 de tailles de fen\u00eatres.<\/p>\n<table>\n<tbody>\n<tr>\n<td width=\"204\"><\/td>\n<td width=\"198\">Poids (lb)<\/td>\n<td width=\"222\">Dimensions du Paquet (in)<\/td>\n<\/tr>\n<tr>\n<td width=\"204\">Fen\u00eatre 10&#8243;x 20&#8243; \u00e0 37&#8243;<\/td>\n<td width=\"198\">1.27<\/td>\n<td width=\"222\">20 x 10 x 1<\/td>\n<\/tr>\n<tr>\n<td width=\"204\">Fen\u00eatre 15&#8243; x 20&#8243; \u00e0 37&#8243;<\/td>\n<td width=\"198\">1.42<\/td>\n<td width=\"222\">20 x 15 x 1<\/td>\n<\/tr>\n<tr>\n<td width=\"204\">Fen\u00eatre 18&#8243; x 21&#8243; \u00e0 38&#8243;<\/td>\n<td width=\"198\">0.82<\/td>\n<td width=\"222\">20 x 18 x 1<\/td>\n<\/tr>\n<\/tbody>\n<\/table>\n","protected":false},"featured_media":1961,"template":"","meta":[],"product_brand":[],"product_cat":[125],"product_tag":[],"class_list":{"0":"post-1860","1":"product","2":"type-product","3":"status-publish","4":"has-post-thumbnail","6":"product_cat-fenetre-moustiquaire-reglable","7":"pa_size-10-x-20-to-37-fr","8":"pa_size-15-x-20-to-37-fr","10":"first","11":"instock","12":"featured","13":"taxable","14":"shipping-taxable","15":"purchasable","16":"product-type-variable"},"yoast_head":"<!-- This site is optimized with the Yoast SEO plugin v27.3 - https:\/\/yoast.com\/product\/yoast-seo-wordpress\/ -->\n<title>Fen\u00eatre Moustiquaire R\u00e9glable - IAM Industries<\/title>\n<meta name=\"robots\" content=\"index, follow, max-snippet:-1, max-image-preview:large, max-video-preview:-1\" \/>\n<link rel=\"canonical\" href=\"https:\/\/iamindustries.com\/fr\/produit\/moustiquaires-fenetre-10-x-20-to-37\/\" \/>\n<meta property=\"og:locale\" content=\"fr_FR\" \/>\n<meta property=\"og:type\" content=\"article\" \/>\n<meta property=\"og:title\" content=\"Fen\u00eatre Moustiquaire R\u00e9glable - IAM Industries\" \/>\n<meta property=\"og:description\" content=\"Les moustiquaires r\u00e9glables pour fen\u00eatres sont id\u00e9ales pour une utilisation dans une maison, un camping-car, une cabane, un bateau ou une maison mobile. Dot\u00e9es d&#039;un \u00e9cran en fibre de verre et d&#039;un cadre en aluminium durable, les moustiquaires de fen\u00eatre r\u00e9glables peuvent s&#039;\u00e9tendre de 20 \u00e0 37 pouces de large et sont disponibles en 3 hauteurs (10, 15 et 18 pouces). Les moustiquaires de fen\u00eatre ajustables sont la solution ultime pour cr\u00e9er une ventilation pour une vari\u00e9t\u00e9 de tailles de fen\u00eatres.      Poids (lb) Dimensions du Paquet (in)   Fen\u00eatre 10&quot;x 20&quot; \u00e0 37&quot; 1.27 20 x 10 x 1   Fen\u00eatre 15&quot; x 20&quot; \u00e0 37&quot; 1.42 20 x 15 x 1   Fen\u00eatre 18&quot; x 21&quot; \u00e0 38&quot; 0.82 20 x 18 x 1\" \/>\n<meta property=\"og:url\" content=\"https:\/\/iamindustries.com\/fr\/produit\/moustiquaires-fenetre-10-x-20-to-37\/\" \/>\n<meta property=\"og:site_name\" content=\"IAM Industries\" \/>\n<meta property=\"article:modified_time\" content=\"2022-04-04T16:24:37+00:00\" \/>\n<meta property=\"og:image\" content=\"https:\/\/iamindustries.com\/wp-content\/uploads\/2022\/01\/adjwindowscreen.jpg\" \/>\n\t<meta property=\"og:image:width\" content=\"960\" \/>\n\t<meta property=\"og:image:height\" content=\"960\" \/>\n\t<meta property=\"og:image:type\" content=\"image\/jpeg\" \/>\n<meta name=\"twitter:card\" content=\"summary_large_image\" \/>\n<script type=\"application\/ld+json\" class=\"yoast-schema-graph\">{\"@context\":\"https:\\\/\\\/schema.org\",\"@graph\":[{\"@type\":\"WebPage\",\"@id\":\"https:\\\/\\\/iamindustries.com\\\/fr\\\/produit\\\/moustiquaires-fenetre-10-x-20-to-37\\\/\",\"url\":\"https:\\\/\\\/iamindustries.com\\\/fr\\\/produit\\\/moustiquaires-fenetre-10-x-20-to-37\\\/\",\"name\":\"Fen\u00eatre Moustiquaire R\u00e9glable - IAM Industries\",\"isPartOf\":{\"@id\":\"https:\\\/\\\/iamindustries.com\\\/#website\"},\"primaryImageOfPage\":{\"@id\":\"https:\\\/\\\/iamindustries.com\\\/fr\\\/produit\\\/moustiquaires-fenetre-10-x-20-to-37\\\/#primaryimage\"},\"image\":{\"@id\":\"https:\\\/\\\/iamindustries.com\\\/fr\\\/produit\\\/moustiquaires-fenetre-10-x-20-to-37\\\/#primaryimage\"},\"thumbnailUrl\":\"https:\\\/\\\/iamindustries.com\\\/wp-content\\\/uploads\\\/2022\\\/01\\\/adjwindowscreen.jpg\",\"datePublished\":\"2022-01-31T16:15:34+00:00\",\"dateModified\":\"2022-04-04T16:24:37+00:00\",\"breadcrumb\":{\"@id\":\"https:\\\/\\\/iamindustries.com\\\/fr\\\/produit\\\/moustiquaires-fenetre-10-x-20-to-37\\\/#breadcrumb\"},\"inLanguage\":\"fr-FR\",\"potentialAction\":[{\"@type\":\"ReadAction\",\"target\":[\"https:\\\/\\\/iamindustries.com\\\/fr\\\/produit\\\/moustiquaires-fenetre-10-x-20-to-37\\\/\"]}]},{\"@type\":\"ImageObject\",\"inLanguage\":\"fr-FR\",\"@id\":\"https:\\\/\\\/iamindustries.com\\\/fr\\\/produit\\\/moustiquaires-fenetre-10-x-20-to-37\\\/#primaryimage\",\"url\":\"https:\\\/\\\/iamindustries.com\\\/wp-content\\\/uploads\\\/2022\\\/01\\\/adjwindowscreen.jpg\",\"contentUrl\":\"https:\\\/\\\/iamindustries.com\\\/wp-content\\\/uploads\\\/2022\\\/01\\\/adjwindowscreen.jpg\",\"width\":960,\"height\":960},{\"@type\":\"BreadcrumbList\",\"@id\":\"https:\\\/\\\/iamindustries.com\\\/fr\\\/produit\\\/moustiquaires-fenetre-10-x-20-to-37\\\/#breadcrumb\",\"itemListElement\":[{\"@type\":\"ListItem\",\"position\":1,\"name\":\"Home\",\"item\":\"https:\\\/\\\/iamindustries.com\\\/fr\\\/accueil\\\/\"},{\"@type\":\"ListItem\",\"position\":2,\"name\":\"Achetez\",\"item\":\"https:\\\/\\\/iamindustries.com\\\/fr\\\/achetez\\\/\"},{\"@type\":\"ListItem\",\"position\":3,\"name\":\"Fen\u00eatre Moustiquaire R\u00e9glable\"}]},{\"@type\":\"WebSite\",\"@id\":\"https:\\\/\\\/iamindustries.com\\\/#website\",\"url\":\"https:\\\/\\\/iamindustries.com\\\/\",\"name\":\"IAM Industries\",\"description\":\"Develop products that meet and exceed customer needs. That our product are made under the most stringent quality standards. \",\"publisher\":{\"@id\":\"https:\\\/\\\/iamindustries.com\\\/#organization\"},\"potentialAction\":[{\"@type\":\"SearchAction\",\"target\":{\"@type\":\"EntryPoint\",\"urlTemplate\":\"https:\\\/\\\/iamindustries.com\\\/?s={search_term_string}\"},\"query-input\":{\"@type\":\"PropertyValueSpecification\",\"valueRequired\":true,\"valueName\":\"search_term_string\"}}],\"inLanguage\":\"fr-FR\"},{\"@type\":\"Organization\",\"@id\":\"https:\\\/\\\/iamindustries.com\\\/#organization\",\"name\":\"IAM Industries\",\"url\":\"https:\\\/\\\/iamindustries.com\\\/\",\"logo\":{\"@type\":\"ImageObject\",\"inLanguage\":\"fr-FR\",\"@id\":\"https:\\\/\\\/iamindustries.com\\\/#\\\/schema\\\/logo\\\/image\\\/\",\"url\":\"https:\\\/\\\/iamindustries.com\\\/wp-content\\\/uploads\\\/2022\\\/03\\\/cropped-favicon-iam.png\",\"contentUrl\":\"https:\\\/\\\/iamindustries.com\\\/wp-content\\\/uploads\\\/2022\\\/03\\\/cropped-favicon-iam.png\",\"width\":512,\"height\":512,\"caption\":\"IAM Industries\"},\"image\":{\"@id\":\"https:\\\/\\\/iamindustries.com\\\/#\\\/schema\\\/logo\\\/image\\\/\"}}]}<\/script>\n<!-- \/ Yoast SEO plugin. -->","yoast_head_json":{"title":"Fen\u00eatre Moustiquaire R\u00e9glable - IAM Industries","robots":{"index":"index","follow":"follow","max-snippet":"max-snippet:-1","max-image-preview":"max-image-preview:large","max-video-preview":"max-video-preview:-1"},"canonical":"https:\/\/iamindustries.com\/fr\/produit\/moustiquaires-fenetre-10-x-20-to-37\/","og_locale":"fr_FR","og_type":"article","og_title":"Fen\u00eatre Moustiquaire R\u00e9glable - IAM Industries","og_description":"Les moustiquaires r\u00e9glables pour fen\u00eatres sont id\u00e9ales pour une utilisation dans une maison, un camping-car, une cabane, un bateau ou une maison mobile. Dot\u00e9es d'un \u00e9cran en fibre de verre et d'un cadre en aluminium durable, les moustiquaires de fen\u00eatre r\u00e9glables peuvent s'\u00e9tendre de 20 \u00e0 37 pouces de large et sont disponibles en 3 hauteurs (10, 15 et 18 pouces). Les moustiquaires de fen\u00eatre ajustables sont la solution ultime pour cr\u00e9er une ventilation pour une vari\u00e9t\u00e9 de tailles de fen\u00eatres.      Poids (lb) Dimensions du Paquet (in)   Fen\u00eatre 10\"x 20\" \u00e0 37\" 1.27 20 x 10 x 1   Fen\u00eatre 15\" x 20\" \u00e0 37\" 1.42 20 x 15 x 1   Fen\u00eatre 18\" x 21\" \u00e0 38\" 0.82 20 x 18 x 1","og_url":"https:\/\/iamindustries.com\/fr\/produit\/moustiquaires-fenetre-10-x-20-to-37\/","og_site_name":"IAM Industries","article_modified_time":"2022-04-04T16:24:37+00:00","og_image":[{"width":960,"height":960,"url":"https:\/\/iamindustries.com\/wp-content\/uploads\/2022\/01\/adjwindowscreen.jpg","type":"image\/jpeg"}],"twitter_card":"summary_large_image","schema":{"@context":"https:\/\/schema.org","@graph":[{"@type":"WebPage","@id":"https:\/\/iamindustries.com\/fr\/produit\/moustiquaires-fenetre-10-x-20-to-37\/","url":"https:\/\/iamindustries.com\/fr\/produit\/moustiquaires-fenetre-10-x-20-to-37\/","name":"Fen\u00eatre Moustiquaire R\u00e9glable - IAM Industries","isPartOf":{"@id":"https:\/\/iamindustries.com\/#website"},"primaryImageOfPage":{"@id":"https:\/\/iamindustries.com\/fr\/produit\/moustiquaires-fenetre-10-x-20-to-37\/#primaryimage"},"image":{"@id":"https:\/\/iamindustries.com\/fr\/produit\/moustiquaires-fenetre-10-x-20-to-37\/#primaryimage"},"thumbnailUrl":"https:\/\/iamindustries.com\/wp-content\/uploads\/2022\/01\/adjwindowscreen.jpg","datePublished":"2022-01-31T16:15:34+00:00","dateModified":"2022-04-04T16:24:37+00:00","breadcrumb":{"@id":"https:\/\/iamindustries.com\/fr\/produit\/moustiquaires-fenetre-10-x-20-to-37\/#breadcrumb"},"inLanguage":"fr-FR","potentialAction":[{"@type":"ReadAction","target":["https:\/\/iamindustries.com\/fr\/produit\/moustiquaires-fenetre-10-x-20-to-37\/"]}]},{"@type":"ImageObject","inLanguage":"fr-FR","@id":"https:\/\/iamindustries.com\/fr\/produit\/moustiquaires-fenetre-10-x-20-to-37\/#primaryimage","url":"https:\/\/iamindustries.com\/wp-content\/uploads\/2022\/01\/adjwindowscreen.jpg","contentUrl":"https:\/\/iamindustries.com\/wp-content\/uploads\/2022\/01\/adjwindowscreen.jpg","width":960,"height":960},{"@type":"BreadcrumbList","@id":"https:\/\/iamindustries.com\/fr\/produit\/moustiquaires-fenetre-10-x-20-to-37\/#breadcrumb","itemListElement":[{"@type":"ListItem","position":1,"name":"Home","item":"https:\/\/iamindustries.com\/fr\/accueil\/"},{"@type":"ListItem","position":2,"name":"Achetez","item":"https:\/\/iamindustries.com\/fr\/achetez\/"},{"@type":"ListItem","position":3,"name":"Fen\u00eatre Moustiquaire R\u00e9glable"}]},{"@type":"WebSite","@id":"https:\/\/iamindustries.com\/#website","url":"https:\/\/iamindustries.com\/","name":"IAM Industries","description":"Develop products that meet and exceed customer needs. That our product are made under the most stringent quality standards. ","publisher":{"@id":"https:\/\/iamindustries.com\/#organization"},"potentialAction":[{"@type":"SearchAction","target":{"@type":"EntryPoint","urlTemplate":"https:\/\/iamindustries.com\/?s={search_term_string}"},"query-input":{"@type":"PropertyValueSpecification","valueRequired":true,"valueName":"search_term_string"}}],"inLanguage":"fr-FR"},{"@type":"Organization","@id":"https:\/\/iamindustries.com\/#organization","name":"IAM Industries","url":"https:\/\/iamindustries.com\/","logo":{"@type":"ImageObject","inLanguage":"fr-FR","@id":"https:\/\/iamindustries.com\/#\/schema\/logo\/image\/","url":"https:\/\/iamindustries.com\/wp-content\/uploads\/2022\/03\/cropped-favicon-iam.png","contentUrl":"https:\/\/iamindustries.com\/wp-content\/uploads\/2022\/03\/cropped-favicon-iam.png","width":512,"height":512,"caption":"IAM Industries"},"image":{"@id":"https:\/\/iamindustries.com\/#\/schema\/logo\/image\/"}}]}},"jetpack_sharing_enabled":true,"_links":{"self":[{"href":"https:\/\/iamindustries.com\/fr\/wp-json\/wp\/v2\/product\/1860","targetHints":{"allow":["GET"]}}],"collection":[{"href":"https:\/\/iamindustries.com\/fr\/wp-json\/wp\/v2\/product"}],"about":[{"href":"https:\/\/iamindustries.com\/fr\/wp-json\/wp\/v2\/types\/product"}],"wp:featuredmedia":[{"embeddable":true,"href":"https:\/\/iamindustries.com\/fr\/wp-json\/wp\/v2\/media\/1961"}],"wp:attachment":[{"href":"https:\/\/iamindustries.com\/fr\/wp-json\/wp\/v2\/media?parent=1860"}],"wp:term":[{"taxonomy":"product_brand","embeddable":true,"href":"https:\/\/iamindustries.com\/fr\/wp-json\/wp\/v2\/product_brand?post=1860"},{"taxonomy":"product_cat","embeddable":true,"href":"https:\/\/iamindustries.com\/fr\/wp-json\/wp\/v2\/product_cat?post=1860"},{"taxonomy":"product_tag","embeddable":true,"href":"https:\/\/iamindustries.com\/fr\/wp-json\/wp\/v2\/product_tag?post=1860"}],"curies":[{"name":"wp","href":"https:\/\/api.w.org\/{rel}","templated":true}]}}