{"id":1843,"date":"2022-01-31T16:15:34","date_gmt":"2022-01-31T16:15:34","guid":{"rendered":"https:\/\/iamindustries.com\/product\/grille-metallique\/"},"modified":"2022-06-07T16:50:17","modified_gmt":"2022-06-07T16:50:17","slug":"grille-metallique","status":"publish","type":"product","link":"https:\/\/iamindustries.com\/fr\/produit\/grille-metallique\/","title":{"rendered":"Grille Metallique de Fenetre ou de Contre-Porte"},"content":{"rendered":"<p><span style=\"font-weight: 400;\">Avec un cadre solide sans entretien et des mailles rivet\u00e9es, cette grille assure la s\u00e9curit\u00e9 des enfants. S&#8217;installe rapidement &#8211; vis incluses. <\/span><\/p>\n","protected":false},"excerpt":{"rendered":"<p><span style=\"font-weight: 400;\">Les grilles d&#8217;IAM Industries sont les meilleures du march\u00e9, nous le savons car nous avons effectu\u00e9 les tests pour le prouver! Dot\u00e9es d&#8217;une maille en acier haute performance et d&#8217;un rev\u00eatement en poudre pour \u00e9viter la rouille, nos grilles de porte sont id\u00e9ales pour prot\u00e9ger les \u00e9crans contre les dommages caus\u00e9s par les enfants ou les animaux domestiques, et offrent une s\u00e9curit\u00e9 suppl\u00e9mentaire \u00e0 vos contre-portes.<\/span><\/p>\n<p>Poids: 4 lbs<\/p>\n<p>Dimensions du Packet: 24.5 x 34.25 x 0.125 in<\/p>\n","protected":false},"featured_media":1669,"template":"","meta":[],"product_brand":[],"product_cat":[118],"product_tag":[],"class_list":{"0":"post-1843","1":"product","2":"type-product","3":"status-publish","4":"has-post-thumbnail","6":"product_cat-grille-metallique-de-fenetre-ou-de-contre-porte","7":"product_shipping_class-door-grille","9":"first","10":"instock","11":"taxable","12":"shipping-taxable","13":"purchasable","14":"product-type-variable"},"yoast_head":"<!-- This site is optimized with the Yoast SEO plugin v27.4 - https:\/\/yoast.com\/product\/yoast-seo-wordpress\/ -->\n<title>Grille Metallique de Fenetre ou de Contre-Porte - IAM Industries<\/title>\n<meta name=\"robots\" content=\"index, follow, max-snippet:-1, max-image-preview:large, max-video-preview:-1\" \/>\n<link rel=\"canonical\" href=\"https:\/\/iamindustries.com\/fr\/produit\/grille-metallique\/\" \/>\n<meta property=\"og:locale\" content=\"fr_FR\" \/>\n<meta property=\"og:type\" content=\"article\" \/>\n<meta property=\"og:title\" content=\"Grille Metallique de Fenetre ou de Contre-Porte - IAM Industries\" \/>\n<meta property=\"og:description\" content=\"Les grilles d&#039;IAM Industries sont les meilleures du march\u00e9, nous le savons car nous avons effectu\u00e9 les tests pour le prouver! Dot\u00e9es d&#039;une maille en acier haute performance et d&#039;un rev\u00eatement en poudre pour \u00e9viter la rouille, nos grilles de porte sont id\u00e9ales pour prot\u00e9ger les \u00e9crans contre les dommages caus\u00e9s par les enfants ou les animaux domestiques, et offrent une s\u00e9curit\u00e9 suppl\u00e9mentaire \u00e0 vos contre-portes. Poids: 4 lbs Dimensions du Packet: 24.5 x 34.25 x 0.125 in\" \/>\n<meta property=\"og:url\" content=\"https:\/\/iamindustries.com\/fr\/produit\/grille-metallique\/\" \/>\n<meta property=\"og:site_name\" content=\"IAM Industries\" \/>\n<meta property=\"article:modified_time\" content=\"2022-06-07T16:50:17+00:00\" \/>\n<meta property=\"og:image\" content=\"https:\/\/iamindustries.com\/wp-content\/uploads\/2022\/01\/doorgrillemill.jpg\" \/>\n\t<meta property=\"og:image:width\" content=\"960\" \/>\n\t<meta property=\"og:image:height\" content=\"960\" \/>\n\t<meta property=\"og:image:type\" content=\"image\/jpeg\" \/>\n<meta name=\"twitter:card\" content=\"summary_large_image\" \/>\n<script type=\"application\/ld+json\" class=\"yoast-schema-graph\">{\"@context\":\"https:\\\/\\\/schema.org\",\"@graph\":[{\"@type\":\"WebPage\",\"@id\":\"https:\\\/\\\/iamindustries.com\\\/fr\\\/produit\\\/grille-metallique\\\/\",\"url\":\"https:\\\/\\\/iamindustries.com\\\/fr\\\/produit\\\/grille-metallique\\\/\",\"name\":\"Grille Metallique de Fenetre ou de Contre-Porte - IAM Industries\",\"isPartOf\":{\"@id\":\"https:\\\/\\\/iamindustries.com\\\/#website\"},\"primaryImageOfPage\":{\"@id\":\"https:\\\/\\\/iamindustries.com\\\/fr\\\/produit\\\/grille-metallique\\\/#primaryimage\"},\"image\":{\"@id\":\"https:\\\/\\\/iamindustries.com\\\/fr\\\/produit\\\/grille-metallique\\\/#primaryimage\"},\"thumbnailUrl\":\"https:\\\/\\\/iamindustries.com\\\/wp-content\\\/uploads\\\/2022\\\/01\\\/doorgrillemill.jpg\",\"datePublished\":\"2022-01-31T16:15:34+00:00\",\"dateModified\":\"2022-06-07T16:50:17+00:00\",\"breadcrumb\":{\"@id\":\"https:\\\/\\\/iamindustries.com\\\/fr\\\/produit\\\/grille-metallique\\\/#breadcrumb\"},\"inLanguage\":\"fr-FR\",\"potentialAction\":[{\"@type\":\"ReadAction\",\"target\":[\"https:\\\/\\\/iamindustries.com\\\/fr\\\/produit\\\/grille-metallique\\\/\"]}]},{\"@type\":\"ImageObject\",\"inLanguage\":\"fr-FR\",\"@id\":\"https:\\\/\\\/iamindustries.com\\\/fr\\\/produit\\\/grille-metallique\\\/#primaryimage\",\"url\":\"https:\\\/\\\/iamindustries.com\\\/wp-content\\\/uploads\\\/2022\\\/01\\\/doorgrillemill.jpg\",\"contentUrl\":\"https:\\\/\\\/iamindustries.com\\\/wp-content\\\/uploads\\\/2022\\\/01\\\/doorgrillemill.jpg\",\"width\":960,\"height\":960},{\"@type\":\"BreadcrumbList\",\"@id\":\"https:\\\/\\\/iamindustries.com\\\/fr\\\/produit\\\/grille-metallique\\\/#breadcrumb\",\"itemListElement\":[{\"@type\":\"ListItem\",\"position\":1,\"name\":\"Home\",\"item\":\"https:\\\/\\\/iamindustries.com\\\/fr\\\/accueil\\\/\"},{\"@type\":\"ListItem\",\"position\":2,\"name\":\"Achetez\",\"item\":\"https:\\\/\\\/iamindustries.com\\\/fr\\\/achetez\\\/\"},{\"@type\":\"ListItem\",\"position\":3,\"name\":\"Grille Metallique de Fenetre ou de Contre-Porte\"}]},{\"@type\":\"WebSite\",\"@id\":\"https:\\\/\\\/iamindustries.com\\\/#website\",\"url\":\"https:\\\/\\\/iamindustries.com\\\/\",\"name\":\"IAM Industries\",\"description\":\"Develop products that meet and exceed customer needs. That our product are made under the most stringent quality standards. \",\"publisher\":{\"@id\":\"https:\\\/\\\/iamindustries.com\\\/#organization\"},\"potentialAction\":[{\"@type\":\"SearchAction\",\"target\":{\"@type\":\"EntryPoint\",\"urlTemplate\":\"https:\\\/\\\/iamindustries.com\\\/?s={search_term_string}\"},\"query-input\":{\"@type\":\"PropertyValueSpecification\",\"valueRequired\":true,\"valueName\":\"search_term_string\"}}],\"inLanguage\":\"fr-FR\"},{\"@type\":\"Organization\",\"@id\":\"https:\\\/\\\/iamindustries.com\\\/#organization\",\"name\":\"IAM Industries\",\"url\":\"https:\\\/\\\/iamindustries.com\\\/\",\"logo\":{\"@type\":\"ImageObject\",\"inLanguage\":\"fr-FR\",\"@id\":\"https:\\\/\\\/iamindustries.com\\\/#\\\/schema\\\/logo\\\/image\\\/\",\"url\":\"https:\\\/\\\/iamindustries.com\\\/wp-content\\\/uploads\\\/2022\\\/03\\\/cropped-favicon-iam.png\",\"contentUrl\":\"https:\\\/\\\/iamindustries.com\\\/wp-content\\\/uploads\\\/2022\\\/03\\\/cropped-favicon-iam.png\",\"width\":512,\"height\":512,\"caption\":\"IAM Industries\"},\"image\":{\"@id\":\"https:\\\/\\\/iamindustries.com\\\/#\\\/schema\\\/logo\\\/image\\\/\"}}]}<\/script>\n<!-- \/ Yoast SEO plugin. -->","yoast_head_json":{"title":"Grille Metallique de Fenetre ou de Contre-Porte - IAM Industries","robots":{"index":"index","follow":"follow","max-snippet":"max-snippet:-1","max-image-preview":"max-image-preview:large","max-video-preview":"max-video-preview:-1"},"canonical":"https:\/\/iamindustries.com\/fr\/produit\/grille-metallique\/","og_locale":"fr_FR","og_type":"article","og_title":"Grille Metallique de Fenetre ou de Contre-Porte - IAM Industries","og_description":"Les grilles d'IAM Industries sont les meilleures du march\u00e9, nous le savons car nous avons effectu\u00e9 les tests pour le prouver! Dot\u00e9es d'une maille en acier haute performance et d'un rev\u00eatement en poudre pour \u00e9viter la rouille, nos grilles de porte sont id\u00e9ales pour prot\u00e9ger les \u00e9crans contre les dommages caus\u00e9s par les enfants ou les animaux domestiques, et offrent une s\u00e9curit\u00e9 suppl\u00e9mentaire \u00e0 vos contre-portes. Poids: 4 lbs Dimensions du Packet: 24.5 x 34.25 x 0.125 in","og_url":"https:\/\/iamindustries.com\/fr\/produit\/grille-metallique\/","og_site_name":"IAM Industries","article_modified_time":"2022-06-07T16:50:17+00:00","og_image":[{"width":960,"height":960,"url":"https:\/\/iamindustries.com\/wp-content\/uploads\/2022\/01\/doorgrillemill.jpg","type":"image\/jpeg"}],"twitter_card":"summary_large_image","schema":{"@context":"https:\/\/schema.org","@graph":[{"@type":"WebPage","@id":"https:\/\/iamindustries.com\/fr\/produit\/grille-metallique\/","url":"https:\/\/iamindustries.com\/fr\/produit\/grille-metallique\/","name":"Grille Metallique de Fenetre ou de Contre-Porte - IAM Industries","isPartOf":{"@id":"https:\/\/iamindustries.com\/#website"},"primaryImageOfPage":{"@id":"https:\/\/iamindustries.com\/fr\/produit\/grille-metallique\/#primaryimage"},"image":{"@id":"https:\/\/iamindustries.com\/fr\/produit\/grille-metallique\/#primaryimage"},"thumbnailUrl":"https:\/\/iamindustries.com\/wp-content\/uploads\/2022\/01\/doorgrillemill.jpg","datePublished":"2022-01-31T16:15:34+00:00","dateModified":"2022-06-07T16:50:17+00:00","breadcrumb":{"@id":"https:\/\/iamindustries.com\/fr\/produit\/grille-metallique\/#breadcrumb"},"inLanguage":"fr-FR","potentialAction":[{"@type":"ReadAction","target":["https:\/\/iamindustries.com\/fr\/produit\/grille-metallique\/"]}]},{"@type":"ImageObject","inLanguage":"fr-FR","@id":"https:\/\/iamindustries.com\/fr\/produit\/grille-metallique\/#primaryimage","url":"https:\/\/iamindustries.com\/wp-content\/uploads\/2022\/01\/doorgrillemill.jpg","contentUrl":"https:\/\/iamindustries.com\/wp-content\/uploads\/2022\/01\/doorgrillemill.jpg","width":960,"height":960},{"@type":"BreadcrumbList","@id":"https:\/\/iamindustries.com\/fr\/produit\/grille-metallique\/#breadcrumb","itemListElement":[{"@type":"ListItem","position":1,"name":"Home","item":"https:\/\/iamindustries.com\/fr\/accueil\/"},{"@type":"ListItem","position":2,"name":"Achetez","item":"https:\/\/iamindustries.com\/fr\/achetez\/"},{"@type":"ListItem","position":3,"name":"Grille Metallique de Fenetre ou de Contre-Porte"}]},{"@type":"WebSite","@id":"https:\/\/iamindustries.com\/#website","url":"https:\/\/iamindustries.com\/","name":"IAM Industries","description":"Develop products that meet and exceed customer needs. That our product are made under the most stringent quality standards. ","publisher":{"@id":"https:\/\/iamindustries.com\/#organization"},"potentialAction":[{"@type":"SearchAction","target":{"@type":"EntryPoint","urlTemplate":"https:\/\/iamindustries.com\/?s={search_term_string}"},"query-input":{"@type":"PropertyValueSpecification","valueRequired":true,"valueName":"search_term_string"}}],"inLanguage":"fr-FR"},{"@type":"Organization","@id":"https:\/\/iamindustries.com\/#organization","name":"IAM Industries","url":"https:\/\/iamindustries.com\/","logo":{"@type":"ImageObject","inLanguage":"fr-FR","@id":"https:\/\/iamindustries.com\/#\/schema\/logo\/image\/","url":"https:\/\/iamindustries.com\/wp-content\/uploads\/2022\/03\/cropped-favicon-iam.png","contentUrl":"https:\/\/iamindustries.com\/wp-content\/uploads\/2022\/03\/cropped-favicon-iam.png","width":512,"height":512,"caption":"IAM Industries"},"image":{"@id":"https:\/\/iamindustries.com\/#\/schema\/logo\/image\/"}}]}},"jetpack_sharing_enabled":true,"_links":{"self":[{"href":"https:\/\/iamindustries.com\/fr\/wp-json\/wp\/v2\/product\/1843","targetHints":{"allow":["GET"]}}],"collection":[{"href":"https:\/\/iamindustries.com\/fr\/wp-json\/wp\/v2\/product"}],"about":[{"href":"https:\/\/iamindustries.com\/fr\/wp-json\/wp\/v2\/types\/product"}],"wp:featuredmedia":[{"embeddable":true,"href":"https:\/\/iamindustries.com\/fr\/wp-json\/wp\/v2\/media\/1669"}],"wp:attachment":[{"href":"https:\/\/iamindustries.com\/fr\/wp-json\/wp\/v2\/media?parent=1843"}],"wp:term":[{"taxonomy":"product_brand","embeddable":true,"href":"https:\/\/iamindustries.com\/fr\/wp-json\/wp\/v2\/product_brand?post=1843"},{"taxonomy":"product_cat","embeddable":true,"href":"https:\/\/iamindustries.com\/fr\/wp-json\/wp\/v2\/product_cat?post=1843"},{"taxonomy":"product_tag","embeddable":true,"href":"https:\/\/iamindustries.com\/fr\/wp-json\/wp\/v2\/product_tag?post=1843"}],"curies":[{"name":"wp","href":"https:\/\/api.w.org\/{rel}","templated":true}]}}