{"id":1823,"date":"2022-01-31T16:15:34","date_gmt":"2022-01-31T16:15:34","guid":{"rendered":"https:\/\/iamindustries.com\/product\/ensemble-de-cadre\/"},"modified":"2022-06-07T17:00:57","modified_gmt":"2022-06-07T17:00:57","slug":"ensemble-de-cadre","status":"publish","type":"product","link":"https:\/\/iamindustries.com\/fr\/produit\/ensemble-de-cadre\/","title":{"rendered":"Ensemble de Cadre Moustiquaire"},"content":{"rendered":"<p><span style=\"font-weight: 400;\">L&#8217;ensemble inclut: <\/span><\/p>\n<ul>\n<li><span style=\"font-weight: 400;\">4 cadres en aluminium<\/span><\/li>\n<li><span style=\"font-weight: 400;\">4 connecteurs de coin<\/span><\/li>\n<li><span style=\"font-weight: 400;\">1 bourrelet<\/span><\/li>\n<li><span style=\"font-weight: 400;\">2 languettes de tirage<\/span><\/li>\n<li><span style=\"font-weight: 400;\">2 ressorts de coin<\/span><\/li>\n<\/ul>\n","protected":false},"excerpt":{"rendered":"<p><span style=\"font-weight: 400;\">R\u00e9alisez votre propre cadre pour une fen\u00eatre ou une porte avec ce kit de cadre facile \u00e0 utiliser. L&#8217;aluminium peut \u00eatre coup\u00e9 \u00e0 la longueur voulue et ne rouille pas. Excellent produit DIY pour les usages r\u00e9sidentiels et commerciaux. <\/span><\/p>\n<table>\n<tbody>\n<tr>\n<td width=\"204\"><\/td>\n<td width=\"198\">Poids (lb)<\/td>\n<td width=\"222\">Dimensions du Paquet (in)<\/td>\n<\/tr>\n<tr>\n<td width=\"204\">Ensemble de Cadre 36&#8243;<\/td>\n<td width=\"198\">0.65<\/td>\n<td width=\"222\">3.25 x 35 x 0.75<\/td>\n<\/tr>\n<tr>\n<td width=\"204\">Ensemble de Cadre 48&#8243;<\/td>\n<td width=\"198\">0.87<\/td>\n<td width=\"222\">3.25 x 47 x 0.75<\/td>\n<\/tr>\n<tr>\n<td width=\"204\">Ensemble de Cadre 60&#8243;<\/td>\n<td width=\"198\">1.12<\/td>\n<td width=\"222\">3.25 x 59 x 0.75<\/td>\n<\/tr>\n<\/tbody>\n<\/table>\n<p>&nbsp;<\/p>\n","protected":false},"featured_media":1672,"template":"","meta":[],"product_brand":[],"product_cat":[108],"product_tag":[],"class_list":{"0":"post-1823","1":"product","2":"type-product","3":"status-publish","4":"has-post-thumbnail","6":"product_cat-ensemble-de-cadre-moustiquaire","7":"product_shipping_class-large-product","8":"pa_size-36-fr","9":"pa_size-48-fr","10":"pa_size-60-fr","12":"first","13":"instock","14":"taxable","15":"shipping-taxable","16":"purchasable","17":"product-type-variable"},"yoast_head":"<!-- This site is optimized with the Yoast SEO plugin v27.4 - https:\/\/yoast.com\/product\/yoast-seo-wordpress\/ -->\n<title>Ensemble de Cadre Moustiquaire - IAM Industries<\/title>\n<meta name=\"robots\" content=\"index, follow, max-snippet:-1, max-image-preview:large, max-video-preview:-1\" \/>\n<link rel=\"canonical\" href=\"https:\/\/iamindustries.com\/fr\/produit\/ensemble-de-cadre\/\" \/>\n<meta property=\"og:locale\" content=\"fr_FR\" \/>\n<meta property=\"og:type\" content=\"article\" \/>\n<meta property=\"og:title\" content=\"Ensemble de Cadre Moustiquaire - IAM Industries\" \/>\n<meta property=\"og:description\" content=\"R\u00e9alisez votre propre cadre pour une fen\u00eatre ou une porte avec ce kit de cadre facile \u00e0 utiliser. L&#039;aluminium peut \u00eatre coup\u00e9 \u00e0 la longueur voulue et ne rouille pas. Excellent produit DIY pour les usages r\u00e9sidentiels et commerciaux.   Poids (lb) Dimensions du Paquet (in)  Ensemble de Cadre 36&quot; 0.65 3.25 x 35 x 0.75  Ensemble de Cadre 48&quot; 0.87 3.25 x 47 x 0.75  Ensemble de Cadre 60&quot; 1.12 3.25 x 59 x 0.75  &nbsp;\" \/>\n<meta property=\"og:url\" content=\"https:\/\/iamindustries.com\/fr\/produit\/ensemble-de-cadre\/\" \/>\n<meta property=\"og:site_name\" content=\"IAM Industries\" \/>\n<meta property=\"article:modified_time\" content=\"2022-06-07T17:00:57+00:00\" \/>\n<meta property=\"og:image\" content=\"https:\/\/iamindustries.com\/wp-content\/uploads\/2022\/01\/screenframekit.jpg\" \/>\n\t<meta property=\"og:image:width\" content=\"960\" \/>\n\t<meta property=\"og:image:height\" content=\"960\" \/>\n\t<meta property=\"og:image:type\" content=\"image\/jpeg\" \/>\n<meta name=\"twitter:card\" content=\"summary_large_image\" \/>\n<script type=\"application\/ld+json\" class=\"yoast-schema-graph\">{\"@context\":\"https:\\\/\\\/schema.org\",\"@graph\":[{\"@type\":\"WebPage\",\"@id\":\"https:\\\/\\\/iamindustries.com\\\/fr\\\/produit\\\/ensemble-de-cadre\\\/\",\"url\":\"https:\\\/\\\/iamindustries.com\\\/fr\\\/produit\\\/ensemble-de-cadre\\\/\",\"name\":\"Ensemble de Cadre Moustiquaire - IAM Industries\",\"isPartOf\":{\"@id\":\"https:\\\/\\\/iamindustries.com\\\/#website\"},\"primaryImageOfPage\":{\"@id\":\"https:\\\/\\\/iamindustries.com\\\/fr\\\/produit\\\/ensemble-de-cadre\\\/#primaryimage\"},\"image\":{\"@id\":\"https:\\\/\\\/iamindustries.com\\\/fr\\\/produit\\\/ensemble-de-cadre\\\/#primaryimage\"},\"thumbnailUrl\":\"https:\\\/\\\/iamindustries.com\\\/wp-content\\\/uploads\\\/2022\\\/01\\\/screenframekit.jpg\",\"datePublished\":\"2022-01-31T16:15:34+00:00\",\"dateModified\":\"2022-06-07T17:00:57+00:00\",\"breadcrumb\":{\"@id\":\"https:\\\/\\\/iamindustries.com\\\/fr\\\/produit\\\/ensemble-de-cadre\\\/#breadcrumb\"},\"inLanguage\":\"fr-FR\",\"potentialAction\":[{\"@type\":\"ReadAction\",\"target\":[\"https:\\\/\\\/iamindustries.com\\\/fr\\\/produit\\\/ensemble-de-cadre\\\/\"]}]},{\"@type\":\"ImageObject\",\"inLanguage\":\"fr-FR\",\"@id\":\"https:\\\/\\\/iamindustries.com\\\/fr\\\/produit\\\/ensemble-de-cadre\\\/#primaryimage\",\"url\":\"https:\\\/\\\/iamindustries.com\\\/wp-content\\\/uploads\\\/2022\\\/01\\\/screenframekit.jpg\",\"contentUrl\":\"https:\\\/\\\/iamindustries.com\\\/wp-content\\\/uploads\\\/2022\\\/01\\\/screenframekit.jpg\",\"width\":960,\"height\":960},{\"@type\":\"BreadcrumbList\",\"@id\":\"https:\\\/\\\/iamindustries.com\\\/fr\\\/produit\\\/ensemble-de-cadre\\\/#breadcrumb\",\"itemListElement\":[{\"@type\":\"ListItem\",\"position\":1,\"name\":\"Home\",\"item\":\"https:\\\/\\\/iamindustries.com\\\/fr\\\/accueil\\\/\"},{\"@type\":\"ListItem\",\"position\":2,\"name\":\"Achetez\",\"item\":\"https:\\\/\\\/iamindustries.com\\\/fr\\\/achetez\\\/\"},{\"@type\":\"ListItem\",\"position\":3,\"name\":\"Ensemble de Cadre Moustiquaire\"}]},{\"@type\":\"WebSite\",\"@id\":\"https:\\\/\\\/iamindustries.com\\\/#website\",\"url\":\"https:\\\/\\\/iamindustries.com\\\/\",\"name\":\"IAM Industries\",\"description\":\"Develop products that meet and exceed customer needs. That our product are made under the most stringent quality standards. \",\"publisher\":{\"@id\":\"https:\\\/\\\/iamindustries.com\\\/#organization\"},\"potentialAction\":[{\"@type\":\"SearchAction\",\"target\":{\"@type\":\"EntryPoint\",\"urlTemplate\":\"https:\\\/\\\/iamindustries.com\\\/?s={search_term_string}\"},\"query-input\":{\"@type\":\"PropertyValueSpecification\",\"valueRequired\":true,\"valueName\":\"search_term_string\"}}],\"inLanguage\":\"fr-FR\"},{\"@type\":\"Organization\",\"@id\":\"https:\\\/\\\/iamindustries.com\\\/#organization\",\"name\":\"IAM Industries\",\"url\":\"https:\\\/\\\/iamindustries.com\\\/\",\"logo\":{\"@type\":\"ImageObject\",\"inLanguage\":\"fr-FR\",\"@id\":\"https:\\\/\\\/iamindustries.com\\\/#\\\/schema\\\/logo\\\/image\\\/\",\"url\":\"https:\\\/\\\/iamindustries.com\\\/wp-content\\\/uploads\\\/2022\\\/03\\\/cropped-favicon-iam.png\",\"contentUrl\":\"https:\\\/\\\/iamindustries.com\\\/wp-content\\\/uploads\\\/2022\\\/03\\\/cropped-favicon-iam.png\",\"width\":512,\"height\":512,\"caption\":\"IAM Industries\"},\"image\":{\"@id\":\"https:\\\/\\\/iamindustries.com\\\/#\\\/schema\\\/logo\\\/image\\\/\"}}]}<\/script>\n<!-- \/ Yoast SEO plugin. -->","yoast_head_json":{"title":"Ensemble de Cadre Moustiquaire - IAM Industries","robots":{"index":"index","follow":"follow","max-snippet":"max-snippet:-1","max-image-preview":"max-image-preview:large","max-video-preview":"max-video-preview:-1"},"canonical":"https:\/\/iamindustries.com\/fr\/produit\/ensemble-de-cadre\/","og_locale":"fr_FR","og_type":"article","og_title":"Ensemble de Cadre Moustiquaire - IAM Industries","og_description":"R\u00e9alisez votre propre cadre pour une fen\u00eatre ou une porte avec ce kit de cadre facile \u00e0 utiliser. L'aluminium peut \u00eatre coup\u00e9 \u00e0 la longueur voulue et ne rouille pas. Excellent produit DIY pour les usages r\u00e9sidentiels et commerciaux.   Poids (lb) Dimensions du Paquet (in)  Ensemble de Cadre 36\" 0.65 3.25 x 35 x 0.75  Ensemble de Cadre 48\" 0.87 3.25 x 47 x 0.75  Ensemble de Cadre 60\" 1.12 3.25 x 59 x 0.75  &nbsp;","og_url":"https:\/\/iamindustries.com\/fr\/produit\/ensemble-de-cadre\/","og_site_name":"IAM Industries","article_modified_time":"2022-06-07T17:00:57+00:00","og_image":[{"width":960,"height":960,"url":"https:\/\/iamindustries.com\/wp-content\/uploads\/2022\/01\/screenframekit.jpg","type":"image\/jpeg"}],"twitter_card":"summary_large_image","schema":{"@context":"https:\/\/schema.org","@graph":[{"@type":"WebPage","@id":"https:\/\/iamindustries.com\/fr\/produit\/ensemble-de-cadre\/","url":"https:\/\/iamindustries.com\/fr\/produit\/ensemble-de-cadre\/","name":"Ensemble de Cadre Moustiquaire - IAM Industries","isPartOf":{"@id":"https:\/\/iamindustries.com\/#website"},"primaryImageOfPage":{"@id":"https:\/\/iamindustries.com\/fr\/produit\/ensemble-de-cadre\/#primaryimage"},"image":{"@id":"https:\/\/iamindustries.com\/fr\/produit\/ensemble-de-cadre\/#primaryimage"},"thumbnailUrl":"https:\/\/iamindustries.com\/wp-content\/uploads\/2022\/01\/screenframekit.jpg","datePublished":"2022-01-31T16:15:34+00:00","dateModified":"2022-06-07T17:00:57+00:00","breadcrumb":{"@id":"https:\/\/iamindustries.com\/fr\/produit\/ensemble-de-cadre\/#breadcrumb"},"inLanguage":"fr-FR","potentialAction":[{"@type":"ReadAction","target":["https:\/\/iamindustries.com\/fr\/produit\/ensemble-de-cadre\/"]}]},{"@type":"ImageObject","inLanguage":"fr-FR","@id":"https:\/\/iamindustries.com\/fr\/produit\/ensemble-de-cadre\/#primaryimage","url":"https:\/\/iamindustries.com\/wp-content\/uploads\/2022\/01\/screenframekit.jpg","contentUrl":"https:\/\/iamindustries.com\/wp-content\/uploads\/2022\/01\/screenframekit.jpg","width":960,"height":960},{"@type":"BreadcrumbList","@id":"https:\/\/iamindustries.com\/fr\/produit\/ensemble-de-cadre\/#breadcrumb","itemListElement":[{"@type":"ListItem","position":1,"name":"Home","item":"https:\/\/iamindustries.com\/fr\/accueil\/"},{"@type":"ListItem","position":2,"name":"Achetez","item":"https:\/\/iamindustries.com\/fr\/achetez\/"},{"@type":"ListItem","position":3,"name":"Ensemble de Cadre Moustiquaire"}]},{"@type":"WebSite","@id":"https:\/\/iamindustries.com\/#website","url":"https:\/\/iamindustries.com\/","name":"IAM Industries","description":"Develop products that meet and exceed customer needs. That our product are made under the most stringent quality standards. ","publisher":{"@id":"https:\/\/iamindustries.com\/#organization"},"potentialAction":[{"@type":"SearchAction","target":{"@type":"EntryPoint","urlTemplate":"https:\/\/iamindustries.com\/?s={search_term_string}"},"query-input":{"@type":"PropertyValueSpecification","valueRequired":true,"valueName":"search_term_string"}}],"inLanguage":"fr-FR"},{"@type":"Organization","@id":"https:\/\/iamindustries.com\/#organization","name":"IAM Industries","url":"https:\/\/iamindustries.com\/","logo":{"@type":"ImageObject","inLanguage":"fr-FR","@id":"https:\/\/iamindustries.com\/#\/schema\/logo\/image\/","url":"https:\/\/iamindustries.com\/wp-content\/uploads\/2022\/03\/cropped-favicon-iam.png","contentUrl":"https:\/\/iamindustries.com\/wp-content\/uploads\/2022\/03\/cropped-favicon-iam.png","width":512,"height":512,"caption":"IAM Industries"},"image":{"@id":"https:\/\/iamindustries.com\/#\/schema\/logo\/image\/"}}]}},"jetpack_sharing_enabled":true,"_links":{"self":[{"href":"https:\/\/iamindustries.com\/fr\/wp-json\/wp\/v2\/product\/1823","targetHints":{"allow":["GET"]}}],"collection":[{"href":"https:\/\/iamindustries.com\/fr\/wp-json\/wp\/v2\/product"}],"about":[{"href":"https:\/\/iamindustries.com\/fr\/wp-json\/wp\/v2\/types\/product"}],"wp:featuredmedia":[{"embeddable":true,"href":"https:\/\/iamindustries.com\/fr\/wp-json\/wp\/v2\/media\/1672"}],"wp:attachment":[{"href":"https:\/\/iamindustries.com\/fr\/wp-json\/wp\/v2\/media?parent=1823"}],"wp:term":[{"taxonomy":"product_brand","embeddable":true,"href":"https:\/\/iamindustries.com\/fr\/wp-json\/wp\/v2\/product_brand?post=1823"},{"taxonomy":"product_cat","embeddable":true,"href":"https:\/\/iamindustries.com\/fr\/wp-json\/wp\/v2\/product_cat?post=1823"},{"taxonomy":"product_tag","embeddable":true,"href":"https:\/\/iamindustries.com\/fr\/wp-json\/wp\/v2\/product_tag?post=1823"}],"curies":[{"name":"wp","href":"https:\/\/api.w.org\/{rel}","templated":true}]}}