{"id":1582,"date":"2022-01-31T16:15:34","date_gmt":"2022-01-31T16:15:34","guid":{"rendered":"http:\/\/iamindustries.com\/iam-industries\/product\/grille-de-seau-de-5-gallons\/"},"modified":"2022-03-24T14:09:52","modified_gmt":"2022-03-24T14:09:52","slug":"grille-de-seau-de-5-gallons","status":"publish","type":"product","link":"https:\/\/iamindustries.com\/fr\/produit\/grille-de-seau-de-5-gallons\/","title":{"rendered":"Premium: Grille de Peinture"},"content":{"rendered":"<ul>\n<li><span style=\"font-weight: 400;\">S&#8217;adapte \u00e0 tous les seaux standard de 5 gallons. <\/span><\/li>\n<li><span style=\"font-weight: 400;\">Acier galvanis\u00e9 expans\u00e9 de haute qualit\u00e9. <\/span><\/li>\n<li><span style=\"font-weight: 400;\">Finition en poudre blanche. <\/span><\/li>\n<li><span style=\"font-weight: 400;\">Renforc\u00e9 sur tous les c\u00f4t\u00e9s. <\/span><\/li>\n<li><span style=\"font-weight: 400;\">R\u00e9utilisable et r\u00e9sistant aux solvants. <\/span><\/li>\n<\/ul>\n<p><span style=\"font-weight: 400;\">Enl\u00e8ve l&#8217;exc\u00e9dent de peinture des rouleaux de peinture. <\/span><\/p>\n","protected":false},"excerpt":{"rendered":"<p><span style=\"font-weight: 400;\">Le cadre en acier \u00e0 4 c\u00f4t\u00e9s de la grille \u00e0 godets est parfait pour les constructions lourdes. \u00c9vitez le d\u00e9sordre en peignant directement \u00e0 partir du seau. De cette fa\u00e7on, vous \u00e9liminez \u00e9galement le besoin d&#8217;autres \u00e9quipements tels que les doublures et les bacs \u00e0 peinture. La dur\u00e9e de vie de ce produit est longue, il est r\u00e9utilisable, r\u00e9sistant aux solvants et ne rouille pas.<\/span><\/p>\n<p>Poids: 0.4 lb<\/p>\n<p>Dimensions du Paquet: 12 x 10 x 2 in<\/p>\n<p>&nbsp;<\/p>\n<p>&nbsp;<\/p>\n","protected":false},"featured_media":1775,"template":"","meta":[],"product_brand":[],"product_cat":[97],"product_tag":[],"class_list":{"0":"post-1582","1":"product","2":"type-product","3":"status-publish","4":"has-post-thumbnail","6":"product_cat-grill-de-peinture","8":"first","9":"instock","10":"taxable","11":"shipping-taxable","12":"purchasable","13":"product-type-simple"},"yoast_head":"<!-- This site is optimized with the Yoast SEO plugin v27.4 - https:\/\/yoast.com\/product\/yoast-seo-wordpress\/ -->\n<title>Premium: Grille de Peinture - IAM Industries<\/title>\n<meta name=\"robots\" content=\"index, follow, max-snippet:-1, max-image-preview:large, max-video-preview:-1\" \/>\n<link rel=\"canonical\" href=\"https:\/\/iamindustries.com\/fr\/produit\/grille-de-seau-de-5-gallons\/\" \/>\n<meta property=\"og:locale\" content=\"fr_FR\" \/>\n<meta property=\"og:type\" content=\"article\" \/>\n<meta property=\"og:title\" content=\"Premium: Grille de Peinture - IAM Industries\" \/>\n<meta property=\"og:description\" content=\"Le cadre en acier \u00e0 4 c\u00f4t\u00e9s de la grille \u00e0 godets est parfait pour les constructions lourdes. \u00c9vitez le d\u00e9sordre en peignant directement \u00e0 partir du seau. De cette fa\u00e7on, vous \u00e9liminez \u00e9galement le besoin d&#039;autres \u00e9quipements tels que les doublures et les bacs \u00e0 peinture. La dur\u00e9e de vie de ce produit est longue, il est r\u00e9utilisable, r\u00e9sistant aux solvants et ne rouille pas. Poids: 0.4 lb Dimensions du Paquet: 12 x 10 x 2 in &nbsp; &nbsp;\" \/>\n<meta property=\"og:url\" content=\"https:\/\/iamindustries.com\/fr\/produit\/grille-de-seau-de-5-gallons\/\" \/>\n<meta property=\"og:site_name\" content=\"IAM Industries\" \/>\n<meta property=\"article:modified_time\" content=\"2022-03-24T14:09:52+00:00\" \/>\n<meta property=\"og:image\" content=\"https:\/\/iamindustries.com\/wp-content\/uploads\/2022\/01\/bucketgrid-1.jpg\" \/>\n\t<meta property=\"og:image:width\" content=\"960\" \/>\n\t<meta property=\"og:image:height\" content=\"960\" \/>\n\t<meta property=\"og:image:type\" content=\"image\/jpeg\" \/>\n<meta name=\"twitter:card\" content=\"summary_large_image\" \/>\n<script type=\"application\/ld+json\" class=\"yoast-schema-graph\">{\"@context\":\"https:\\\/\\\/schema.org\",\"@graph\":[{\"@type\":\"WebPage\",\"@id\":\"https:\\\/\\\/iamindustries.com\\\/fr\\\/produit\\\/grille-de-seau-de-5-gallons\\\/\",\"url\":\"https:\\\/\\\/iamindustries.com\\\/fr\\\/produit\\\/grille-de-seau-de-5-gallons\\\/\",\"name\":\"Premium: Grille de Peinture - IAM Industries\",\"isPartOf\":{\"@id\":\"https:\\\/\\\/iamindustries.com\\\/#website\"},\"primaryImageOfPage\":{\"@id\":\"https:\\\/\\\/iamindustries.com\\\/fr\\\/produit\\\/grille-de-seau-de-5-gallons\\\/#primaryimage\"},\"image\":{\"@id\":\"https:\\\/\\\/iamindustries.com\\\/fr\\\/produit\\\/grille-de-seau-de-5-gallons\\\/#primaryimage\"},\"thumbnailUrl\":\"https:\\\/\\\/iamindustries.com\\\/wp-content\\\/uploads\\\/2022\\\/01\\\/bucketgrid-1.jpg\",\"datePublished\":\"2022-01-31T16:15:34+00:00\",\"dateModified\":\"2022-03-24T14:09:52+00:00\",\"breadcrumb\":{\"@id\":\"https:\\\/\\\/iamindustries.com\\\/fr\\\/produit\\\/grille-de-seau-de-5-gallons\\\/#breadcrumb\"},\"inLanguage\":\"fr-FR\",\"potentialAction\":[{\"@type\":\"ReadAction\",\"target\":[\"https:\\\/\\\/iamindustries.com\\\/fr\\\/produit\\\/grille-de-seau-de-5-gallons\\\/\"]}]},{\"@type\":\"ImageObject\",\"inLanguage\":\"fr-FR\",\"@id\":\"https:\\\/\\\/iamindustries.com\\\/fr\\\/produit\\\/grille-de-seau-de-5-gallons\\\/#primaryimage\",\"url\":\"https:\\\/\\\/iamindustries.com\\\/wp-content\\\/uploads\\\/2022\\\/01\\\/bucketgrid-1.jpg\",\"contentUrl\":\"https:\\\/\\\/iamindustries.com\\\/wp-content\\\/uploads\\\/2022\\\/01\\\/bucketgrid-1.jpg\",\"width\":960,\"height\":960},{\"@type\":\"BreadcrumbList\",\"@id\":\"https:\\\/\\\/iamindustries.com\\\/fr\\\/produit\\\/grille-de-seau-de-5-gallons\\\/#breadcrumb\",\"itemListElement\":[{\"@type\":\"ListItem\",\"position\":1,\"name\":\"Home\",\"item\":\"https:\\\/\\\/iamindustries.com\\\/fr\\\/accueil\\\/\"},{\"@type\":\"ListItem\",\"position\":2,\"name\":\"Achetez\",\"item\":\"https:\\\/\\\/iamindustries.com\\\/fr\\\/achetez\\\/\"},{\"@type\":\"ListItem\",\"position\":3,\"name\":\"Premium: Grille de Peinture\"}]},{\"@type\":\"WebSite\",\"@id\":\"https:\\\/\\\/iamindustries.com\\\/#website\",\"url\":\"https:\\\/\\\/iamindustries.com\\\/\",\"name\":\"IAM Industries\",\"description\":\"Develop products that meet and exceed customer needs. That our product are made under the most stringent quality standards. \",\"publisher\":{\"@id\":\"https:\\\/\\\/iamindustries.com\\\/#organization\"},\"potentialAction\":[{\"@type\":\"SearchAction\",\"target\":{\"@type\":\"EntryPoint\",\"urlTemplate\":\"https:\\\/\\\/iamindustries.com\\\/?s={search_term_string}\"},\"query-input\":{\"@type\":\"PropertyValueSpecification\",\"valueRequired\":true,\"valueName\":\"search_term_string\"}}],\"inLanguage\":\"fr-FR\"},{\"@type\":\"Organization\",\"@id\":\"https:\\\/\\\/iamindustries.com\\\/#organization\",\"name\":\"IAM Industries\",\"url\":\"https:\\\/\\\/iamindustries.com\\\/\",\"logo\":{\"@type\":\"ImageObject\",\"inLanguage\":\"fr-FR\",\"@id\":\"https:\\\/\\\/iamindustries.com\\\/#\\\/schema\\\/logo\\\/image\\\/\",\"url\":\"https:\\\/\\\/iamindustries.com\\\/wp-content\\\/uploads\\\/2022\\\/03\\\/cropped-favicon-iam.png\",\"contentUrl\":\"https:\\\/\\\/iamindustries.com\\\/wp-content\\\/uploads\\\/2022\\\/03\\\/cropped-favicon-iam.png\",\"width\":512,\"height\":512,\"caption\":\"IAM Industries\"},\"image\":{\"@id\":\"https:\\\/\\\/iamindustries.com\\\/#\\\/schema\\\/logo\\\/image\\\/\"}}]}<\/script>\n<!-- \/ Yoast SEO plugin. -->","yoast_head_json":{"title":"Premium: Grille de Peinture - IAM Industries","robots":{"index":"index","follow":"follow","max-snippet":"max-snippet:-1","max-image-preview":"max-image-preview:large","max-video-preview":"max-video-preview:-1"},"canonical":"https:\/\/iamindustries.com\/fr\/produit\/grille-de-seau-de-5-gallons\/","og_locale":"fr_FR","og_type":"article","og_title":"Premium: Grille de Peinture - IAM Industries","og_description":"Le cadre en acier \u00e0 4 c\u00f4t\u00e9s de la grille \u00e0 godets est parfait pour les constructions lourdes. \u00c9vitez le d\u00e9sordre en peignant directement \u00e0 partir du seau. De cette fa\u00e7on, vous \u00e9liminez \u00e9galement le besoin d'autres \u00e9quipements tels que les doublures et les bacs \u00e0 peinture. La dur\u00e9e de vie de ce produit est longue, il est r\u00e9utilisable, r\u00e9sistant aux solvants et ne rouille pas. Poids: 0.4 lb Dimensions du Paquet: 12 x 10 x 2 in &nbsp; &nbsp;","og_url":"https:\/\/iamindustries.com\/fr\/produit\/grille-de-seau-de-5-gallons\/","og_site_name":"IAM Industries","article_modified_time":"2022-03-24T14:09:52+00:00","og_image":[{"width":960,"height":960,"url":"https:\/\/iamindustries.com\/wp-content\/uploads\/2022\/01\/bucketgrid-1.jpg","type":"image\/jpeg"}],"twitter_card":"summary_large_image","schema":{"@context":"https:\/\/schema.org","@graph":[{"@type":"WebPage","@id":"https:\/\/iamindustries.com\/fr\/produit\/grille-de-seau-de-5-gallons\/","url":"https:\/\/iamindustries.com\/fr\/produit\/grille-de-seau-de-5-gallons\/","name":"Premium: Grille de Peinture - IAM Industries","isPartOf":{"@id":"https:\/\/iamindustries.com\/#website"},"primaryImageOfPage":{"@id":"https:\/\/iamindustries.com\/fr\/produit\/grille-de-seau-de-5-gallons\/#primaryimage"},"image":{"@id":"https:\/\/iamindustries.com\/fr\/produit\/grille-de-seau-de-5-gallons\/#primaryimage"},"thumbnailUrl":"https:\/\/iamindustries.com\/wp-content\/uploads\/2022\/01\/bucketgrid-1.jpg","datePublished":"2022-01-31T16:15:34+00:00","dateModified":"2022-03-24T14:09:52+00:00","breadcrumb":{"@id":"https:\/\/iamindustries.com\/fr\/produit\/grille-de-seau-de-5-gallons\/#breadcrumb"},"inLanguage":"fr-FR","potentialAction":[{"@type":"ReadAction","target":["https:\/\/iamindustries.com\/fr\/produit\/grille-de-seau-de-5-gallons\/"]}]},{"@type":"ImageObject","inLanguage":"fr-FR","@id":"https:\/\/iamindustries.com\/fr\/produit\/grille-de-seau-de-5-gallons\/#primaryimage","url":"https:\/\/iamindustries.com\/wp-content\/uploads\/2022\/01\/bucketgrid-1.jpg","contentUrl":"https:\/\/iamindustries.com\/wp-content\/uploads\/2022\/01\/bucketgrid-1.jpg","width":960,"height":960},{"@type":"BreadcrumbList","@id":"https:\/\/iamindustries.com\/fr\/produit\/grille-de-seau-de-5-gallons\/#breadcrumb","itemListElement":[{"@type":"ListItem","position":1,"name":"Home","item":"https:\/\/iamindustries.com\/fr\/accueil\/"},{"@type":"ListItem","position":2,"name":"Achetez","item":"https:\/\/iamindustries.com\/fr\/achetez\/"},{"@type":"ListItem","position":3,"name":"Premium: Grille de Peinture"}]},{"@type":"WebSite","@id":"https:\/\/iamindustries.com\/#website","url":"https:\/\/iamindustries.com\/","name":"IAM Industries","description":"Develop products that meet and exceed customer needs. That our product are made under the most stringent quality standards. ","publisher":{"@id":"https:\/\/iamindustries.com\/#organization"},"potentialAction":[{"@type":"SearchAction","target":{"@type":"EntryPoint","urlTemplate":"https:\/\/iamindustries.com\/?s={search_term_string}"},"query-input":{"@type":"PropertyValueSpecification","valueRequired":true,"valueName":"search_term_string"}}],"inLanguage":"fr-FR"},{"@type":"Organization","@id":"https:\/\/iamindustries.com\/#organization","name":"IAM Industries","url":"https:\/\/iamindustries.com\/","logo":{"@type":"ImageObject","inLanguage":"fr-FR","@id":"https:\/\/iamindustries.com\/#\/schema\/logo\/image\/","url":"https:\/\/iamindustries.com\/wp-content\/uploads\/2022\/03\/cropped-favicon-iam.png","contentUrl":"https:\/\/iamindustries.com\/wp-content\/uploads\/2022\/03\/cropped-favicon-iam.png","width":512,"height":512,"caption":"IAM Industries"},"image":{"@id":"https:\/\/iamindustries.com\/#\/schema\/logo\/image\/"}}]}},"jetpack_sharing_enabled":true,"_links":{"self":[{"href":"https:\/\/iamindustries.com\/fr\/wp-json\/wp\/v2\/product\/1582","targetHints":{"allow":["GET"]}}],"collection":[{"href":"https:\/\/iamindustries.com\/fr\/wp-json\/wp\/v2\/product"}],"about":[{"href":"https:\/\/iamindustries.com\/fr\/wp-json\/wp\/v2\/types\/product"}],"wp:featuredmedia":[{"embeddable":true,"href":"https:\/\/iamindustries.com\/fr\/wp-json\/wp\/v2\/media\/1775"}],"wp:attachment":[{"href":"https:\/\/iamindustries.com\/fr\/wp-json\/wp\/v2\/media?parent=1582"}],"wp:term":[{"taxonomy":"product_brand","embeddable":true,"href":"https:\/\/iamindustries.com\/fr\/wp-json\/wp\/v2\/product_brand?post=1582"},{"taxonomy":"product_cat","embeddable":true,"href":"https:\/\/iamindustries.com\/fr\/wp-json\/wp\/v2\/product_cat?post=1582"},{"taxonomy":"product_tag","embeddable":true,"href":"https:\/\/iamindustries.com\/fr\/wp-json\/wp\/v2\/product_tag?post=1582"}],"curies":[{"name":"wp","href":"https:\/\/api.w.org\/{rel}","templated":true}]}}