{"id":2264,"date":"2022-03-15T14:05:47","date_gmt":"2022-03-15T14:05:47","guid":{"rendered":"https:\/\/iamindustries.com\/wholesale-aplication\/"},"modified":"2022-04-18T14:14:58","modified_gmt":"2022-04-18T14:14:58","slug":"wholesale-aplication","status":"publish","type":"page","link":"https:\/\/iamindustries.com\/fr\/wholesale-aplication\/","title":{"rendered":"Devenir Revendeur"},"content":{"rendered":"\t\t<div data-elementor-type=\"wp-page\" data-elementor-id=\"2264\" class=\"elementor elementor-2264 elementor-2139\">\n\t\t\t\t\t\t\t\t\t<section class=\"elementor-section elementor-top-section elementor-element elementor-element-7fb1a67 elementor-section-boxed elementor-section-height-default elementor-section-height-default\" data-id=\"7fb1a67\" data-element_type=\"section\">\n\t\t\t\t\t\t<div class=\"elementor-container elementor-column-gap-default\">\n\t\t\t\t\t<div class=\"elementor-column elementor-col-100 elementor-top-column elementor-element elementor-element-c747c94\" data-id=\"c747c94\" data-element_type=\"column\">\n\t\t\t<div class=\"elementor-widget-wrap elementor-element-populated\">\n\t\t\t\t\t\t\t\t<section class=\"elementor-section elementor-inner-section elementor-element elementor-element-7762364 elementor-section-boxed elementor-section-height-default elementor-section-height-default\" data-id=\"7762364\" data-element_type=\"section\">\n\t\t\t\t\t\t<div class=\"elementor-container elementor-column-gap-default\">\n\t\t\t\t\t<div class=\"elementor-column elementor-col-100 elementor-inner-column elementor-element elementor-element-8e2e4ad\" data-id=\"8e2e4ad\" data-element_type=\"column\">\n\t\t\t<div class=\"elementor-widget-wrap elementor-element-populated\">\n\t\t\t\t\t\t\t\t<div class=\"elementor-element elementor-element-7c6cd7b elementor-widget elementor-widget-heading\" data-id=\"7c6cd7b\" data-element_type=\"widget\" data-widget_type=\"heading.default\">\n\t\t\t\t<div class=\"elementor-widget-container\">\n\t\t\t<style>\/*! elementor - v3.13.3 - 28-05-2023 *\/\n.elementor-heading-title{padding:0;margin:0;line-height:1}.elementor-widget-heading .elementor-heading-title[class*=elementor-size-]>a{color:inherit;font-size:inherit;line-height:inherit}.elementor-widget-heading .elementor-heading-title.elementor-size-small{font-size:15px}.elementor-widget-heading .elementor-heading-title.elementor-size-medium{font-size:19px}.elementor-widget-heading .elementor-heading-title.elementor-size-large{font-size:29px}.elementor-widget-heading .elementor-heading-title.elementor-size-xl{font-size:39px}.elementor-widget-heading .elementor-heading-title.elementor-size-xxl{font-size:59px}<\/style><h2 class=\"elementor-heading-title elementor-size-default\">Devenir Revendeur<\/h2>\t\t<\/div>\n\t\t\t\t<\/div>\n\t\t\t\t<div class=\"elementor-element elementor-element-c62a7ae elementor-widget elementor-widget-text-editor\" data-id=\"c62a7ae\" data-element_type=\"widget\" data-widget_type=\"text-editor.default\">\n\t\t\t\t<div class=\"elementor-widget-container\">\n\t\t\t<style>\/*! elementor - v3.13.3 - 28-05-2023 *\/\n.elementor-widget-text-editor.elementor-drop-cap-view-stacked .elementor-drop-cap{background-color:#69727d;color:#fff}.elementor-widget-text-editor.elementor-drop-cap-view-framed .elementor-drop-cap{color:#69727d;border:3px solid;background-color:transparent}.elementor-widget-text-editor:not(.elementor-drop-cap-view-default) .elementor-drop-cap{margin-top:8px}.elementor-widget-text-editor:not(.elementor-drop-cap-view-default) .elementor-drop-cap-letter{width:1em;height:1em}.elementor-widget-text-editor .elementor-drop-cap{float:left;text-align:center;line-height:1;font-size:50px}.elementor-widget-text-editor .elementor-drop-cap-letter{display:inline-block}<\/style>\t\t\t\t<p><span style=\"font-weight: 400;\">Nous vous remercions de l&#8217;int\u00e9r\u00eat que vous portez \u00e0 la vente en gros. Veuillez remplir le formulaire de demande de vente en gros ci-dessous. Votre demande sera trait\u00e9e dans les meilleurs d\u00e9lais. Une fois votre demande approuv\u00e9e, nous vous enverrons les informations relatives \u00e0 votre compte de grossiste. <\/span><\/p><p>* Les champs marqu\u00e9s d&#8217;un ast\u00e9risque (*) sont obligatoires pour soumettre votre candidature.<\/p>\t\t\t\t\t\t<\/div>\n\t\t\t\t<\/div>\n\t\t\t\t<div class=\"elementor-element elementor-element-7d5e142 elementor-widget elementor-widget-shortcode\" data-id=\"7d5e142\" data-element_type=\"widget\" data-widget_type=\"shortcode.default\">\n\t\t\t\t<div class=\"elementor-widget-container\">\n\t\t\t\t\t<div class=\"elementor-shortcode\"><div role=\"form\" class=\"wpcf7\" id=\"wpcf7-f3242-o1\" lang=\"fr-FR\" dir=\"ltr\">\n<div class=\"screen-reader-response\"><p role=\"status\" aria-live=\"polite\" aria-atomic=\"true\"><\/p> <ul><\/ul><\/div>\n<form action=\"\/fr\/wp-json\/wp\/v2\/pages\/2264#wpcf7-f3242-o1\" method=\"post\" class=\"wpcf7-form init\" novalidate=\"novalidate\" data-status=\"init\">\n<div style=\"display: none;\">\n<input type=\"hidden\" name=\"_wpcf7\" value=\"3242\" \/>\n<input type=\"hidden\" name=\"_wpcf7_version\" value=\"5.6.4\" \/>\n<input type=\"hidden\" name=\"_wpcf7_locale\" value=\"fr_FR\" \/>\n<input type=\"hidden\" name=\"_wpcf7_unit_tag\" value=\"wpcf7-f3242-o1\" \/>\n<input type=\"hidden\" name=\"_wpcf7_container_post\" value=\"0\" \/>\n<input type=\"hidden\" name=\"_wpcf7_posted_data_hash\" value=\"\" \/>\n<input type=\"hidden\" name=\"_wpcf7_recaptcha_response\" value=\"\" \/>\n<\/div>\n<div style=\"width:100%\" class=\"form-contact\">\n<div style=\"width:50%; float: left; padding:10px;\">\n<h3>Informations de contact<\/h3>\n<p><span class=\"wpcf7-form-control-wrap\" data-name=\"your-name\"><input type=\"text\" name=\"your-name\" value=\"\" size=\"40\" class=\"wpcf7-form-control wpcf7-text wpcf7-validates-as-required\" aria-required=\"true\" aria-invalid=\"false\" placeholder=\"Nom complet *\" \/><\/span><br \/>\n<span class=\"wpcf7-form-control-wrap\" data-name=\"position\"><input type=\"text\" name=\"position\" value=\"\" size=\"40\" class=\"wpcf7-form-control wpcf7-text wpcf7-validates-as-required\" aria-required=\"true\" aria-invalid=\"false\" placeholder=\"Poste\/Titre *\" \/><\/span><br \/>\n<span class=\"wpcf7-form-control-wrap\" data-name=\"your-phone\"><input type=\"text\" name=\"your-phone\" value=\"\" size=\"40\" class=\"wpcf7-form-control wpcf7-text wpcf7-validates-as-required\" aria-required=\"true\" aria-invalid=\"false\" placeholder=\"T\u00e9l\u00e9phone du contact *\" \/><\/span><br \/>\n<span class=\"wpcf7-form-control-wrap\" data-name=\"your-email\"><input type=\"email\" name=\"your-email\" value=\"\" size=\"40\" class=\"wpcf7-form-control wpcf7-text wpcf7-email wpcf7-validates-as-required wpcf7-validates-as-email\" aria-required=\"true\" aria-invalid=\"false\" placeholder=\"Email *\" \/><\/span><\/p>\n<\/div>\n<div style=\"width:50%; float: left; padding:10px;\">\n<h3>Informations sur les entreprises<\/h3>\n<p><span class=\"wpcf7-form-control-wrap\" data-name=\"company-name\"><input type=\"text\" name=\"company-name\" value=\"\" size=\"40\" class=\"wpcf7-form-control wpcf7-text wpcf7-validates-as-required\" aria-required=\"true\" aria-invalid=\"false\" placeholder=\"Nom de la soci\u00e9t\u00e9 *\" \/><\/span><br \/>\n<span class=\"wpcf7-form-control-wrap\" data-name=\"ein\"><input type=\"text\" name=\"ein\" value=\"\" size=\"40\" class=\"wpcf7-form-control wpcf7-text wpcf7-validates-as-required\" aria-required=\"true\" aria-invalid=\"false\" placeholder=\"EIN *\" \/><\/span><br \/>\n<span class=\"wpcf7-form-control-wrap\" data-name=\"Address\"><input type=\"text\" name=\"Address\" value=\"\" size=\"40\" class=\"wpcf7-form-control wpcf7-text wpcf7-validates-as-required\" aria-required=\"true\" aria-invalid=\"false\" placeholder=\"Adresse *\" \/><\/span><br \/>\n<span class=\"wpcf7-form-control-wrap\" data-name=\"Phone\"><input type=\"text\" name=\"Phone\" value=\"\" size=\"40\" class=\"wpcf7-form-control wpcf7-text wpcf7-validates-as-required\" aria-required=\"true\" aria-invalid=\"false\" placeholder=\"T\u00e9l\u00e9phone *\" \/><\/span><br \/>\n<span class=\"wpcf7-form-control-wrap\" data-name=\"Website\"><input type=\"text\" name=\"Website\" value=\"\" size=\"40\" class=\"wpcf7-form-control wpcf7-text\" aria-invalid=\"false\" placeholder=\"URL du site web\" \/><\/span><br \/>\n<span class=\"wpcf7-form-control-wrap\" data-name=\"selling-platform\"><input type=\"text\" name=\"selling-platform\" value=\"\" size=\"40\" class=\"wpcf7-form-control wpcf7-text\" aria-invalid=\"false\" placeholder=\"Plate-forme de vente\" \/><\/span><br \/>\n<span class=\"wpcf7-form-control-wrap\" data-name=\"specific-interest\"><input type=\"text\" name=\"specific-interest\" value=\"\" size=\"40\" class=\"wpcf7-form-control wpcf7-text\" aria-invalid=\"false\" placeholder=\"Int\u00e9r\u00eats sp\u00e9cifiques\" \/><\/span>\n<\/p><\/div>\n<p><input type=\"submit\" value=\"SEND\" class=\"wpcf7-form-control has-spinner wpcf7-submit\" \/>\n<\/p><\/div>\n<p style=\"display: none !important;\"><label>&#916;<textarea name=\"_wpcf7_ak_hp_textarea\" cols=\"45\" rows=\"8\" maxlength=\"100\"><\/textarea><\/label><input type=\"hidden\" id=\"ak_js_1\" name=\"_wpcf7_ak_js\" value=\"27\"\/><script>document.getElementById( \"ak_js_1\" ).setAttribute( \"value\", ( new Date() ).getTime() );<\/script><\/p><div class=\"wpcf7-response-output\" aria-hidden=\"true\"><\/div><\/form><\/div><\/div>\n\t\t\t\t<\/div>\n\t\t\t\t<\/div>\n\t\t\t\t<div class=\"elementor-element elementor-element-db12bfe elementor-widget elementor-widget-text-editor\" data-id=\"db12bfe\" data-element_type=\"widget\" data-widget_type=\"text-editor.default\">\n\t\t\t\t<div class=\"elementor-widget-container\">\n\t\t\t\t\t\t\t\t\t\t\t\t\t<\/div>\n\t\t\t\t<\/div>\n\t\t\t\t\t<\/div>\n\t\t<\/div>\n\t\t\t\t\t\t\t<\/div>\n\t\t<\/section>\n\t\t\t\t\t<\/div>\n\t\t<\/div>\n\t\t\t\t\t\t\t<\/div>\n\t\t<\/section>\n\t\t\t\t\t\t\t<\/div>\n\t\t","protected":false},"excerpt":{"rendered":"<p>Devenir Revendeur Nous vous remercions de l&#8217;int\u00e9r\u00eat que vous portez \u00e0 la vente en gros. Veuillez remplir le formulaire de demande de vente en gros ci-dessous. Votre demande sera trait\u00e9e dans les meilleurs d\u00e9lais. Une fois votre demande approuv\u00e9e, nous vous enverrons les informations relatives \u00e0 votre compte de grossiste. * Les champs marqu\u00e9s d&#8217;un [&hellip;]<\/p>\n","protected":false},"author":1,"featured_media":0,"parent":0,"menu_order":0,"comment_status":"closed","ping_status":"closed","template":"elementor_header_footer","meta":{"footnotes":""},"class_list":["post-2264","page","type-page","status-publish","hentry"],"yoast_head":"<!-- This site is optimized with the Yoast SEO plugin v27.5 - https:\/\/yoast.com\/product\/yoast-seo-wordpress\/ -->\n<title>Devenir Revendeur - IAM Industries<\/title>\n<meta name=\"robots\" content=\"index, follow, max-snippet:-1, max-image-preview:large, max-video-preview:-1\" \/>\n<link rel=\"canonical\" href=\"https:\/\/iamindustries.com\/fr\/wholesale-aplication\/\" \/>\n<meta property=\"og:locale\" content=\"fr_FR\" \/>\n<meta property=\"og:type\" content=\"article\" \/>\n<meta property=\"og:title\" content=\"Devenir Revendeur - IAM Industries\" \/>\n<meta property=\"og:description\" content=\"Devenir Revendeur Nous vous remercions de l&#8217;int\u00e9r\u00eat que vous portez \u00e0 la vente en gros. Veuillez remplir le formulaire de demande de vente en gros ci-dessous. Votre demande sera trait\u00e9e dans les meilleurs d\u00e9lais. Une fois votre demande approuv\u00e9e, nous vous enverrons les informations relatives \u00e0 votre compte de grossiste. * Les champs marqu\u00e9s d&#8217;un [&hellip;]\" \/>\n<meta property=\"og:url\" content=\"https:\/\/iamindustries.com\/fr\/wholesale-aplication\/\" \/>\n<meta property=\"og:site_name\" content=\"IAM Industries\" \/>\n<meta property=\"article:modified_time\" content=\"2022-04-18T14:14:58+00:00\" \/>\n<meta name=\"twitter:card\" content=\"summary_large_image\" \/>\n<meta name=\"twitter:label1\" content=\"Dur\u00e9e de lecture estim\u00e9e\" \/>\n\t<meta name=\"twitter:data1\" content=\"1 minute\" \/>\n<script type=\"application\/ld+json\" class=\"yoast-schema-graph\">{\"@context\":\"https:\\\/\\\/schema.org\",\"@graph\":[{\"@type\":\"WebPage\",\"@id\":\"https:\\\/\\\/iamindustries.com\\\/fr\\\/wholesale-aplication\\\/\",\"url\":\"https:\\\/\\\/iamindustries.com\\\/fr\\\/wholesale-aplication\\\/\",\"name\":\"Devenir Revendeur - IAM Industries\",\"isPartOf\":{\"@id\":\"https:\\\/\\\/iamindustries.com\\\/#website\"},\"datePublished\":\"2022-03-15T14:05:47+00:00\",\"dateModified\":\"2022-04-18T14:14:58+00:00\",\"breadcrumb\":{\"@id\":\"https:\\\/\\\/iamindustries.com\\\/fr\\\/wholesale-aplication\\\/#breadcrumb\"},\"inLanguage\":\"fr-FR\",\"potentialAction\":[{\"@type\":\"ReadAction\",\"target\":[\"https:\\\/\\\/iamindustries.com\\\/fr\\\/wholesale-aplication\\\/\"]}]},{\"@type\":\"BreadcrumbList\",\"@id\":\"https:\\\/\\\/iamindustries.com\\\/fr\\\/wholesale-aplication\\\/#breadcrumb\",\"itemListElement\":[{\"@type\":\"ListItem\",\"position\":1,\"name\":\"Home\",\"item\":\"https:\\\/\\\/iamindustries.com\\\/fr\\\/accueil\\\/\"},{\"@type\":\"ListItem\",\"position\":2,\"name\":\"Devenir Revendeur\"}]},{\"@type\":\"WebSite\",\"@id\":\"https:\\\/\\\/iamindustries.com\\\/#website\",\"url\":\"https:\\\/\\\/iamindustries.com\\\/\",\"name\":\"IAM Industries\",\"description\":\"Develop products that meet and exceed customer needs. That our product are made under the most stringent quality standards. \",\"publisher\":{\"@id\":\"https:\\\/\\\/iamindustries.com\\\/#organization\"},\"potentialAction\":[{\"@type\":\"SearchAction\",\"target\":{\"@type\":\"EntryPoint\",\"urlTemplate\":\"https:\\\/\\\/iamindustries.com\\\/?s={search_term_string}\"},\"query-input\":{\"@type\":\"PropertyValueSpecification\",\"valueRequired\":true,\"valueName\":\"search_term_string\"}}],\"inLanguage\":\"fr-FR\"},{\"@type\":\"Organization\",\"@id\":\"https:\\\/\\\/iamindustries.com\\\/#organization\",\"name\":\"IAM Industries\",\"url\":\"https:\\\/\\\/iamindustries.com\\\/\",\"logo\":{\"@type\":\"ImageObject\",\"inLanguage\":\"fr-FR\",\"@id\":\"https:\\\/\\\/iamindustries.com\\\/#\\\/schema\\\/logo\\\/image\\\/\",\"url\":\"https:\\\/\\\/iamindustries.com\\\/wp-content\\\/uploads\\\/2022\\\/03\\\/cropped-favicon-iam.png\",\"contentUrl\":\"https:\\\/\\\/iamindustries.com\\\/wp-content\\\/uploads\\\/2022\\\/03\\\/cropped-favicon-iam.png\",\"width\":512,\"height\":512,\"caption\":\"IAM Industries\"},\"image\":{\"@id\":\"https:\\\/\\\/iamindustries.com\\\/#\\\/schema\\\/logo\\\/image\\\/\"}}]}<\/script>\n<!-- \/ Yoast SEO plugin. -->","yoast_head_json":{"title":"Devenir Revendeur - IAM Industries","robots":{"index":"index","follow":"follow","max-snippet":"max-snippet:-1","max-image-preview":"max-image-preview:large","max-video-preview":"max-video-preview:-1"},"canonical":"https:\/\/iamindustries.com\/fr\/wholesale-aplication\/","og_locale":"fr_FR","og_type":"article","og_title":"Devenir Revendeur - IAM Industries","og_description":"Devenir Revendeur Nous vous remercions de l&#8217;int\u00e9r\u00eat que vous portez \u00e0 la vente en gros. Veuillez remplir le formulaire de demande de vente en gros ci-dessous. Votre demande sera trait\u00e9e dans les meilleurs d\u00e9lais. Une fois votre demande approuv\u00e9e, nous vous enverrons les informations relatives \u00e0 votre compte de grossiste. * Les champs marqu\u00e9s d&#8217;un [&hellip;]","og_url":"https:\/\/iamindustries.com\/fr\/wholesale-aplication\/","og_site_name":"IAM Industries","article_modified_time":"2022-04-18T14:14:58+00:00","twitter_card":"summary_large_image","twitter_misc":{"Dur\u00e9e de lecture estim\u00e9e":"1 minute"},"schema":{"@context":"https:\/\/schema.org","@graph":[{"@type":"WebPage","@id":"https:\/\/iamindustries.com\/fr\/wholesale-aplication\/","url":"https:\/\/iamindustries.com\/fr\/wholesale-aplication\/","name":"Devenir Revendeur - IAM Industries","isPartOf":{"@id":"https:\/\/iamindustries.com\/#website"},"datePublished":"2022-03-15T14:05:47+00:00","dateModified":"2022-04-18T14:14:58+00:00","breadcrumb":{"@id":"https:\/\/iamindustries.com\/fr\/wholesale-aplication\/#breadcrumb"},"inLanguage":"fr-FR","potentialAction":[{"@type":"ReadAction","target":["https:\/\/iamindustries.com\/fr\/wholesale-aplication\/"]}]},{"@type":"BreadcrumbList","@id":"https:\/\/iamindustries.com\/fr\/wholesale-aplication\/#breadcrumb","itemListElement":[{"@type":"ListItem","position":1,"name":"Home","item":"https:\/\/iamindustries.com\/fr\/accueil\/"},{"@type":"ListItem","position":2,"name":"Devenir Revendeur"}]},{"@type":"WebSite","@id":"https:\/\/iamindustries.com\/#website","url":"https:\/\/iamindustries.com\/","name":"IAM Industries","description":"Develop products that meet and exceed customer needs. That our product are made under the most stringent quality standards. ","publisher":{"@id":"https:\/\/iamindustries.com\/#organization"},"potentialAction":[{"@type":"SearchAction","target":{"@type":"EntryPoint","urlTemplate":"https:\/\/iamindustries.com\/?s={search_term_string}"},"query-input":{"@type":"PropertyValueSpecification","valueRequired":true,"valueName":"search_term_string"}}],"inLanguage":"fr-FR"},{"@type":"Organization","@id":"https:\/\/iamindustries.com\/#organization","name":"IAM Industries","url":"https:\/\/iamindustries.com\/","logo":{"@type":"ImageObject","inLanguage":"fr-FR","@id":"https:\/\/iamindustries.com\/#\/schema\/logo\/image\/","url":"https:\/\/iamindustries.com\/wp-content\/uploads\/2022\/03\/cropped-favicon-iam.png","contentUrl":"https:\/\/iamindustries.com\/wp-content\/uploads\/2022\/03\/cropped-favicon-iam.png","width":512,"height":512,"caption":"IAM Industries"},"image":{"@id":"https:\/\/iamindustries.com\/#\/schema\/logo\/image\/"}}]}},"jetpack_sharing_enabled":true,"_links":{"self":[{"href":"https:\/\/iamindustries.com\/fr\/wp-json\/wp\/v2\/pages\/2264","targetHints":{"allow":["GET"]}}],"collection":[{"href":"https:\/\/iamindustries.com\/fr\/wp-json\/wp\/v2\/pages"}],"about":[{"href":"https:\/\/iamindustries.com\/fr\/wp-json\/wp\/v2\/types\/page"}],"author":[{"embeddable":true,"href":"https:\/\/iamindustries.com\/fr\/wp-json\/wp\/v2\/users\/1"}],"replies":[{"embeddable":true,"href":"https:\/\/iamindustries.com\/fr\/wp-json\/wp\/v2\/comments?post=2264"}],"version-history":[{"count":12,"href":"https:\/\/iamindustries.com\/fr\/wp-json\/wp\/v2\/pages\/2264\/revisions"}],"predecessor-version":[{"id":3337,"href":"https:\/\/iamindustries.com\/fr\/wp-json\/wp\/v2\/pages\/2264\/revisions\/3337"}],"wp:attachment":[{"href":"https:\/\/iamindustries.com\/fr\/wp-json\/wp\/v2\/media?parent=2264"}],"curies":[{"name":"wp","href":"https:\/\/api.w.org\/{rel}","templated":true}]}}