{"id":1927,"date":"2021-10-25T08:58:37","date_gmt":"2021-10-25T08:58:37","guid":{"rendered":"https:\/\/iamindustries.com\/politique-confidentialite\/"},"modified":"2022-04-27T22:45:13","modified_gmt":"2022-04-27T22:45:13","slug":"politique-confidentialite","status":"publish","type":"page","link":"https:\/\/iamindustries.com\/fr\/politique-confidentialite\/","title":{"rendered":"Politique de confidentialit\u00e9"},"content":{"rendered":"\t\t<div data-elementor-type=\"wp-page\" data-elementor-id=\"1927\" class=\"elementor elementor-1927 elementor-3\">\n\t\t\t\t\t\t\t\t\t<section class=\"elementor-section elementor-top-section elementor-element elementor-element-6e006633 elementor-section-boxed elementor-section-height-default elementor-section-height-default\" data-id=\"6e006633\" data-element_type=\"section\">\n\t\t\t\t\t\t<div class=\"elementor-container elementor-column-gap-default\">\n\t\t\t\t\t<div class=\"elementor-column elementor-col-100 elementor-top-column elementor-element elementor-element-66c3c359\" data-id=\"66c3c359\" data-element_type=\"column\">\n\t\t\t<div class=\"elementor-widget-wrap elementor-element-populated\">\n\t\t\t\t\t\t\t\t<div class=\"elementor-element elementor-element-20983974 elementor-widget elementor-widget-text-editor\" data-id=\"20983974\" data-element_type=\"widget\" data-widget_type=\"text-editor.default\">\n\t\t\t\t<div class=\"elementor-widget-container\">\n\t\t\t<style>\/*! elementor - v3.13.3 - 28-05-2023 *\/\n.elementor-widget-text-editor.elementor-drop-cap-view-stacked .elementor-drop-cap{background-color:#69727d;color:#fff}.elementor-widget-text-editor.elementor-drop-cap-view-framed .elementor-drop-cap{color:#69727d;border:3px solid;background-color:transparent}.elementor-widget-text-editor:not(.elementor-drop-cap-view-default) .elementor-drop-cap{margin-top:8px}.elementor-widget-text-editor:not(.elementor-drop-cap-view-default) .elementor-drop-cap-letter{width:1em;height:1em}.elementor-widget-text-editor .elementor-drop-cap{float:left;text-align:center;line-height:1;font-size:50px}.elementor-widget-text-editor .elementor-drop-cap-letter{display:inline-block}<\/style>\t\t\t\t<h1><strong>Politique de confidentialit\u00e9<\/strong><\/h1><p><span style=\"font-weight: 400;\">Chez IAM Industries, nous respectons la vie priv\u00e9e de nos clients et des visiteurs de notre site web. La pr\u00e9sente d\u00e9claration d\u00e9crit les pratiques actuelles en mati\u00e8re de collecte et de partage des informations et de protection de la vie priv\u00e9e sur notre site web, <\/span><a href=\"http:\/\/www.iamindustries.com\"><span style=\"font-weight: 400;\">www.iamindustries.com<\/span><\/a><\/p><h2><span style=\"font-weight: 400;\">Collecte d&#8217;informations personnelles<\/span><\/h2><p><span style=\"font-weight: 400;\">Nous vous le demanderons lorsque nous aurons besoin d&#8217;informations qui vous identifient individuellement ou qui nous permettent de vous contacter directement (informations personnelles).<\/span><\/p><p><span style=\"font-weight: 400;\">Nous pouvons vous demander des informations personnelles lorsque vous achetez un produit, participez \u00e0 un concours, demandez un service, r\u00e9pondez \u00e0 une enqu\u00eate, vous abonnez \u00e0 un bulletin d&#8217;information ou participez \u00e0 toute autre activit\u00e9 sur notre site. Dans le cadre de ces activit\u00e9s, nous pouvons vous demander des informations de contact telles que votre nom, votre num\u00e9ro de t\u00e9l\u00e9phone et votre adresse \u00e9lectronique.<\/span><\/p><p><span style=\"font-weight: 400;\">Lorsque vous visitez notre site web, nous recueillons des informations standard sur votre mat\u00e9riel et vos logiciels, telles que vos adresses IP, votre type de navigateur, votre syst\u00e8me d&#8217;exploitation, les pages visit\u00e9es sur notre site, les pages de r\u00e9f\u00e9rence et de sortie, ainsi que les dates et heures des visites.<\/span><\/p><p><span style=\"font-weight: 400;\">Les donn\u00e9es relatives aux visites du site sont utilis\u00e9es pour administrer le site et fournir des statistiques g\u00e9n\u00e9rales sur l&#8217;utilisation de<\/span> <a href=\"https:\/\/www.iamindustries.com\/\"><span style=\"font-weight: 400;\">iamindustries.com.<\/span><\/a><span style=\"font-weight: 400;\">. Les donn\u00e9es relatives aux visites du site ne sont jamais li\u00e9es \u00e0 vos informations personnelles, et nous ne les utilisons pas pour vous identifier individuellement sans votre autorisation.<\/span><\/p><h2><span style=\"font-weight: 400;\">Utilisation des informations personnelles<\/span><\/h2><p><span style=\"font-weight: 400;\">Nous garderons strictement confidentielles toutes les informations recueillies sur ce site et nous ne vendrons pas, ne louerons pas, n&#8217;\u00e9changerons pas ou ne partagerons pas autrement vos informations personnelles avec des tiers pour leur usage promotionnel sans votre permission.<\/span><\/p><p><span style=\"font-weight: 400;\">Nous utiliserons les informations personnelles que vous nous donnez pour fournir les services et les produits que vous nous demandez. Il peut s&#8217;agir d&#8217;envoyer les informations que vous avez demand\u00e9es ou de vous contacter au sujet des produits et services que vous avez achet\u00e9s. Si vous ne refusez pas les communications d&#8217;IAM Industries, nous pouvons vous envoyer des avis de marketing, y compris des promotions de nos produits et services. Vous pouvez vous retirer des communications d&#8217;IAM Industries \u00e0 tout moment.<\/span><\/p><p><span style=\"font-weight: 400;\">Nous passons parfois des contrats avec d&#8217;autres entreprises pour fournir des services tels que l&#8217;emballage et l&#8217;envoi d&#8217;informations, la r\u00e9ponse aux questions des utilisateurs ou le traitement des transactions par carte de cr\u00e9dit. We will only provide these partners with the information they need to conduct their services, they will be prohibited from using the information we provide for any other purpose and we will require them to observe the intent of this Privacy Policy.<\/span><\/p><p><span style=\"font-weight: 400;\">Nous pouvons divulguer vos informations personnelles lorsque nous pensons raisonnablement que cela est requis par une loi ou une proc\u00e9dure judiciaire et pour prot\u00e9ger et d\u00e9fendre nos droits et int\u00e9r\u00eats et les droits et int\u00e9r\u00eats de nos affili\u00e9s, fournisseurs ou utilisateurs. Nous nous r\u00e9servons \u00e9galement le droit de signaler aux organismes charg\u00e9s de l&#8217;application de la loi toute activit\u00e9 que nous croyons de bonne foi \u00eatre ill\u00e9gale. Nous pouvons divulguer certaines informations personnelles lorsque nous estimons qu&#8217;une telle divulgation est raisonnablement n\u00e9cessaire pour faire respecter ou appliquer les pr\u00e9sentes conditions g\u00e9n\u00e9rales ou pour prot\u00e9ger les droits, la propri\u00e9t\u00e9 et la s\u00e9curit\u00e9 des autres et de nous-m\u00eames.<\/span><\/p><p><span style=\"font-weight: 400;\">Dans l&#8217;\u00e9ventualit\u00e9 d&#8217;une transition commerciale, telle qu&#8217;une fusion, une acquisition par une autre soci\u00e9t\u00e9 ou une vente de tout ou partie de nos actifs, les informations personnelles des utilisateurs feront, dans la plupart des cas, partie des actifs transf\u00e9r\u00e9s. Les notifications d&#8217;une telle transition seront effectu\u00e9es \u00e0 l&#8217;aide des m\u00e9canismes d\u00e9crits dans la section &#8220;Modifications de la pr\u00e9sente d\u00e9claration&#8221; ci-dessous. pr\u00e9sente d\u00e9claration&#8221; ci-dessous.<\/span><\/p><h2><span style=\"font-weight: 400;\">S\u00e9curit\u00e9 des informations que nous recueillons<\/span><\/h2><p><span style=\"font-weight: 400;\">Nous nous engageons \u00e0 prot\u00e9ger la s\u00e9curit\u00e9 de vos informations personnelles, et nous utilisons une s\u00e9rie de technologies et de proc\u00e9dures pour prot\u00e9ger vos informations personnelles. Par exemple, nous stockons les informations personnelles dans une installation s\u00e9curis\u00e9e \u00e0 acc\u00e8s limit\u00e9 ; les informations sensibles qui nous sont transmises par le biais de notre magasin (telles que le num\u00e9ro d&#8217;une carte de cr\u00e9dit) sont crypt\u00e9es pour \u00eatre transmises \u00e0 l&#8217;aide du protocole SSL (Secure Socket Layer). Le cryptage SSL est con\u00e7u pour rendre les informations illisibles pour tout le monde, sauf pour nous.<\/span><\/p><h2><span style=\"font-weight: 400;\">Utilisation des cookies<\/span><\/h2><p><span style=\"font-weight: 400;\">Lorsque vous visitez notre site, un cookie peut \u00eatre enregistr\u00e9 sur votre ordinateur (si votre ordinateur accepte les cookies), et si vous revenez sur le site, le cookie peut \u00eatre lu. Nous utilisons des cookies pour nous aider \u00e0 collecter les donn\u00e9es relatives aux visites du site d\u00e9crites ci-dessus et, dans certains cas, pour fournir un contenu sp\u00e9cialis\u00e9. Un cookie est un petit fichier de donn\u00e9es que certains sites Web \u00e9crivent sur votre disque dur lorsque vous les visitez. Un fichier cookie peut contenir des informations telles qu&#8217;un ID utilisateur que le site utilise pour suivre les pages que vous avez visit\u00e9es, mais les seules informations personnelles qu&#8217;un cookie peut contenir sont celles que vous fournissez vous-m\u00eame. Un cookie ne peut pas lire les donn\u00e9es de votre disque dur ni les fichiers de cookies cr\u00e9\u00e9s par d&#8217;autres sites. Certaines parties de notre site Web utilisent des cookies pour suivre les sch\u00e9mas de trafic des utilisateurs. Nous le faisons afin de d\u00e9terminer l&#8217;utilit\u00e9 des informations de notre site web pour nos utilisateurs et de voir dans quelle mesure notre structure de navigation est efficace pour aider les utilisateurs \u00e0 atteindre ces informations. Nous n&#8217;\u00e9tablissons pas de corr\u00e9lation entre ces informations et les donn\u00e9es relatives aux utilisateurs individuels, et nous ne partageons pas ces informations et ne les vendons pas \u00e0 des tiers.<\/span><\/p><p><span style=\"font-weight: 400;\">Si vous pr\u00e9f\u00e9rez ne pas recevoir de cookies sur notre site web, vous pouvez configurer votre navigateur pour qu&#8217;il vous avertisse avant d&#8217;accepter les cookies et qu&#8217;il refuse le cookie lorsque votre navigateur vous avertit de sa pr\u00e9sence. Vous pouvez \u00e9galement refuser tous les cookies en les d\u00e9sactivant dans votre navigateur. Il n&#8217;est pas n\u00e9cessaire que les cookies soient activ\u00e9s pour utiliser une quelconque partie de notre site web.<\/span><\/p><p><span style=\"font-weight: 400;\">Nous pouvons \u00e9galement utiliser des balises Web, la technologie des pixels invisibles ou des balises d&#8217;action comme m\u00e9canismes pour collecter des donn\u00e9es globales sur la fr\u00e9quentation du site en suivant la mani\u00e8re dont les utilisateurs naviguent sur notre site Web. Nous pouvons \u00e9galement utiliser cette technologie pour suivre la livraison des messages \u00e9lectroniques HTML. Ces donn\u00e9es sont collect\u00e9es exclusivement pour \u00eatre utilis\u00e9es dans le cadre de nos activit\u00e9s de marketing et de recherche.<\/span><\/p><h2><span style=\"font-weight: 400;\">Application de la pr\u00e9sente d\u00e9claration<\/span><\/h2><p><span style=\"font-weight: 400;\">Si vous avez des questions sur les politiques d\u00e9crites dans cette d\u00e9claration, veuillez nous envoyer un courriel directement \u00e0 l&#8217;adresse ci-dessous :<\/span><\/p><p><span style=\"font-weight: 400;\"> <img loading=\"lazy\" decoding=\"async\" class=\"alignnone wp-image-1937\" src=\"https:\/\/iamindustries.com\/wp-content\/uploads\/2022\/03\/email-copy-300x52.jpg\" alt=\"\" width=\"161\" height=\"28\" srcset=\"https:\/\/iamindustries.com\/wp-content\/uploads\/2022\/03\/email-copy-300x52.jpg 300w, https:\/\/iamindustries.com\/wp-content\/uploads\/2022\/03\/email-copy-768x133.jpg 768w, https:\/\/iamindustries.com\/wp-content\/uploads\/2022\/03\/email-copy-600x104.jpg 600w, https:\/\/iamindustries.com\/wp-content\/uploads\/2022\/03\/email-copy.jpg 999w\" sizes=\"auto, (max-width: 161px) 100vw, 161px\" \/><\/span><\/p><h2><span style=\"font-weight: 400;\">Liens vers d&#8217;autres sites web<\/span><\/h2><p><span style=\"font-weight: 400;\">Notre site web peut contenir des liens vers d&#8217;autres sites web. Si vous utilisez ces liens, vous quitterez notre site web. Lorsque vous acc\u00e9dez \u00e0 un site web tiers, m\u00eame s&#8217;il contient le nom et le logo de IAM Industries, sachez que nous ne contr\u00f4lons pas le contenu et que nous ne sommes pas responsables des pratiques de confidentialit\u00e9 de ce site et nous vous encourageons \u00e0 examiner les politiques de confidentialit\u00e9 de chaque site que vous utilisez. La pr\u00e9sente d\u00e9claration de confidentialit\u00e9 ne couvre pas les pratiques en mati\u00e8re d&#8217;information des sites Web li\u00e9s \u00e0 notre site. Ces autres sites peuvent envoyer leurs propres cookies aux utilisateurs, collecter des donn\u00e9es ou solliciter des informations personnelles.<\/span><\/p><h2><span style=\"font-weight: 400;\">Modifications de la pr\u00e9sente d\u00e9claration<\/span><\/h2><p><span style=\"font-weight: 400;\">Nous pouvons de temps \u00e0 autre mettre \u00e0 jour cette d\u00e9claration de confidentialit\u00e9.<\/span><\/p><h2><span style=\"font-weight: 400;\">Informations de contact<\/span><\/h2><p><span style=\"font-weight: 400;\">Nous sommes heureux de recevoir vos commentaires sur notre politique de confidentialit\u00e9. Si vous avez des questions ou des suggestions concernant notre politique de confidentialit\u00e9, veuillez nous contacter \u00e0 l&#8217;adresse suivante :<\/span><\/p><p><img loading=\"lazy\" decoding=\"async\" class=\"alignnone wp-image-1496\" src=\"https:\/\/iamindustries.com\/wp-content\/uploads\/2022\/03\/icons8-email-64.png\" alt=\"\" width=\"26\" height=\"26\"><img loading=\"lazy\" decoding=\"async\" class=\"alignnone wp-image-1505\" src=\"https:\/\/iamindustries.com\/wp-content\/uploads\/2022\/03\/Untitled-2-e1647019633468-300x43.png\" alt=\"\" width=\"169\" height=\"24\" srcset=\"https:\/\/iamindustries.com\/wp-content\/uploads\/2022\/03\/Untitled-2-e1647019633468-300x43.png 300w, https:\/\/iamindustries.com\/wp-content\/uploads\/2022\/03\/Untitled-2-e1647019633468-768x111.png 768w, https:\/\/iamindustries.com\/wp-content\/uploads\/2022\/03\/Untitled-2-e1647019633468-600x87.png 600w, https:\/\/iamindustries.com\/wp-content\/uploads\/2022\/03\/Untitled-2-e1647019633468.png 959w\" sizes=\"auto, (max-width: 169px) 100vw, 169px\" \/><\/p><p><span style=\"font-weight: 400;\">2350 Central Blvd. <\/span><\/p><p><span style=\"font-weight: 400;\">Brownsville, TX<\/span><\/p><p><span style=\"font-weight: 400;\">78520, USA<\/span><\/p>\t\t\t\t\t\t<\/div>\n\t\t\t\t<\/div>\n\t\t\t\t\t<\/div>\n\t\t<\/div>\n\t\t\t\t\t\t\t<\/div>\n\t\t<\/section>\n\t\t\t\t\t\t\t<\/div>\n\t\t","protected":false},"excerpt":{"rendered":"<p>Politique de confidentialit\u00e9 Chez IAM Industries, nous respectons la vie priv\u00e9e de nos clients et des visiteurs de notre site web. La pr\u00e9sente d\u00e9claration d\u00e9crit les pratiques actuelles en mati\u00e8re de collecte et de partage des informations et de protection de la vie priv\u00e9e sur notre site web, www.iamindustries.com Collecte d&#8217;informations personnelles Nous vous le [&hellip;]<\/p>\n","protected":false},"author":1,"featured_media":0,"parent":0,"menu_order":0,"comment_status":"closed","ping_status":"open","template":"","meta":{"footnotes":""},"class_list":["post-1927","page","type-page","status-publish","hentry"],"yoast_head":"<!-- This site is optimized with the Yoast SEO plugin v27.3 - https:\/\/yoast.com\/product\/yoast-seo-wordpress\/ -->\n<title>Politique de confidentialit\u00e9 - IAM Industries<\/title>\n<meta name=\"robots\" content=\"index, follow, max-snippet:-1, max-image-preview:large, max-video-preview:-1\" \/>\n<link rel=\"canonical\" href=\"https:\/\/iamindustries.com\/privacy-policy\/\" \/>\n<meta property=\"og:locale\" content=\"fr_FR\" \/>\n<meta property=\"og:type\" content=\"article\" \/>\n<meta property=\"og:title\" content=\"Politique de confidentialit\u00e9 - IAM Industries\" \/>\n<meta property=\"og:description\" content=\"Politique de confidentialit\u00e9 Chez IAM Industries, nous respectons la vie priv\u00e9e de nos clients et des visiteurs de notre site web. La pr\u00e9sente d\u00e9claration d\u00e9crit les pratiques actuelles en mati\u00e8re de collecte et de partage des informations et de protection de la vie priv\u00e9e sur notre site web, www.iamindustries.com Collecte d&#8217;informations personnelles Nous vous le [&hellip;]\" \/>\n<meta property=\"og:url\" content=\"https:\/\/iamindustries.com\/privacy-policy\/\" \/>\n<meta property=\"og:site_name\" content=\"IAM Industries\" \/>\n<meta property=\"article:modified_time\" content=\"2022-04-27T22:45:13+00:00\" \/>\n<meta property=\"og:image\" content=\"https:\/\/iamindustries.com\/wp-content\/uploads\/2022\/03\/email-copy-300x52.jpg\" \/>\n<meta name=\"twitter:card\" content=\"summary_large_image\" \/>\n<meta name=\"twitter:label1\" content=\"Dur\u00e9e de lecture estim\u00e9e\" \/>\n\t<meta name=\"twitter:data1\" content=\"7 minutes\" \/>\n<script type=\"application\/ld+json\" class=\"yoast-schema-graph\">{\"@context\":\"https:\\\/\\\/schema.org\",\"@graph\":[{\"@type\":\"WebPage\",\"@id\":\"https:\\\/\\\/iamindustries.com\\\/privacy-policy\\\/\",\"url\":\"https:\\\/\\\/iamindustries.com\\\/privacy-policy\\\/\",\"name\":\"Politique de confidentialit\u00e9 - IAM Industries\",\"isPartOf\":{\"@id\":\"https:\\\/\\\/iamindustries.com\\\/#website\"},\"primaryImageOfPage\":{\"@id\":\"https:\\\/\\\/iamindustries.com\\\/privacy-policy\\\/#primaryimage\"},\"image\":{\"@id\":\"https:\\\/\\\/iamindustries.com\\\/privacy-policy\\\/#primaryimage\"},\"thumbnailUrl\":\"https:\\\/\\\/iamindustries.com\\\/wp-content\\\/uploads\\\/2022\\\/03\\\/email-copy-300x52.jpg\",\"datePublished\":\"2021-10-25T08:58:37+00:00\",\"dateModified\":\"2022-04-27T22:45:13+00:00\",\"breadcrumb\":{\"@id\":\"https:\\\/\\\/iamindustries.com\\\/privacy-policy\\\/#breadcrumb\"},\"inLanguage\":\"fr-FR\",\"potentialAction\":[{\"@type\":\"ReadAction\",\"target\":[\"https:\\\/\\\/iamindustries.com\\\/privacy-policy\\\/\"]}]},{\"@type\":\"ImageObject\",\"inLanguage\":\"fr-FR\",\"@id\":\"https:\\\/\\\/iamindustries.com\\\/privacy-policy\\\/#primaryimage\",\"url\":\"https:\\\/\\\/iamindustries.com\\\/wp-content\\\/uploads\\\/2022\\\/03\\\/email-copy-300x52.jpg\",\"contentUrl\":\"https:\\\/\\\/iamindustries.com\\\/wp-content\\\/uploads\\\/2022\\\/03\\\/email-copy-300x52.jpg\"},{\"@type\":\"BreadcrumbList\",\"@id\":\"https:\\\/\\\/iamindustries.com\\\/privacy-policy\\\/#breadcrumb\",\"itemListElement\":[{\"@type\":\"ListItem\",\"position\":1,\"name\":\"Home\",\"item\":\"https:\\\/\\\/iamindustries.com\\\/fr\\\/accueil\\\/\"},{\"@type\":\"ListItem\",\"position\":2,\"name\":\"Politique de confidentialit\u00e9\"}]},{\"@type\":\"WebSite\",\"@id\":\"https:\\\/\\\/iamindustries.com\\\/#website\",\"url\":\"https:\\\/\\\/iamindustries.com\\\/\",\"name\":\"IAM Industries\",\"description\":\"Develop products that meet and exceed customer needs. That our product are made under the most stringent quality standards. \",\"publisher\":{\"@id\":\"https:\\\/\\\/iamindustries.com\\\/#organization\"},\"potentialAction\":[{\"@type\":\"SearchAction\",\"target\":{\"@type\":\"EntryPoint\",\"urlTemplate\":\"https:\\\/\\\/iamindustries.com\\\/?s={search_term_string}\"},\"query-input\":{\"@type\":\"PropertyValueSpecification\",\"valueRequired\":true,\"valueName\":\"search_term_string\"}}],\"inLanguage\":\"fr-FR\"},{\"@type\":\"Organization\",\"@id\":\"https:\\\/\\\/iamindustries.com\\\/#organization\",\"name\":\"IAM Industries\",\"url\":\"https:\\\/\\\/iamindustries.com\\\/\",\"logo\":{\"@type\":\"ImageObject\",\"inLanguage\":\"fr-FR\",\"@id\":\"https:\\\/\\\/iamindustries.com\\\/#\\\/schema\\\/logo\\\/image\\\/\",\"url\":\"https:\\\/\\\/iamindustries.com\\\/wp-content\\\/uploads\\\/2022\\\/03\\\/cropped-favicon-iam.png\",\"contentUrl\":\"https:\\\/\\\/iamindustries.com\\\/wp-content\\\/uploads\\\/2022\\\/03\\\/cropped-favicon-iam.png\",\"width\":512,\"height\":512,\"caption\":\"IAM Industries\"},\"image\":{\"@id\":\"https:\\\/\\\/iamindustries.com\\\/#\\\/schema\\\/logo\\\/image\\\/\"}}]}<\/script>\n<!-- \/ Yoast SEO plugin. -->","yoast_head_json":{"title":"Politique de confidentialit\u00e9 - IAM Industries","robots":{"index":"index","follow":"follow","max-snippet":"max-snippet:-1","max-image-preview":"max-image-preview:large","max-video-preview":"max-video-preview:-1"},"canonical":"https:\/\/iamindustries.com\/privacy-policy\/","og_locale":"fr_FR","og_type":"article","og_title":"Politique de confidentialit\u00e9 - IAM Industries","og_description":"Politique de confidentialit\u00e9 Chez IAM Industries, nous respectons la vie priv\u00e9e de nos clients et des visiteurs de notre site web. La pr\u00e9sente d\u00e9claration d\u00e9crit les pratiques actuelles en mati\u00e8re de collecte et de partage des informations et de protection de la vie priv\u00e9e sur notre site web, www.iamindustries.com Collecte d&#8217;informations personnelles Nous vous le [&hellip;]","og_url":"https:\/\/iamindustries.com\/privacy-policy\/","og_site_name":"IAM Industries","article_modified_time":"2022-04-27T22:45:13+00:00","og_image":[{"url":"https:\/\/iamindustries.com\/wp-content\/uploads\/2022\/03\/email-copy-300x52.jpg","type":"","width":"","height":""}],"twitter_card":"summary_large_image","twitter_misc":{"Dur\u00e9e de lecture estim\u00e9e":"7 minutes"},"schema":{"@context":"https:\/\/schema.org","@graph":[{"@type":"WebPage","@id":"https:\/\/iamindustries.com\/privacy-policy\/","url":"https:\/\/iamindustries.com\/privacy-policy\/","name":"Politique de confidentialit\u00e9 - IAM Industries","isPartOf":{"@id":"https:\/\/iamindustries.com\/#website"},"primaryImageOfPage":{"@id":"https:\/\/iamindustries.com\/privacy-policy\/#primaryimage"},"image":{"@id":"https:\/\/iamindustries.com\/privacy-policy\/#primaryimage"},"thumbnailUrl":"https:\/\/iamindustries.com\/wp-content\/uploads\/2022\/03\/email-copy-300x52.jpg","datePublished":"2021-10-25T08:58:37+00:00","dateModified":"2022-04-27T22:45:13+00:00","breadcrumb":{"@id":"https:\/\/iamindustries.com\/privacy-policy\/#breadcrumb"},"inLanguage":"fr-FR","potentialAction":[{"@type":"ReadAction","target":["https:\/\/iamindustries.com\/privacy-policy\/"]}]},{"@type":"ImageObject","inLanguage":"fr-FR","@id":"https:\/\/iamindustries.com\/privacy-policy\/#primaryimage","url":"https:\/\/iamindustries.com\/wp-content\/uploads\/2022\/03\/email-copy-300x52.jpg","contentUrl":"https:\/\/iamindustries.com\/wp-content\/uploads\/2022\/03\/email-copy-300x52.jpg"},{"@type":"BreadcrumbList","@id":"https:\/\/iamindustries.com\/privacy-policy\/#breadcrumb","itemListElement":[{"@type":"ListItem","position":1,"name":"Home","item":"https:\/\/iamindustries.com\/fr\/accueil\/"},{"@type":"ListItem","position":2,"name":"Politique de confidentialit\u00e9"}]},{"@type":"WebSite","@id":"https:\/\/iamindustries.com\/#website","url":"https:\/\/iamindustries.com\/","name":"IAM Industries","description":"Develop products that meet and exceed customer needs. That our product are made under the most stringent quality standards. ","publisher":{"@id":"https:\/\/iamindustries.com\/#organization"},"potentialAction":[{"@type":"SearchAction","target":{"@type":"EntryPoint","urlTemplate":"https:\/\/iamindustries.com\/?s={search_term_string}"},"query-input":{"@type":"PropertyValueSpecification","valueRequired":true,"valueName":"search_term_string"}}],"inLanguage":"fr-FR"},{"@type":"Organization","@id":"https:\/\/iamindustries.com\/#organization","name":"IAM Industries","url":"https:\/\/iamindustries.com\/","logo":{"@type":"ImageObject","inLanguage":"fr-FR","@id":"https:\/\/iamindustries.com\/#\/schema\/logo\/image\/","url":"https:\/\/iamindustries.com\/wp-content\/uploads\/2022\/03\/cropped-favicon-iam.png","contentUrl":"https:\/\/iamindustries.com\/wp-content\/uploads\/2022\/03\/cropped-favicon-iam.png","width":512,"height":512,"caption":"IAM Industries"},"image":{"@id":"https:\/\/iamindustries.com\/#\/schema\/logo\/image\/"}}]}},"jetpack_sharing_enabled":true,"_links":{"self":[{"href":"https:\/\/iamindustries.com\/fr\/wp-json\/wp\/v2\/pages\/1927","targetHints":{"allow":["GET"]}}],"collection":[{"href":"https:\/\/iamindustries.com\/fr\/wp-json\/wp\/v2\/pages"}],"about":[{"href":"https:\/\/iamindustries.com\/fr\/wp-json\/wp\/v2\/types\/page"}],"author":[{"embeddable":true,"href":"https:\/\/iamindustries.com\/fr\/wp-json\/wp\/v2\/users\/1"}],"replies":[{"embeddable":true,"href":"https:\/\/iamindustries.com\/fr\/wp-json\/wp\/v2\/comments?post=1927"}],"version-history":[{"count":5,"href":"https:\/\/iamindustries.com\/fr\/wp-json\/wp\/v2\/pages\/1927\/revisions"}],"predecessor-version":[{"id":3404,"href":"https:\/\/iamindustries.com\/fr\/wp-json\/wp\/v2\/pages\/1927\/revisions\/3404"}],"wp:attachment":[{"href":"https:\/\/iamindustries.com\/fr\/wp-json\/wp\/v2\/media?parent=1927"}],"curies":[{"name":"wp","href":"https:\/\/api.w.org\/{rel}","templated":true}]}}