{"id":1901,"date":"2022-01-31T16:15:33","date_gmt":"2022-01-31T16:15:33","guid":{"rendered":"https:\/\/iamindustries.com\/product\/patch-up-drywall-reparacion-patch-5-pack-2\/"},"modified":"2022-05-17T15:01:56","modified_gmt":"2022-05-17T15:01:56","slug":"patch-up-drywall-reparacion-patch-5-pack-2","status":"publish","type":"product","link":"https:\/\/iamindustries.com\/es\/producto\/patch-up-drywall-reparacion-patch-5-pack-2\/","title":{"rendered":"Paquete de Parches para Reparaci\u00f3n de Paredes"},"content":{"rendered":"","protected":false},"excerpt":{"rendered":"<p>Estos parches autoadhesivos para reparar paredes son una soluci\u00f3n r\u00e1pida e ideal para reparar paredes en su casa, oficina o tienda. Fabricados en aluminio perforado que no se oxida, dan lugar a un acabado suave e impecable. Disponible en tres tama\u00f1os diferentes para adaptarse a sus necesidades, se puede recortar f\u00e1cilmente para acomodar proyectos m\u00e1s peque\u00f1os.<\/p>\n<table>\n<tbody>\n<tr>\n<td width=\"258\"><\/td>\n<td width=\"144\">Peso (lb)<\/td>\n<td width=\"222\">Dimensiones (in)<\/td>\n<\/tr>\n<tr>\n<td width=\"258\">4&#215;4 Paquete de 5<\/td>\n<td width=\"144\">0.8<\/td>\n<td width=\"222\">6.0 x 6.0 x 0.5<\/td>\n<\/tr>\n<tr>\n<td width=\"258\">4&#215;4 Paquete de 10<\/td>\n<td width=\"144\">0.15<\/td>\n<td width=\"222\">6.0 x 6.0 x 0.5<\/td>\n<\/tr>\n<tr>\n<td width=\"258\">6&#215;6 Paquete de 5<\/td>\n<td width=\"144\">0.15<\/td>\n<td width=\"222\">7.5 x 7.5 x 0.56<\/td>\n<\/tr>\n<tr>\n<td width=\"258\">6&#215;6 Paquete de 10<\/td>\n<td width=\"144\">0.31<\/td>\n<td width=\"222\">7.5 x 7.5 x 0.56<\/td>\n<\/tr>\n<tr>\n<td width=\"258\">8&#215;8 Paquete de 5<\/td>\n<td width=\"144\">0.27<\/td>\n<td width=\"222\">10.13 x 10 x 0.69<\/td>\n<\/tr>\n<tr>\n<td width=\"258\">8&#215;8 Paquete de 10<\/td>\n<td width=\"144\">0.55<\/td>\n<td width=\"222\">10.13 x 10 x 0.69<\/td>\n<\/tr>\n<\/tbody>\n<\/table>\n","protected":false},"featured_media":1728,"template":"","meta":[],"product_brand":[],"product_cat":[117],"product_tag":[],"class_list":{"0":"post-1901","1":"product","2":"type-product","3":"status-publish","4":"has-post-thumbnail","6":"product_cat-homepage-products-es","8":"first","9":"instock","10":"taxable","11":"shipping-taxable","12":"purchasable","13":"product-type-variable"},"yoast_head":"<!-- This site is optimized with the Yoast SEO plugin v27.5 - https:\/\/yoast.com\/product\/yoast-seo-wordpress\/ -->\n<title>Paquete de Parches para Reparaci\u00f3n de Paredes - IAM Industries<\/title>\n<meta name=\"robots\" content=\"index, follow, max-snippet:-1, max-image-preview:large, max-video-preview:-1\" \/>\n<link rel=\"canonical\" href=\"https:\/\/iamindustries.com\/es\/producto\/patch-up-drywall-reparacion-patch-5-pack-2\/\" \/>\n<meta property=\"og:locale\" content=\"es_MX\" \/>\n<meta property=\"og:type\" content=\"article\" \/>\n<meta property=\"og:title\" content=\"Paquete de Parches para Reparaci\u00f3n de Paredes - IAM Industries\" \/>\n<meta property=\"og:description\" content=\"Estos parches autoadhesivos para reparar paredes son una soluci\u00f3n r\u00e1pida e ideal para reparar paredes en su casa, oficina o tienda. Fabricados en aluminio perforado que no se oxida, dan lugar a un acabado suave e impecable. Disponible en tres tama\u00f1os diferentes para adaptarse a sus necesidades, se puede recortar f\u00e1cilmente para acomodar proyectos m\u00e1s peque\u00f1os.     Peso (lb) Dimensiones (in)   4x4 Paquete de 5 0.8 6.0 x 6.0 x 0.5   4x4 Paquete de 10 0.15 6.0 x 6.0 x 0.5   6x6 Paquete de 5 0.15 7.5 x 7.5 x 0.56   6x6 Paquete de 10 0.31 7.5 x 7.5 x 0.56   8x8 Paquete de 5 0.27 10.13 x 10 x 0.69   8x8 Paquete de 10 0.55 10.13 x 10 x 0.69\" \/>\n<meta property=\"og:url\" content=\"https:\/\/iamindustries.com\/es\/producto\/patch-up-drywall-reparacion-patch-5-pack-2\/\" \/>\n<meta property=\"og:site_name\" content=\"IAM Industries\" \/>\n<meta property=\"article:modified_time\" content=\"2022-05-17T15:01:56+00:00\" \/>\n<meta property=\"og:image\" content=\"https:\/\/iamindustries.com\/wp-content\/uploads\/2022\/01\/regular-patch5packfront.jpg\" \/>\n\t<meta property=\"og:image:width\" content=\"960\" \/>\n\t<meta property=\"og:image:height\" content=\"960\" \/>\n\t<meta property=\"og:image:type\" content=\"image\/jpeg\" \/>\n<meta name=\"twitter:card\" content=\"summary_large_image\" \/>\n<script type=\"application\/ld+json\" class=\"yoast-schema-graph\">{\"@context\":\"https:\\\/\\\/schema.org\",\"@graph\":[{\"@type\":\"WebPage\",\"@id\":\"https:\\\/\\\/iamindustries.com\\\/es\\\/producto\\\/patch-up-drywall-reparacion-patch-5-pack-2\\\/\",\"url\":\"https:\\\/\\\/iamindustries.com\\\/es\\\/producto\\\/patch-up-drywall-reparacion-patch-5-pack-2\\\/\",\"name\":\"Paquete de Parches para Reparaci\u00f3n de Paredes - IAM Industries\",\"isPartOf\":{\"@id\":\"https:\\\/\\\/iamindustries.com\\\/#website\"},\"primaryImageOfPage\":{\"@id\":\"https:\\\/\\\/iamindustries.com\\\/es\\\/producto\\\/patch-up-drywall-reparacion-patch-5-pack-2\\\/#primaryimage\"},\"image\":{\"@id\":\"https:\\\/\\\/iamindustries.com\\\/es\\\/producto\\\/patch-up-drywall-reparacion-patch-5-pack-2\\\/#primaryimage\"},\"thumbnailUrl\":\"https:\\\/\\\/iamindustries.com\\\/wp-content\\\/uploads\\\/2022\\\/01\\\/regular-patch5packfront.jpg\",\"datePublished\":\"2022-01-31T16:15:33+00:00\",\"dateModified\":\"2022-05-17T15:01:56+00:00\",\"breadcrumb\":{\"@id\":\"https:\\\/\\\/iamindustries.com\\\/es\\\/producto\\\/patch-up-drywall-reparacion-patch-5-pack-2\\\/#breadcrumb\"},\"inLanguage\":\"es\",\"potentialAction\":[{\"@type\":\"ReadAction\",\"target\":[\"https:\\\/\\\/iamindustries.com\\\/es\\\/producto\\\/patch-up-drywall-reparacion-patch-5-pack-2\\\/\"]}]},{\"@type\":\"ImageObject\",\"inLanguage\":\"es\",\"@id\":\"https:\\\/\\\/iamindustries.com\\\/es\\\/producto\\\/patch-up-drywall-reparacion-patch-5-pack-2\\\/#primaryimage\",\"url\":\"https:\\\/\\\/iamindustries.com\\\/wp-content\\\/uploads\\\/2022\\\/01\\\/regular-patch5packfront.jpg\",\"contentUrl\":\"https:\\\/\\\/iamindustries.com\\\/wp-content\\\/uploads\\\/2022\\\/01\\\/regular-patch5packfront.jpg\",\"width\":960,\"height\":960},{\"@type\":\"BreadcrumbList\",\"@id\":\"https:\\\/\\\/iamindustries.com\\\/es\\\/producto\\\/patch-up-drywall-reparacion-patch-5-pack-2\\\/#breadcrumb\",\"itemListElement\":[{\"@type\":\"ListItem\",\"position\":1,\"name\":\"Home\",\"item\":\"https:\\\/\\\/iamindustries.com\\\/es\\\/home\\\/\"},{\"@type\":\"ListItem\",\"position\":2,\"name\":\"Tienda\",\"item\":\"https:\\\/\\\/iamindustries.com\\\/es\\\/tienda\\\/\"},{\"@type\":\"ListItem\",\"position\":3,\"name\":\"Paquete de Parches para Reparaci\u00f3n de Paredes\"}]},{\"@type\":\"WebSite\",\"@id\":\"https:\\\/\\\/iamindustries.com\\\/#website\",\"url\":\"https:\\\/\\\/iamindustries.com\\\/\",\"name\":\"IAM Industries\",\"description\":\"Develop products that meet and exceed customer needs. That our product are made under the most stringent quality standards. \",\"publisher\":{\"@id\":\"https:\\\/\\\/iamindustries.com\\\/#organization\"},\"potentialAction\":[{\"@type\":\"SearchAction\",\"target\":{\"@type\":\"EntryPoint\",\"urlTemplate\":\"https:\\\/\\\/iamindustries.com\\\/?s={search_term_string}\"},\"query-input\":{\"@type\":\"PropertyValueSpecification\",\"valueRequired\":true,\"valueName\":\"search_term_string\"}}],\"inLanguage\":\"es\"},{\"@type\":\"Organization\",\"@id\":\"https:\\\/\\\/iamindustries.com\\\/#organization\",\"name\":\"IAM Industries\",\"url\":\"https:\\\/\\\/iamindustries.com\\\/\",\"logo\":{\"@type\":\"ImageObject\",\"inLanguage\":\"es\",\"@id\":\"https:\\\/\\\/iamindustries.com\\\/#\\\/schema\\\/logo\\\/image\\\/\",\"url\":\"https:\\\/\\\/iamindustries.com\\\/wp-content\\\/uploads\\\/2022\\\/03\\\/cropped-favicon-iam.png\",\"contentUrl\":\"https:\\\/\\\/iamindustries.com\\\/wp-content\\\/uploads\\\/2022\\\/03\\\/cropped-favicon-iam.png\",\"width\":512,\"height\":512,\"caption\":\"IAM Industries\"},\"image\":{\"@id\":\"https:\\\/\\\/iamindustries.com\\\/#\\\/schema\\\/logo\\\/image\\\/\"}}]}<\/script>\n<!-- \/ Yoast SEO plugin. -->","yoast_head_json":{"title":"Paquete de Parches para Reparaci\u00f3n de Paredes - IAM Industries","robots":{"index":"index","follow":"follow","max-snippet":"max-snippet:-1","max-image-preview":"max-image-preview:large","max-video-preview":"max-video-preview:-1"},"canonical":"https:\/\/iamindustries.com\/es\/producto\/patch-up-drywall-reparacion-patch-5-pack-2\/","og_locale":"es_MX","og_type":"article","og_title":"Paquete de Parches para Reparaci\u00f3n de Paredes - IAM Industries","og_description":"Estos parches autoadhesivos para reparar paredes son una soluci\u00f3n r\u00e1pida e ideal para reparar paredes en su casa, oficina o tienda. Fabricados en aluminio perforado que no se oxida, dan lugar a un acabado suave e impecable. Disponible en tres tama\u00f1os diferentes para adaptarse a sus necesidades, se puede recortar f\u00e1cilmente para acomodar proyectos m\u00e1s peque\u00f1os.     Peso (lb) Dimensiones (in)   4x4 Paquete de 5 0.8 6.0 x 6.0 x 0.5   4x4 Paquete de 10 0.15 6.0 x 6.0 x 0.5   6x6 Paquete de 5 0.15 7.5 x 7.5 x 0.56   6x6 Paquete de 10 0.31 7.5 x 7.5 x 0.56   8x8 Paquete de 5 0.27 10.13 x 10 x 0.69   8x8 Paquete de 10 0.55 10.13 x 10 x 0.69","og_url":"https:\/\/iamindustries.com\/es\/producto\/patch-up-drywall-reparacion-patch-5-pack-2\/","og_site_name":"IAM Industries","article_modified_time":"2022-05-17T15:01:56+00:00","og_image":[{"width":960,"height":960,"url":"https:\/\/iamindustries.com\/wp-content\/uploads\/2022\/01\/regular-patch5packfront.jpg","type":"image\/jpeg"}],"twitter_card":"summary_large_image","schema":{"@context":"https:\/\/schema.org","@graph":[{"@type":"WebPage","@id":"https:\/\/iamindustries.com\/es\/producto\/patch-up-drywall-reparacion-patch-5-pack-2\/","url":"https:\/\/iamindustries.com\/es\/producto\/patch-up-drywall-reparacion-patch-5-pack-2\/","name":"Paquete de Parches para Reparaci\u00f3n de Paredes - IAM Industries","isPartOf":{"@id":"https:\/\/iamindustries.com\/#website"},"primaryImageOfPage":{"@id":"https:\/\/iamindustries.com\/es\/producto\/patch-up-drywall-reparacion-patch-5-pack-2\/#primaryimage"},"image":{"@id":"https:\/\/iamindustries.com\/es\/producto\/patch-up-drywall-reparacion-patch-5-pack-2\/#primaryimage"},"thumbnailUrl":"https:\/\/iamindustries.com\/wp-content\/uploads\/2022\/01\/regular-patch5packfront.jpg","datePublished":"2022-01-31T16:15:33+00:00","dateModified":"2022-05-17T15:01:56+00:00","breadcrumb":{"@id":"https:\/\/iamindustries.com\/es\/producto\/patch-up-drywall-reparacion-patch-5-pack-2\/#breadcrumb"},"inLanguage":"es","potentialAction":[{"@type":"ReadAction","target":["https:\/\/iamindustries.com\/es\/producto\/patch-up-drywall-reparacion-patch-5-pack-2\/"]}]},{"@type":"ImageObject","inLanguage":"es","@id":"https:\/\/iamindustries.com\/es\/producto\/patch-up-drywall-reparacion-patch-5-pack-2\/#primaryimage","url":"https:\/\/iamindustries.com\/wp-content\/uploads\/2022\/01\/regular-patch5packfront.jpg","contentUrl":"https:\/\/iamindustries.com\/wp-content\/uploads\/2022\/01\/regular-patch5packfront.jpg","width":960,"height":960},{"@type":"BreadcrumbList","@id":"https:\/\/iamindustries.com\/es\/producto\/patch-up-drywall-reparacion-patch-5-pack-2\/#breadcrumb","itemListElement":[{"@type":"ListItem","position":1,"name":"Home","item":"https:\/\/iamindustries.com\/es\/home\/"},{"@type":"ListItem","position":2,"name":"Tienda","item":"https:\/\/iamindustries.com\/es\/tienda\/"},{"@type":"ListItem","position":3,"name":"Paquete de Parches para Reparaci\u00f3n de Paredes"}]},{"@type":"WebSite","@id":"https:\/\/iamindustries.com\/#website","url":"https:\/\/iamindustries.com\/","name":"IAM Industries","description":"Develop products that meet and exceed customer needs. That our product are made under the most stringent quality standards. ","publisher":{"@id":"https:\/\/iamindustries.com\/#organization"},"potentialAction":[{"@type":"SearchAction","target":{"@type":"EntryPoint","urlTemplate":"https:\/\/iamindustries.com\/?s={search_term_string}"},"query-input":{"@type":"PropertyValueSpecification","valueRequired":true,"valueName":"search_term_string"}}],"inLanguage":"es"},{"@type":"Organization","@id":"https:\/\/iamindustries.com\/#organization","name":"IAM Industries","url":"https:\/\/iamindustries.com\/","logo":{"@type":"ImageObject","inLanguage":"es","@id":"https:\/\/iamindustries.com\/#\/schema\/logo\/image\/","url":"https:\/\/iamindustries.com\/wp-content\/uploads\/2022\/03\/cropped-favicon-iam.png","contentUrl":"https:\/\/iamindustries.com\/wp-content\/uploads\/2022\/03\/cropped-favicon-iam.png","width":512,"height":512,"caption":"IAM Industries"},"image":{"@id":"https:\/\/iamindustries.com\/#\/schema\/logo\/image\/"}}]}},"jetpack_sharing_enabled":true,"_links":{"self":[{"href":"https:\/\/iamindustries.com\/es\/wp-json\/wp\/v2\/product\/1901","targetHints":{"allow":["GET"]}}],"collection":[{"href":"https:\/\/iamindustries.com\/es\/wp-json\/wp\/v2\/product"}],"about":[{"href":"https:\/\/iamindustries.com\/es\/wp-json\/wp\/v2\/types\/product"}],"wp:featuredmedia":[{"embeddable":true,"href":"https:\/\/iamindustries.com\/es\/wp-json\/wp\/v2\/media\/1728"}],"wp:attachment":[{"href":"https:\/\/iamindustries.com\/es\/wp-json\/wp\/v2\/media?parent=1901"}],"wp:term":[{"taxonomy":"product_brand","embeddable":true,"href":"https:\/\/iamindustries.com\/es\/wp-json\/wp\/v2\/product_brand?post=1901"},{"taxonomy":"product_cat","embeddable":true,"href":"https:\/\/iamindustries.com\/es\/wp-json\/wp\/v2\/product_cat?post=1901"},{"taxonomy":"product_tag","embeddable":true,"href":"https:\/\/iamindustries.com\/es\/wp-json\/wp\/v2\/product_tag?post=1901"}],"curies":[{"name":"wp","href":"https:\/\/api.w.org\/{rel}","templated":true}]}}