{"id":1864,"date":"2022-01-31T16:15:34","date_gmt":"2022-01-31T16:15:34","guid":{"rendered":"https:\/\/iamindustries.com\/product\/mosquitero-ajustable-10-x-20-to-37\/"},"modified":"2022-03-24T14:18:20","modified_gmt":"2022-03-24T14:18:20","slug":"mosquitero-ajustable-10-x-20-to-37","status":"publish","type":"product","link":"https:\/\/iamindustries.com\/es\/producto\/mosquitero-ajustable-10-x-20-to-37\/","title":{"rendered":"Mosquitero Ajustable para Ventanas"},"content":{"rendered":"<ul>\n<li><span style=\"font-weight: 400;\">Ideal para ventanas en tu casa, remolque, botes o casas m\u00f3viles. <\/span><\/li>\n<li><span style=\"font-weight: 400;\">Su resistente fibra de vidrio mantiene a los insectos alejados y brinda una ventilaci\u00f3n natural. <\/span><\/li>\n<li><span style=\"font-weight: 400;\">La soluci\u00f3n definitiva para crear ventilaci\u00f3n para una variedad de tama\u00f1os de ventanas.<\/span><span style=\"font-weight: 400;\"> <\/span><\/li>\n<li><span style=\"font-weight: 400;\">Disponible en 10&#8243;, 15&#8243; o 18&#8243; de altura y se expande de 20&#8243; a 37&#8243; de ancho. Con una pantalla de fibra de vidrio con un marco de aluminio duradero.<\/span><\/li>\n<\/ul>\n","protected":false},"excerpt":{"rendered":"<p class=\"p1\">Las mosquiteras ajustables para ventanas son ideales para uso en una casa, veh\u00edculo recreativo, caba\u00f1a, barco o casa m\u00f3vil. Con pantalla de fibra de vidrio y un marco de aluminio duradero, las pantallas de ventana ajustables pueden expandirse de 20&#8243; a 37&#8243; de ancho y vienen en 3 alturas (10&#8243;, 15&#8243; y 18&#8243;). Las mosquiteras ajustables para ventanas son la soluci\u00f3n definitiva para crear ventilaci\u00f3n para una variedad de tama\u00f1os de ventanas.<\/p>\n<table>\n<tbody>\n<tr>\n<td width=\"204\"><\/td>\n<td width=\"198\">Peso (lb)<\/td>\n<td width=\"222\">Dimensiones del Paquete (in)<\/td>\n<\/tr>\n<tr>\n<td width=\"204\">Mosquitero 10&#8243;x 20&#8243; hasta 37&#8243;<\/td>\n<td width=\"198\">1.27<\/td>\n<td width=\"222\">20 x 10 x 1<\/td>\n<\/tr>\n<tr>\n<td width=\"204\">Mosquitero 15&#8243; x 20&#8243; hasta 37&#8243;<\/td>\n<td width=\"198\">1.42<\/td>\n<td width=\"222\">20 x 15 x 1<\/td>\n<\/tr>\n<tr>\n<td width=\"204\">Mosquitero 18&#8243; x 21&#8243; hasta 38&#8243;<\/td>\n<td width=\"198\">0.82<\/td>\n<td width=\"222\">20 x 18 x 1<\/td>\n<\/tr>\n<\/tbody>\n<\/table>\n","protected":false},"featured_media":1962,"template":"","meta":[],"product_brand":[],"product_cat":[129],"product_tag":[],"class_list":{"0":"post-1864","1":"product","2":"type-product","3":"status-publish","4":"has-post-thumbnail","6":"product_cat-mosquitero-ajustable-para-ventanas","7":"pa_size-10-x-20-to-37-es","8":"pa_size-15-x-20-to-37-es","10":"first","11":"instock","12":"featured","13":"taxable","14":"shipping-taxable","15":"purchasable","16":"product-type-variable"},"yoast_head":"<!-- This site is optimized with the Yoast SEO plugin v27.3 - https:\/\/yoast.com\/product\/yoast-seo-wordpress\/ -->\n<title>Mosquitero Ajustable para Ventanas - IAM Industries<\/title>\n<meta name=\"robots\" content=\"index, follow, max-snippet:-1, max-image-preview:large, max-video-preview:-1\" \/>\n<link rel=\"canonical\" href=\"https:\/\/iamindustries.com\/es\/producto\/mosquitero-ajustable-10-x-20-to-37\/\" \/>\n<meta property=\"og:locale\" content=\"es_MX\" \/>\n<meta property=\"og:type\" content=\"article\" \/>\n<meta property=\"og:title\" content=\"Mosquitero Ajustable para Ventanas - IAM Industries\" \/>\n<meta property=\"og:description\" content=\"Las mosquiteras ajustables para ventanas son ideales para uso en una casa, veh\u00edculo recreativo, caba\u00f1a, barco o casa m\u00f3vil. Con pantalla de fibra de vidrio y un marco de aluminio duradero, las pantallas de ventana ajustables pueden expandirse de 20&quot; a 37&quot; de ancho y vienen en 3 alturas (10&quot;, 15&quot; y 18&quot;). Las mosquiteras ajustables para ventanas son la soluci\u00f3n definitiva para crear ventilaci\u00f3n para una variedad de tama\u00f1os de ventanas.   Peso (lb) Dimensiones del Paquete (in)  Mosquitero 10&quot;x 20&quot; hasta 37&quot; 1.27 20 x 10 x 1  Mosquitero 15&quot; x 20&quot; hasta 37&quot; 1.42 20 x 15 x 1  Mosquitero 18&quot; x 21&quot; hasta 38&quot; 0.82 20 x 18 x 1\" \/>\n<meta property=\"og:url\" content=\"https:\/\/iamindustries.com\/es\/producto\/mosquitero-ajustable-10-x-20-to-37\/\" \/>\n<meta property=\"og:site_name\" content=\"IAM Industries\" \/>\n<meta property=\"article:modified_time\" content=\"2022-03-24T14:18:20+00:00\" \/>\n<meta property=\"og:image\" content=\"https:\/\/iamindustries.com\/wp-content\/uploads\/2022\/01\/adjwindowscreen.jpg\" \/>\n\t<meta property=\"og:image:width\" content=\"960\" \/>\n\t<meta property=\"og:image:height\" content=\"960\" \/>\n\t<meta property=\"og:image:type\" content=\"image\/jpeg\" \/>\n<meta name=\"twitter:card\" content=\"summary_large_image\" \/>\n<script type=\"application\/ld+json\" class=\"yoast-schema-graph\">{\"@context\":\"https:\\\/\\\/schema.org\",\"@graph\":[{\"@type\":\"WebPage\",\"@id\":\"https:\\\/\\\/iamindustries.com\\\/es\\\/producto\\\/mosquitero-ajustable-10-x-20-to-37\\\/\",\"url\":\"https:\\\/\\\/iamindustries.com\\\/es\\\/producto\\\/mosquitero-ajustable-10-x-20-to-37\\\/\",\"name\":\"Mosquitero Ajustable para Ventanas - IAM Industries\",\"isPartOf\":{\"@id\":\"https:\\\/\\\/iamindustries.com\\\/#website\"},\"primaryImageOfPage\":{\"@id\":\"https:\\\/\\\/iamindustries.com\\\/es\\\/producto\\\/mosquitero-ajustable-10-x-20-to-37\\\/#primaryimage\"},\"image\":{\"@id\":\"https:\\\/\\\/iamindustries.com\\\/es\\\/producto\\\/mosquitero-ajustable-10-x-20-to-37\\\/#primaryimage\"},\"thumbnailUrl\":\"https:\\\/\\\/iamindustries.com\\\/wp-content\\\/uploads\\\/2022\\\/01\\\/adjwindowscreen.jpg\",\"datePublished\":\"2022-01-31T16:15:34+00:00\",\"dateModified\":\"2022-03-24T14:18:20+00:00\",\"breadcrumb\":{\"@id\":\"https:\\\/\\\/iamindustries.com\\\/es\\\/producto\\\/mosquitero-ajustable-10-x-20-to-37\\\/#breadcrumb\"},\"inLanguage\":\"es\",\"potentialAction\":[{\"@type\":\"ReadAction\",\"target\":[\"https:\\\/\\\/iamindustries.com\\\/es\\\/producto\\\/mosquitero-ajustable-10-x-20-to-37\\\/\"]}]},{\"@type\":\"ImageObject\",\"inLanguage\":\"es\",\"@id\":\"https:\\\/\\\/iamindustries.com\\\/es\\\/producto\\\/mosquitero-ajustable-10-x-20-to-37\\\/#primaryimage\",\"url\":\"https:\\\/\\\/iamindustries.com\\\/wp-content\\\/uploads\\\/2022\\\/01\\\/adjwindowscreen.jpg\",\"contentUrl\":\"https:\\\/\\\/iamindustries.com\\\/wp-content\\\/uploads\\\/2022\\\/01\\\/adjwindowscreen.jpg\",\"width\":960,\"height\":960},{\"@type\":\"BreadcrumbList\",\"@id\":\"https:\\\/\\\/iamindustries.com\\\/es\\\/producto\\\/mosquitero-ajustable-10-x-20-to-37\\\/#breadcrumb\",\"itemListElement\":[{\"@type\":\"ListItem\",\"position\":1,\"name\":\"Home\",\"item\":\"https:\\\/\\\/iamindustries.com\\\/es\\\/home\\\/\"},{\"@type\":\"ListItem\",\"position\":2,\"name\":\"Tienda\",\"item\":\"https:\\\/\\\/iamindustries.com\\\/es\\\/tienda\\\/\"},{\"@type\":\"ListItem\",\"position\":3,\"name\":\"Mosquitero Ajustable para Ventanas\"}]},{\"@type\":\"WebSite\",\"@id\":\"https:\\\/\\\/iamindustries.com\\\/#website\",\"url\":\"https:\\\/\\\/iamindustries.com\\\/\",\"name\":\"IAM Industries\",\"description\":\"Develop products that meet and exceed customer needs. That our product are made under the most stringent quality standards. \",\"publisher\":{\"@id\":\"https:\\\/\\\/iamindustries.com\\\/#organization\"},\"potentialAction\":[{\"@type\":\"SearchAction\",\"target\":{\"@type\":\"EntryPoint\",\"urlTemplate\":\"https:\\\/\\\/iamindustries.com\\\/?s={search_term_string}\"},\"query-input\":{\"@type\":\"PropertyValueSpecification\",\"valueRequired\":true,\"valueName\":\"search_term_string\"}}],\"inLanguage\":\"es\"},{\"@type\":\"Organization\",\"@id\":\"https:\\\/\\\/iamindustries.com\\\/#organization\",\"name\":\"IAM Industries\",\"url\":\"https:\\\/\\\/iamindustries.com\\\/\",\"logo\":{\"@type\":\"ImageObject\",\"inLanguage\":\"es\",\"@id\":\"https:\\\/\\\/iamindustries.com\\\/#\\\/schema\\\/logo\\\/image\\\/\",\"url\":\"https:\\\/\\\/iamindustries.com\\\/wp-content\\\/uploads\\\/2022\\\/03\\\/cropped-favicon-iam.png\",\"contentUrl\":\"https:\\\/\\\/iamindustries.com\\\/wp-content\\\/uploads\\\/2022\\\/03\\\/cropped-favicon-iam.png\",\"width\":512,\"height\":512,\"caption\":\"IAM Industries\"},\"image\":{\"@id\":\"https:\\\/\\\/iamindustries.com\\\/#\\\/schema\\\/logo\\\/image\\\/\"}}]}<\/script>\n<!-- \/ Yoast SEO plugin. -->","yoast_head_json":{"title":"Mosquitero Ajustable para Ventanas - IAM Industries","robots":{"index":"index","follow":"follow","max-snippet":"max-snippet:-1","max-image-preview":"max-image-preview:large","max-video-preview":"max-video-preview:-1"},"canonical":"https:\/\/iamindustries.com\/es\/producto\/mosquitero-ajustable-10-x-20-to-37\/","og_locale":"es_MX","og_type":"article","og_title":"Mosquitero Ajustable para Ventanas - IAM Industries","og_description":"Las mosquiteras ajustables para ventanas son ideales para uso en una casa, veh\u00edculo recreativo, caba\u00f1a, barco o casa m\u00f3vil. Con pantalla de fibra de vidrio y un marco de aluminio duradero, las pantallas de ventana ajustables pueden expandirse de 20\" a 37\" de ancho y vienen en 3 alturas (10\", 15\" y 18\"). Las mosquiteras ajustables para ventanas son la soluci\u00f3n definitiva para crear ventilaci\u00f3n para una variedad de tama\u00f1os de ventanas.   Peso (lb) Dimensiones del Paquete (in)  Mosquitero 10\"x 20\" hasta 37\" 1.27 20 x 10 x 1  Mosquitero 15\" x 20\" hasta 37\" 1.42 20 x 15 x 1  Mosquitero 18\" x 21\" hasta 38\" 0.82 20 x 18 x 1","og_url":"https:\/\/iamindustries.com\/es\/producto\/mosquitero-ajustable-10-x-20-to-37\/","og_site_name":"IAM Industries","article_modified_time":"2022-03-24T14:18:20+00:00","og_image":[{"width":960,"height":960,"url":"https:\/\/iamindustries.com\/wp-content\/uploads\/2022\/01\/adjwindowscreen.jpg","type":"image\/jpeg"}],"twitter_card":"summary_large_image","schema":{"@context":"https:\/\/schema.org","@graph":[{"@type":"WebPage","@id":"https:\/\/iamindustries.com\/es\/producto\/mosquitero-ajustable-10-x-20-to-37\/","url":"https:\/\/iamindustries.com\/es\/producto\/mosquitero-ajustable-10-x-20-to-37\/","name":"Mosquitero Ajustable para Ventanas - IAM Industries","isPartOf":{"@id":"https:\/\/iamindustries.com\/#website"},"primaryImageOfPage":{"@id":"https:\/\/iamindustries.com\/es\/producto\/mosquitero-ajustable-10-x-20-to-37\/#primaryimage"},"image":{"@id":"https:\/\/iamindustries.com\/es\/producto\/mosquitero-ajustable-10-x-20-to-37\/#primaryimage"},"thumbnailUrl":"https:\/\/iamindustries.com\/wp-content\/uploads\/2022\/01\/adjwindowscreen.jpg","datePublished":"2022-01-31T16:15:34+00:00","dateModified":"2022-03-24T14:18:20+00:00","breadcrumb":{"@id":"https:\/\/iamindustries.com\/es\/producto\/mosquitero-ajustable-10-x-20-to-37\/#breadcrumb"},"inLanguage":"es","potentialAction":[{"@type":"ReadAction","target":["https:\/\/iamindustries.com\/es\/producto\/mosquitero-ajustable-10-x-20-to-37\/"]}]},{"@type":"ImageObject","inLanguage":"es","@id":"https:\/\/iamindustries.com\/es\/producto\/mosquitero-ajustable-10-x-20-to-37\/#primaryimage","url":"https:\/\/iamindustries.com\/wp-content\/uploads\/2022\/01\/adjwindowscreen.jpg","contentUrl":"https:\/\/iamindustries.com\/wp-content\/uploads\/2022\/01\/adjwindowscreen.jpg","width":960,"height":960},{"@type":"BreadcrumbList","@id":"https:\/\/iamindustries.com\/es\/producto\/mosquitero-ajustable-10-x-20-to-37\/#breadcrumb","itemListElement":[{"@type":"ListItem","position":1,"name":"Home","item":"https:\/\/iamindustries.com\/es\/home\/"},{"@type":"ListItem","position":2,"name":"Tienda","item":"https:\/\/iamindustries.com\/es\/tienda\/"},{"@type":"ListItem","position":3,"name":"Mosquitero Ajustable para Ventanas"}]},{"@type":"WebSite","@id":"https:\/\/iamindustries.com\/#website","url":"https:\/\/iamindustries.com\/","name":"IAM Industries","description":"Develop products that meet and exceed customer needs. That our product are made under the most stringent quality standards. ","publisher":{"@id":"https:\/\/iamindustries.com\/#organization"},"potentialAction":[{"@type":"SearchAction","target":{"@type":"EntryPoint","urlTemplate":"https:\/\/iamindustries.com\/?s={search_term_string}"},"query-input":{"@type":"PropertyValueSpecification","valueRequired":true,"valueName":"search_term_string"}}],"inLanguage":"es"},{"@type":"Organization","@id":"https:\/\/iamindustries.com\/#organization","name":"IAM Industries","url":"https:\/\/iamindustries.com\/","logo":{"@type":"ImageObject","inLanguage":"es","@id":"https:\/\/iamindustries.com\/#\/schema\/logo\/image\/","url":"https:\/\/iamindustries.com\/wp-content\/uploads\/2022\/03\/cropped-favicon-iam.png","contentUrl":"https:\/\/iamindustries.com\/wp-content\/uploads\/2022\/03\/cropped-favicon-iam.png","width":512,"height":512,"caption":"IAM Industries"},"image":{"@id":"https:\/\/iamindustries.com\/#\/schema\/logo\/image\/"}}]}},"jetpack_sharing_enabled":true,"_links":{"self":[{"href":"https:\/\/iamindustries.com\/es\/wp-json\/wp\/v2\/product\/1864","targetHints":{"allow":["GET"]}}],"collection":[{"href":"https:\/\/iamindustries.com\/es\/wp-json\/wp\/v2\/product"}],"about":[{"href":"https:\/\/iamindustries.com\/es\/wp-json\/wp\/v2\/types\/product"}],"wp:featuredmedia":[{"embeddable":true,"href":"https:\/\/iamindustries.com\/es\/wp-json\/wp\/v2\/media\/1962"}],"wp:attachment":[{"href":"https:\/\/iamindustries.com\/es\/wp-json\/wp\/v2\/media?parent=1864"}],"wp:term":[{"taxonomy":"product_brand","embeddable":true,"href":"https:\/\/iamindustries.com\/es\/wp-json\/wp\/v2\/product_brand?post=1864"},{"taxonomy":"product_cat","embeddable":true,"href":"https:\/\/iamindustries.com\/es\/wp-json\/wp\/v2\/product_cat?post=1864"},{"taxonomy":"product_tag","embeddable":true,"href":"https:\/\/iamindustries.com\/es\/wp-json\/wp\/v2\/product_tag?post=1864"}],"curies":[{"name":"wp","href":"https:\/\/api.w.org\/{rel}","templated":true}]}}