{"id":1855,"date":"2022-01-31T16:15:34","date_gmt":"2022-01-31T16:15:34","guid":{"rendered":"https:\/\/iamindustries.com\/product\/esquineros-pack-4\/"},"modified":"2022-06-07T16:47:15","modified_gmt":"2022-06-07T16:47:15","slug":"esquineros-pack-4","status":"publish","type":"product","link":"https:\/\/iamindustries.com\/es\/producto\/esquineros-pack-4\/","title":{"rendered":"Esquineros para Marco de Mosquitero (12 Pieces)"},"content":{"rendered":"<ul>\n<li>Fit 5\/16 in. framing<\/li>\n<li>Dise\u00f1ado para unir piezas de marco<\/li>\n<li>Construcci\u00f3n de pl\u00e1stico gris y blanco<\/li>\n<li>Resistente al clima<\/li>\n<\/ul>\n","protected":false},"excerpt":{"rendered":"<p class=\"p1\"><span style=\"font-weight: 400;\">Construya o repare un marco de pantalla con estos esquineros de marco de pantalla de 5\/16&#8243; hechos a medida. Fabricadas en pl\u00e1stico resistente a la intemperie, estos esquineros para marcos son duraderas, as\u00ed como r\u00e1pidas y f\u00e1ciles de usar, sin necesidad de hacer ingletes. <\/span><\/p>\n<p><strong>Incluye: 3 Paquetes de 4 (12 esquineros en total)<\/strong><\/p>\n<p>Peso: 0.04 lb<\/p>\n<p>Dimensiones del Paquete: 3.5 x 5.5 x 0.875 in<\/p>\n","protected":false},"featured_media":1773,"template":"","meta":[],"product_brand":[],"product_cat":[121],"product_tag":[],"class_list":{"0":"post-1855","1":"product","2":"type-product","3":"status-publish","4":"has-post-thumbnail","6":"product_cat-esquinero","8":"first","9":"instock","10":"taxable","11":"shipping-taxable","12":"purchasable","13":"product-type-variable"},"yoast_head":"<!-- This site is optimized with the Yoast SEO plugin v27.4 - https:\/\/yoast.com\/product\/yoast-seo-wordpress\/ -->\n<title>Esquineros para Marco de Mosquitero (12 Pieces) - IAM Industries<\/title>\n<meta name=\"robots\" content=\"index, follow, max-snippet:-1, max-image-preview:large, max-video-preview:-1\" \/>\n<link rel=\"canonical\" href=\"https:\/\/iamindustries.com\/es\/producto\/esquineros-pack-4\/\" \/>\n<meta property=\"og:locale\" content=\"es_MX\" \/>\n<meta property=\"og:type\" content=\"article\" \/>\n<meta property=\"og:title\" content=\"Esquineros para Marco de Mosquitero (12 Pieces) - IAM Industries\" \/>\n<meta property=\"og:description\" content=\"Construya o repare un marco de pantalla con estos esquineros de marco de pantalla de 5\/16&quot; hechos a medida. Fabricadas en pl\u00e1stico resistente a la intemperie, estos esquineros para marcos son duraderas, as\u00ed como r\u00e1pidas y f\u00e1ciles de usar, sin necesidad de hacer ingletes. Incluye: 3 Paquetes de 4 (12 esquineros en total) Peso: 0.04 lb Dimensiones del Paquete: 3.5 x 5.5 x 0.875 in\" \/>\n<meta property=\"og:url\" content=\"https:\/\/iamindustries.com\/es\/producto\/esquineros-pack-4\/\" \/>\n<meta property=\"og:site_name\" content=\"IAM Industries\" \/>\n<meta property=\"article:modified_time\" content=\"2022-06-07T16:47:15+00:00\" \/>\n<meta property=\"og:image\" content=\"https:\/\/iamindustries.com\/wp-content\/uploads\/2022\/01\/allcolorscorners.jpg\" \/>\n\t<meta property=\"og:image:width\" content=\"960\" \/>\n\t<meta property=\"og:image:height\" content=\"960\" \/>\n\t<meta property=\"og:image:type\" content=\"image\/jpeg\" \/>\n<meta name=\"twitter:card\" content=\"summary_large_image\" \/>\n<script type=\"application\/ld+json\" class=\"yoast-schema-graph\">{\"@context\":\"https:\\\/\\\/schema.org\",\"@graph\":[{\"@type\":\"WebPage\",\"@id\":\"https:\\\/\\\/iamindustries.com\\\/es\\\/producto\\\/esquineros-pack-4\\\/\",\"url\":\"https:\\\/\\\/iamindustries.com\\\/es\\\/producto\\\/esquineros-pack-4\\\/\",\"name\":\"Esquineros para Marco de Mosquitero (12 Pieces) - IAM Industries\",\"isPartOf\":{\"@id\":\"https:\\\/\\\/iamindustries.com\\\/#website\"},\"primaryImageOfPage\":{\"@id\":\"https:\\\/\\\/iamindustries.com\\\/es\\\/producto\\\/esquineros-pack-4\\\/#primaryimage\"},\"image\":{\"@id\":\"https:\\\/\\\/iamindustries.com\\\/es\\\/producto\\\/esquineros-pack-4\\\/#primaryimage\"},\"thumbnailUrl\":\"https:\\\/\\\/iamindustries.com\\\/wp-content\\\/uploads\\\/2022\\\/01\\\/allcolorscorners.jpg\",\"datePublished\":\"2022-01-31T16:15:34+00:00\",\"dateModified\":\"2022-06-07T16:47:15+00:00\",\"breadcrumb\":{\"@id\":\"https:\\\/\\\/iamindustries.com\\\/es\\\/producto\\\/esquineros-pack-4\\\/#breadcrumb\"},\"inLanguage\":\"es\",\"potentialAction\":[{\"@type\":\"ReadAction\",\"target\":[\"https:\\\/\\\/iamindustries.com\\\/es\\\/producto\\\/esquineros-pack-4\\\/\"]}]},{\"@type\":\"ImageObject\",\"inLanguage\":\"es\",\"@id\":\"https:\\\/\\\/iamindustries.com\\\/es\\\/producto\\\/esquineros-pack-4\\\/#primaryimage\",\"url\":\"https:\\\/\\\/iamindustries.com\\\/wp-content\\\/uploads\\\/2022\\\/01\\\/allcolorscorners.jpg\",\"contentUrl\":\"https:\\\/\\\/iamindustries.com\\\/wp-content\\\/uploads\\\/2022\\\/01\\\/allcolorscorners.jpg\",\"width\":960,\"height\":960},{\"@type\":\"BreadcrumbList\",\"@id\":\"https:\\\/\\\/iamindustries.com\\\/es\\\/producto\\\/esquineros-pack-4\\\/#breadcrumb\",\"itemListElement\":[{\"@type\":\"ListItem\",\"position\":1,\"name\":\"Home\",\"item\":\"https:\\\/\\\/iamindustries.com\\\/es\\\/home\\\/\"},{\"@type\":\"ListItem\",\"position\":2,\"name\":\"Tienda\",\"item\":\"https:\\\/\\\/iamindustries.com\\\/es\\\/tienda\\\/\"},{\"@type\":\"ListItem\",\"position\":3,\"name\":\"Esquineros para Marco de Mosquitero (12 Pieces)\"}]},{\"@type\":\"WebSite\",\"@id\":\"https:\\\/\\\/iamindustries.com\\\/#website\",\"url\":\"https:\\\/\\\/iamindustries.com\\\/\",\"name\":\"IAM Industries\",\"description\":\"Develop products that meet and exceed customer needs. That our product are made under the most stringent quality standards. \",\"publisher\":{\"@id\":\"https:\\\/\\\/iamindustries.com\\\/#organization\"},\"potentialAction\":[{\"@type\":\"SearchAction\",\"target\":{\"@type\":\"EntryPoint\",\"urlTemplate\":\"https:\\\/\\\/iamindustries.com\\\/?s={search_term_string}\"},\"query-input\":{\"@type\":\"PropertyValueSpecification\",\"valueRequired\":true,\"valueName\":\"search_term_string\"}}],\"inLanguage\":\"es\"},{\"@type\":\"Organization\",\"@id\":\"https:\\\/\\\/iamindustries.com\\\/#organization\",\"name\":\"IAM Industries\",\"url\":\"https:\\\/\\\/iamindustries.com\\\/\",\"logo\":{\"@type\":\"ImageObject\",\"inLanguage\":\"es\",\"@id\":\"https:\\\/\\\/iamindustries.com\\\/#\\\/schema\\\/logo\\\/image\\\/\",\"url\":\"https:\\\/\\\/iamindustries.com\\\/wp-content\\\/uploads\\\/2022\\\/03\\\/cropped-favicon-iam.png\",\"contentUrl\":\"https:\\\/\\\/iamindustries.com\\\/wp-content\\\/uploads\\\/2022\\\/03\\\/cropped-favicon-iam.png\",\"width\":512,\"height\":512,\"caption\":\"IAM Industries\"},\"image\":{\"@id\":\"https:\\\/\\\/iamindustries.com\\\/#\\\/schema\\\/logo\\\/image\\\/\"}}]}<\/script>\n<!-- \/ Yoast SEO plugin. -->","yoast_head_json":{"title":"Esquineros para Marco de Mosquitero (12 Pieces) - IAM Industries","robots":{"index":"index","follow":"follow","max-snippet":"max-snippet:-1","max-image-preview":"max-image-preview:large","max-video-preview":"max-video-preview:-1"},"canonical":"https:\/\/iamindustries.com\/es\/producto\/esquineros-pack-4\/","og_locale":"es_MX","og_type":"article","og_title":"Esquineros para Marco de Mosquitero (12 Pieces) - IAM Industries","og_description":"Construya o repare un marco de pantalla con estos esquineros de marco de pantalla de 5\/16\" hechos a medida. Fabricadas en pl\u00e1stico resistente a la intemperie, estos esquineros para marcos son duraderas, as\u00ed como r\u00e1pidas y f\u00e1ciles de usar, sin necesidad de hacer ingletes. Incluye: 3 Paquetes de 4 (12 esquineros en total) Peso: 0.04 lb Dimensiones del Paquete: 3.5 x 5.5 x 0.875 in","og_url":"https:\/\/iamindustries.com\/es\/producto\/esquineros-pack-4\/","og_site_name":"IAM Industries","article_modified_time":"2022-06-07T16:47:15+00:00","og_image":[{"width":960,"height":960,"url":"https:\/\/iamindustries.com\/wp-content\/uploads\/2022\/01\/allcolorscorners.jpg","type":"image\/jpeg"}],"twitter_card":"summary_large_image","schema":{"@context":"https:\/\/schema.org","@graph":[{"@type":"WebPage","@id":"https:\/\/iamindustries.com\/es\/producto\/esquineros-pack-4\/","url":"https:\/\/iamindustries.com\/es\/producto\/esquineros-pack-4\/","name":"Esquineros para Marco de Mosquitero (12 Pieces) - IAM Industries","isPartOf":{"@id":"https:\/\/iamindustries.com\/#website"},"primaryImageOfPage":{"@id":"https:\/\/iamindustries.com\/es\/producto\/esquineros-pack-4\/#primaryimage"},"image":{"@id":"https:\/\/iamindustries.com\/es\/producto\/esquineros-pack-4\/#primaryimage"},"thumbnailUrl":"https:\/\/iamindustries.com\/wp-content\/uploads\/2022\/01\/allcolorscorners.jpg","datePublished":"2022-01-31T16:15:34+00:00","dateModified":"2022-06-07T16:47:15+00:00","breadcrumb":{"@id":"https:\/\/iamindustries.com\/es\/producto\/esquineros-pack-4\/#breadcrumb"},"inLanguage":"es","potentialAction":[{"@type":"ReadAction","target":["https:\/\/iamindustries.com\/es\/producto\/esquineros-pack-4\/"]}]},{"@type":"ImageObject","inLanguage":"es","@id":"https:\/\/iamindustries.com\/es\/producto\/esquineros-pack-4\/#primaryimage","url":"https:\/\/iamindustries.com\/wp-content\/uploads\/2022\/01\/allcolorscorners.jpg","contentUrl":"https:\/\/iamindustries.com\/wp-content\/uploads\/2022\/01\/allcolorscorners.jpg","width":960,"height":960},{"@type":"BreadcrumbList","@id":"https:\/\/iamindustries.com\/es\/producto\/esquineros-pack-4\/#breadcrumb","itemListElement":[{"@type":"ListItem","position":1,"name":"Home","item":"https:\/\/iamindustries.com\/es\/home\/"},{"@type":"ListItem","position":2,"name":"Tienda","item":"https:\/\/iamindustries.com\/es\/tienda\/"},{"@type":"ListItem","position":3,"name":"Esquineros para Marco de Mosquitero (12 Pieces)"}]},{"@type":"WebSite","@id":"https:\/\/iamindustries.com\/#website","url":"https:\/\/iamindustries.com\/","name":"IAM Industries","description":"Develop products that meet and exceed customer needs. That our product are made under the most stringent quality standards. ","publisher":{"@id":"https:\/\/iamindustries.com\/#organization"},"potentialAction":[{"@type":"SearchAction","target":{"@type":"EntryPoint","urlTemplate":"https:\/\/iamindustries.com\/?s={search_term_string}"},"query-input":{"@type":"PropertyValueSpecification","valueRequired":true,"valueName":"search_term_string"}}],"inLanguage":"es"},{"@type":"Organization","@id":"https:\/\/iamindustries.com\/#organization","name":"IAM Industries","url":"https:\/\/iamindustries.com\/","logo":{"@type":"ImageObject","inLanguage":"es","@id":"https:\/\/iamindustries.com\/#\/schema\/logo\/image\/","url":"https:\/\/iamindustries.com\/wp-content\/uploads\/2022\/03\/cropped-favicon-iam.png","contentUrl":"https:\/\/iamindustries.com\/wp-content\/uploads\/2022\/03\/cropped-favicon-iam.png","width":512,"height":512,"caption":"IAM Industries"},"image":{"@id":"https:\/\/iamindustries.com\/#\/schema\/logo\/image\/"}}]}},"jetpack_sharing_enabled":true,"_links":{"self":[{"href":"https:\/\/iamindustries.com\/es\/wp-json\/wp\/v2\/product\/1855","targetHints":{"allow":["GET"]}}],"collection":[{"href":"https:\/\/iamindustries.com\/es\/wp-json\/wp\/v2\/product"}],"about":[{"href":"https:\/\/iamindustries.com\/es\/wp-json\/wp\/v2\/types\/product"}],"wp:featuredmedia":[{"embeddable":true,"href":"https:\/\/iamindustries.com\/es\/wp-json\/wp\/v2\/media\/1773"}],"wp:attachment":[{"href":"https:\/\/iamindustries.com\/es\/wp-json\/wp\/v2\/media?parent=1855"}],"wp:term":[{"taxonomy":"product_brand","embeddable":true,"href":"https:\/\/iamindustries.com\/es\/wp-json\/wp\/v2\/product_brand?post=1855"},{"taxonomy":"product_cat","embeddable":true,"href":"https:\/\/iamindustries.com\/es\/wp-json\/wp\/v2\/product_cat?post=1855"},{"taxonomy":"product_tag","embeddable":true,"href":"https:\/\/iamindustries.com\/es\/wp-json\/wp\/v2\/product_tag?post=1855"}],"curies":[{"name":"wp","href":"https:\/\/api.w.org\/{rel}","templated":true}]}}