{"id":1929,"date":"2021-10-25T08:58:37","date_gmt":"2021-10-25T08:58:37","guid":{"rendered":"https:\/\/iamindustries.com\/politica-privacidad\/"},"modified":"2022-04-27T22:45:14","modified_gmt":"2022-04-27T22:45:14","slug":"politica-privacidad","status":"publish","type":"page","link":"https:\/\/iamindustries.com\/es\/politica-privacidad\/","title":{"rendered":"Pol\u00edtica de privacidad"},"content":{"rendered":"\t\t<div data-elementor-type=\"wp-page\" data-elementor-id=\"1929\" class=\"elementor elementor-1929 elementor-3\">\n\t\t\t\t\t\t\t\t\t<section class=\"elementor-section elementor-top-section elementor-element elementor-element-6e006633 elementor-section-boxed elementor-section-height-default elementor-section-height-default\" data-id=\"6e006633\" data-element_type=\"section\">\n\t\t\t\t\t\t<div class=\"elementor-container elementor-column-gap-default\">\n\t\t\t\t\t<div class=\"elementor-column elementor-col-100 elementor-top-column elementor-element elementor-element-66c3c359\" data-id=\"66c3c359\" data-element_type=\"column\">\n\t\t\t<div class=\"elementor-widget-wrap elementor-element-populated\">\n\t\t\t\t\t\t\t\t<div class=\"elementor-element elementor-element-20983974 elementor-widget elementor-widget-text-editor\" data-id=\"20983974\" data-element_type=\"widget\" data-widget_type=\"text-editor.default\">\n\t\t\t\t<div class=\"elementor-widget-container\">\n\t\t\t<style>\/*! elementor - v3.13.3 - 28-05-2023 *\/\n.elementor-widget-text-editor.elementor-drop-cap-view-stacked .elementor-drop-cap{background-color:#69727d;color:#fff}.elementor-widget-text-editor.elementor-drop-cap-view-framed .elementor-drop-cap{color:#69727d;border:3px solid;background-color:transparent}.elementor-widget-text-editor:not(.elementor-drop-cap-view-default) .elementor-drop-cap{margin-top:8px}.elementor-widget-text-editor:not(.elementor-drop-cap-view-default) .elementor-drop-cap-letter{width:1em;height:1em}.elementor-widget-text-editor .elementor-drop-cap{float:left;text-align:center;line-height:1;font-size:50px}.elementor-widget-text-editor .elementor-drop-cap-letter{display:inline-block}<\/style>\t\t\t\t<h1><strong>Pol\u00edtica de privacidad<\/strong><\/h1><p><span style=\"font-weight: 400;\">En IAM Industries, respetamos la privacidad de nuestros clientes y de los visitantes de nuestro sitio web. Esta declaraci\u00f3n describe las pr\u00e1cticas actuales de recopilaci\u00f3n de informaci\u00f3n, intercambio y privacidad de nuestro sitio web, <\/span><a href=\"http:\/\/www.iamindustries.com\"><span style=\"font-weight: 400;\">www.iamindustries.com<\/span><\/a><\/p><h2><span style=\"font-weight: 400;\">Recopilaci\u00f3n de informaci\u00f3n personal<\/span><\/h2><p><span style=\"font-weight: 400;\">Le preguntaremos cuando necesitemos informaci\u00f3n que le identifique individualmente o que nos permita contactar con usted directamente (informaci\u00f3n personal).<\/span><\/p><p><span style=\"font-weight: 400;\">Es posible que le pidamos informaci\u00f3n personal cuando compre un producto, participe en un concurso, solicite un servicio, complete una encuesta, se suscriba a un bolet\u00edn de noticias o participe en alguna otra actividad en nuestro sitio. En relaci\u00f3n con estas actividades, podemos pedirle informaci\u00f3n de contacto como su nombre, n\u00famero de tel\u00e9fono y direcci\u00f3n de correo electr\u00f3nico.<\/span><\/p><p><span style=\"font-weight: 400;\">Cuando usted visita nuestro sitio web, recogemos informaci\u00f3n est\u00e1ndar sobre su hardware y software, como sus direcciones IP, el tipo de navegador, el sistema operativo, las p\u00e1ginas visitadas en nuestro sitio, las p\u00e1ginas de referencia y de salida, y las fechas y horas de las visitas.<\/span><\/p><p><span style=\"font-weight: 400;\">Estos datos de visitas al sitio se utilizan para administrar el sitio y proporcionar estad\u00edsticas generales sobre el uso de<\/span> <a href=\"https:\/\/www.iamindustries.com\/\"><span style=\"font-weight: 400;\">iamindustries.com<\/span><\/a><span style=\"font-weight: 400;\">. Los datos de las visitas al sitio nunca se vinculan a su informaci\u00f3n personal, y no los utilizamos para identificarle individualmente sin su permiso.<\/span><\/p><h2><span style=\"font-weight: 400;\">Uso de los datos personales<\/span><\/h2><p><span style=\"font-weight: 400;\">Mantendremos toda la informaci\u00f3n recopilada de usted en este sitio estrictamente confidencial y no venderemos, alquilaremos, comercializaremos o compartiremos su informaci\u00f3n personal con terceros para su uso promocional sin su permiso.<\/span><\/p><p><span style=\"font-weight: 400;\">Utilizaremos la informaci\u00f3n personal que nos proporcione para cumplir con los servicios y proporcionar los productos que nos solicite. Esto puede incluir el env\u00edo de informaci\u00f3n que usted ha solicitado, o ponerse en contacto con usted acerca de los productos y servicios que ha comprado. Si no opta por dejar de recibir comunicaciones de IAM Industries, podemos enviarle avisos de marketing, incluyendo promociones de nuestros productos y servicios. Usted puede optar por dejar de recibir comunicaciones de IAM Industries en cualquier momento.<\/span><\/p><p><span style=\"font-weight: 400;\">A veces contratamos a otras empresas para que nos presten servicios como el empaquetado y el env\u00edo de informaci\u00f3n, la respuesta a las preguntas de los usuarios o el procesamiento de las transacciones con tarjeta de cr\u00e9dito. S\u00f3lo proporcionaremos a estos socios la informaci\u00f3n que necesiten para llevar a cabo sus servicios, se les prohibir\u00e1 utilizar la informaci\u00f3n que les proporcionemos para cualquier otro prop\u00f3sito y les exigiremos que observen la intenci\u00f3n de esta Pol\u00edtica de Privacidad.<\/span><\/p><p><span style=\"font-weight: 400;\">Podemos revelar su informaci\u00f3n personal cuando creamos razonablemente que es requerido por una ley o proceso legal y para proteger y defender nuestros derechos e intereses y los derechos e intereses de nuestros afiliados, proveedores o usuarios. Tambi\u00e9n nos reservamos el derecho a informar a las fuerzas del orden de cualquier actividad que, de buena fe, consideremos ilegal. Podemos divulgar cierta informaci\u00f3n personal cuando creamos que dicha divulgaci\u00f3n es razonablemente necesaria para hacer cumplir o aplicar estos t\u00e9rminos y condiciones o para proteger los derechos, la propiedad y la seguridad de otros y de nosotros mismos.<\/span><\/p><p><span style=\"font-weight: 400;\">En caso de que pasemos por una transici\u00f3n empresarial, como una fusi\u00f3n, una adquisici\u00f3n por parte de otra empresa o una venta de todos o parte de nuestros activos, la informaci\u00f3n personal de los usuarios formar\u00e1 parte, en la mayor\u00eda de los casos, de los activos transferidos. Las notificaciones de dicha transici\u00f3n se har\u00e1n a trav\u00e9s de los mecanismos descritos en la secci\u00f3n &#8220;Cambios en esta declaraci\u00f3n&#8221; m\u00e1s adelante.<\/span><\/p><h2><span style=\"font-weight: 400;\">Seguridad de la informaci\u00f3n que recopilamos<\/span><\/h2><p><span style=\"font-weight: 400;\">Nos comprometemos a proteger la seguridad de su informaci\u00f3n personal y utilizamos una serie de tecnolog\u00edas y procedimientos para protegerla. Por ejemplo, almacenamos la informaci\u00f3n personal en una instalaci\u00f3n segura de acceso limitado; la informaci\u00f3n sensible que se nos transmite a trav\u00e9s de nuestra tienda (como el n\u00famero de la tarjeta de cr\u00e9dito) se encripta para su transmisi\u00f3n mediante el protocolo Secure Socket Layer (SSL). El cifrado SSL est\u00e1 dise\u00f1ado para que la informaci\u00f3n no pueda ser le\u00edda por nadie m\u00e1s que nosotros.<\/span><\/p><h2><span style=\"font-weight: 400;\">Uso de cookies<\/span><\/h2><p><span style=\"font-weight: 400;\">Cuando usted visita nuestro sitio, una cookie puede ser guardada en su ordenador (si su ordenador acepta cookies), y si usted vuelve al sitio la cookie puede ser le\u00edda. Utilizamos cookies para ayudarnos a recopilar los datos de visitas al sitio descritos anteriormente y, en algunos casos, para ofrecer contenidos especializados. Una cookie es un peque\u00f1o archivo de datos que algunos sitios web escriben en su disco duro cuando los visita. Un archivo cookie puede contener informaci\u00f3n como un ID de usuario que el sitio utiliza para rastrear las p\u00e1ginas que ha visitado, pero la \u00fanica informaci\u00f3n personal que puede contener una cookie es la que usted mismo proporciona. Una cookie no puede leer datos de su disco duro ni leer archivos de cookies creados por otros sitios. Algunas partes de nuestro sitio web utilizan cookies para rastrear los patrones de tr\u00e1fico de los usuarios. Lo hacemos para determinar la utilidad de la informaci\u00f3n de nuestro sitio web para nuestros usuarios y para ver la eficacia de nuestra estructura de navegaci\u00f3n para ayudar a los usuarios a llegar a esa informaci\u00f3n. No correlacionamos esta informaci\u00f3n con datos sobre usuarios individuales, ni compartimos esta informaci\u00f3n ni la vendemos a terceros.<\/span><\/p><p><span style=\"font-weight: 400;\">Si prefiere no recibir cookies en nuestro sitio web, puede configurar su navegador para que le avise antes de aceptarlas y rechazarlas cuando su navegador le avise de su presencia. Tambi\u00e9n puede rechazar todas las cookies desactiv\u00e1ndolas en su navegador. No es necesario tener las cookies activadas para utilizar cualquier \u00e1rea de nuestro sitio web.<\/span><\/p><p><span style=\"font-weight: 400;\">Tambi\u00e9n podemos utilizar balizas web, tecnolog\u00eda clear gif o etiquetas de acci\u00f3n como mecanismos para recopilar datos agregados de visitas al sitio mediante el seguimiento de la forma en que los usuarios navegan hacia y a trav\u00e9s de nuestro sitio web. Tambi\u00e9n podemos utilizar esta tecnolog\u00eda para rastrear la entrega de mensajes de correo electr\u00f3nico HTML. Estos datos se recogen exclusivamente para su uso en nuestro marketing e investigaci\u00f3n.<\/span><\/p><h2><span style=\"font-weight: 400;\">Aplicaci\u00f3n de esta declaraci\u00f3n<\/span><\/h2><p><span style=\"font-weight: 400;\">Si tiene preguntas sobre las pol\u00edticas descritas en esta declaraci\u00f3n, env\u00edenos un correo electr\u00f3nico directamente a la direcci\u00f3n que figura a continuaci\u00f3n:<\/span><\/p><p><span style=\"font-weight: 400;\"> <img loading=\"lazy\" decoding=\"async\" class=\"alignnone wp-image-1937\" src=\"https:\/\/iamindustries.com\/wp-content\/uploads\/2022\/03\/email-copy-300x52.jpg\" alt=\"\" width=\"161\" height=\"28\" srcset=\"https:\/\/iamindustries.com\/wp-content\/uploads\/2022\/03\/email-copy-300x52.jpg 300w, https:\/\/iamindustries.com\/wp-content\/uploads\/2022\/03\/email-copy-768x133.jpg 768w, https:\/\/iamindustries.com\/wp-content\/uploads\/2022\/03\/email-copy-600x104.jpg 600w, https:\/\/iamindustries.com\/wp-content\/uploads\/2022\/03\/email-copy.jpg 999w\" sizes=\"auto, (max-width: 161px) 100vw, 161px\" \/><\/span><\/p><h2><span style=\"font-weight: 400;\">Enlaces a otros sitios web<\/span><\/h2><p><span style=\"font-weight: 400;\">Nuestro sitio web puede contener enlaces a otros sitios web. Si utiliza estos enlaces, abandonar\u00e1 nuestro sitio web. Cuando acceda a un sitio web de terceros, incluso uno que pueda contener el nombre y el logotipo de IAM Industries, tenga en cuenta que no controlamos el contenido y que no somos responsables de las pr\u00e1cticas de privacidad de ese sitio, por lo que le recomendamos que revise las pol\u00edticas de privacidad de cada sitio que utilice. Esta declaraci\u00f3n de privacidad no cubre las pr\u00e1cticas de informaci\u00f3n de los sitios web vinculados a nuestro sitio web. Estos otros sitios pueden enviar sus propias cookies a los usuarios, recoger datos o solicitar informaci\u00f3n personal.<\/span><\/p><h2><span style=\"font-weight: 400;\">Cambios en esta declaraci\u00f3n<\/span><\/h2><p><span style=\"font-weight: 400;\">Es posible que actualicemos de vez en cuando esta declaraci\u00f3n de privacidad.<\/span><\/p><h2><span style=\"font-weight: 400;\">Informaci\u00f3n de contacto<\/span><\/h2><p><span style=\"font-weight: 400;\">Agradecemos su opini\u00f3n sobre nuestra pol\u00edtica de privacidad. Si tiene alguna pregunta o sugerencia sobre nuestra pol\u00edtica de privacidad, p\u00f3ngase en contacto con nosotros:<\/span><\/p><p><img loading=\"lazy\" decoding=\"async\" class=\"alignnone wp-image-1496\" src=\"https:\/\/iamindustries.com\/wp-content\/uploads\/2022\/03\/icons8-email-64.png\" alt=\"\" width=\"26\" height=\"26\"><img loading=\"lazy\" decoding=\"async\" class=\"alignnone wp-image-1505\" src=\"https:\/\/iamindustries.com\/wp-content\/uploads\/2022\/03\/Untitled-2-e1647019633468-300x43.png\" alt=\"\" width=\"169\" height=\"24\" srcset=\"https:\/\/iamindustries.com\/wp-content\/uploads\/2022\/03\/Untitled-2-e1647019633468-300x43.png 300w, https:\/\/iamindustries.com\/wp-content\/uploads\/2022\/03\/Untitled-2-e1647019633468-768x111.png 768w, https:\/\/iamindustries.com\/wp-content\/uploads\/2022\/03\/Untitled-2-e1647019633468-600x87.png 600w, https:\/\/iamindustries.com\/wp-content\/uploads\/2022\/03\/Untitled-2-e1647019633468.png 959w\" sizes=\"auto, (max-width: 169px) 100vw, 169px\" \/><\/p><p><span style=\"font-weight: 400;\">2350 Central Blvd. <\/span><\/p><p><span style=\"font-weight: 400;\">Brownsville, TX<\/span><\/p><p><span style=\"font-weight: 400;\">78520, USA<\/span><\/p>\t\t\t\t\t\t<\/div>\n\t\t\t\t<\/div>\n\t\t\t\t\t<\/div>\n\t\t<\/div>\n\t\t\t\t\t\t\t<\/div>\n\t\t<\/section>\n\t\t\t\t\t\t\t<\/div>\n\t\t","protected":false},"excerpt":{"rendered":"<p>Pol\u00edtica de privacidad En IAM Industries, respetamos la privacidad de nuestros clientes y de los visitantes de nuestro sitio web. Esta declaraci\u00f3n describe las pr\u00e1cticas actuales de recopilaci\u00f3n de informaci\u00f3n, intercambio y privacidad de nuestro sitio web, www.iamindustries.com Recopilaci\u00f3n de informaci\u00f3n personal Le preguntaremos cuando necesitemos informaci\u00f3n que le identifique individualmente o que nos permita [&hellip;]<\/p>\n","protected":false},"author":1,"featured_media":0,"parent":0,"menu_order":0,"comment_status":"closed","ping_status":"open","template":"","meta":{"footnotes":""},"class_list":["post-1929","page","type-page","status-publish","hentry"],"yoast_head":"<!-- This site is optimized with the Yoast SEO plugin v27.3 - https:\/\/yoast.com\/product\/yoast-seo-wordpress\/ -->\n<title>Pol\u00edtica de privacidad - IAM Industries<\/title>\n<meta name=\"robots\" content=\"index, follow, max-snippet:-1, max-image-preview:large, max-video-preview:-1\" \/>\n<link rel=\"canonical\" href=\"https:\/\/iamindustries.com\/privacy-policy\/\" \/>\n<meta property=\"og:locale\" content=\"es_MX\" \/>\n<meta property=\"og:type\" content=\"article\" \/>\n<meta property=\"og:title\" content=\"Pol\u00edtica de privacidad - IAM Industries\" \/>\n<meta property=\"og:description\" content=\"Pol\u00edtica de privacidad En IAM Industries, respetamos la privacidad de nuestros clientes y de los visitantes de nuestro sitio web. Esta declaraci\u00f3n describe las pr\u00e1cticas actuales de recopilaci\u00f3n de informaci\u00f3n, intercambio y privacidad de nuestro sitio web, www.iamindustries.com Recopilaci\u00f3n de informaci\u00f3n personal Le preguntaremos cuando necesitemos informaci\u00f3n que le identifique individualmente o que nos permita [&hellip;]\" \/>\n<meta property=\"og:url\" content=\"https:\/\/iamindustries.com\/privacy-policy\/\" \/>\n<meta property=\"og:site_name\" content=\"IAM Industries\" \/>\n<meta property=\"article:modified_time\" content=\"2022-04-27T22:45:14+00:00\" \/>\n<meta property=\"og:image\" content=\"https:\/\/iamindustries.com\/wp-content\/uploads\/2022\/03\/email-copy-300x52.jpg\" \/>\n<meta name=\"twitter:card\" content=\"summary_large_image\" \/>\n<meta name=\"twitter:label1\" content=\"Tiempo de lectura\" \/>\n\t<meta name=\"twitter:data1\" content=\"6 minutos\" \/>\n<script type=\"application\/ld+json\" class=\"yoast-schema-graph\">{\"@context\":\"https:\\\/\\\/schema.org\",\"@graph\":[{\"@type\":\"WebPage\",\"@id\":\"https:\\\/\\\/iamindustries.com\\\/privacy-policy\\\/\",\"url\":\"https:\\\/\\\/iamindustries.com\\\/privacy-policy\\\/\",\"name\":\"Pol\u00edtica de privacidad - IAM Industries\",\"isPartOf\":{\"@id\":\"https:\\\/\\\/iamindustries.com\\\/#website\"},\"primaryImageOfPage\":{\"@id\":\"https:\\\/\\\/iamindustries.com\\\/privacy-policy\\\/#primaryimage\"},\"image\":{\"@id\":\"https:\\\/\\\/iamindustries.com\\\/privacy-policy\\\/#primaryimage\"},\"thumbnailUrl\":\"https:\\\/\\\/iamindustries.com\\\/wp-content\\\/uploads\\\/2022\\\/03\\\/email-copy-300x52.jpg\",\"datePublished\":\"2021-10-25T08:58:37+00:00\",\"dateModified\":\"2022-04-27T22:45:14+00:00\",\"breadcrumb\":{\"@id\":\"https:\\\/\\\/iamindustries.com\\\/privacy-policy\\\/#breadcrumb\"},\"inLanguage\":\"es\",\"potentialAction\":[{\"@type\":\"ReadAction\",\"target\":[\"https:\\\/\\\/iamindustries.com\\\/privacy-policy\\\/\"]}]},{\"@type\":\"ImageObject\",\"inLanguage\":\"es\",\"@id\":\"https:\\\/\\\/iamindustries.com\\\/privacy-policy\\\/#primaryimage\",\"url\":\"https:\\\/\\\/iamindustries.com\\\/wp-content\\\/uploads\\\/2022\\\/03\\\/email-copy-300x52.jpg\",\"contentUrl\":\"https:\\\/\\\/iamindustries.com\\\/wp-content\\\/uploads\\\/2022\\\/03\\\/email-copy-300x52.jpg\"},{\"@type\":\"BreadcrumbList\",\"@id\":\"https:\\\/\\\/iamindustries.com\\\/privacy-policy\\\/#breadcrumb\",\"itemListElement\":[{\"@type\":\"ListItem\",\"position\":1,\"name\":\"Home\",\"item\":\"https:\\\/\\\/iamindustries.com\\\/es\\\/home\\\/\"},{\"@type\":\"ListItem\",\"position\":2,\"name\":\"Pol\u00edtica de privacidad\"}]},{\"@type\":\"WebSite\",\"@id\":\"https:\\\/\\\/iamindustries.com\\\/#website\",\"url\":\"https:\\\/\\\/iamindustries.com\\\/\",\"name\":\"IAM Industries\",\"description\":\"Develop products that meet and exceed customer needs. That our product are made under the most stringent quality standards. \",\"publisher\":{\"@id\":\"https:\\\/\\\/iamindustries.com\\\/#organization\"},\"potentialAction\":[{\"@type\":\"SearchAction\",\"target\":{\"@type\":\"EntryPoint\",\"urlTemplate\":\"https:\\\/\\\/iamindustries.com\\\/?s={search_term_string}\"},\"query-input\":{\"@type\":\"PropertyValueSpecification\",\"valueRequired\":true,\"valueName\":\"search_term_string\"}}],\"inLanguage\":\"es\"},{\"@type\":\"Organization\",\"@id\":\"https:\\\/\\\/iamindustries.com\\\/#organization\",\"name\":\"IAM Industries\",\"url\":\"https:\\\/\\\/iamindustries.com\\\/\",\"logo\":{\"@type\":\"ImageObject\",\"inLanguage\":\"es\",\"@id\":\"https:\\\/\\\/iamindustries.com\\\/#\\\/schema\\\/logo\\\/image\\\/\",\"url\":\"https:\\\/\\\/iamindustries.com\\\/wp-content\\\/uploads\\\/2022\\\/03\\\/cropped-favicon-iam.png\",\"contentUrl\":\"https:\\\/\\\/iamindustries.com\\\/wp-content\\\/uploads\\\/2022\\\/03\\\/cropped-favicon-iam.png\",\"width\":512,\"height\":512,\"caption\":\"IAM Industries\"},\"image\":{\"@id\":\"https:\\\/\\\/iamindustries.com\\\/#\\\/schema\\\/logo\\\/image\\\/\"}}]}<\/script>\n<!-- \/ Yoast SEO plugin. -->","yoast_head_json":{"title":"Pol\u00edtica de privacidad - IAM Industries","robots":{"index":"index","follow":"follow","max-snippet":"max-snippet:-1","max-image-preview":"max-image-preview:large","max-video-preview":"max-video-preview:-1"},"canonical":"https:\/\/iamindustries.com\/privacy-policy\/","og_locale":"es_MX","og_type":"article","og_title":"Pol\u00edtica de privacidad - IAM Industries","og_description":"Pol\u00edtica de privacidad En IAM Industries, respetamos la privacidad de nuestros clientes y de los visitantes de nuestro sitio web. Esta declaraci\u00f3n describe las pr\u00e1cticas actuales de recopilaci\u00f3n de informaci\u00f3n, intercambio y privacidad de nuestro sitio web, www.iamindustries.com Recopilaci\u00f3n de informaci\u00f3n personal Le preguntaremos cuando necesitemos informaci\u00f3n que le identifique individualmente o que nos permita [&hellip;]","og_url":"https:\/\/iamindustries.com\/privacy-policy\/","og_site_name":"IAM Industries","article_modified_time":"2022-04-27T22:45:14+00:00","og_image":[{"url":"https:\/\/iamindustries.com\/wp-content\/uploads\/2022\/03\/email-copy-300x52.jpg","type":"","width":"","height":""}],"twitter_card":"summary_large_image","twitter_misc":{"Tiempo de lectura":"6 minutos"},"schema":{"@context":"https:\/\/schema.org","@graph":[{"@type":"WebPage","@id":"https:\/\/iamindustries.com\/privacy-policy\/","url":"https:\/\/iamindustries.com\/privacy-policy\/","name":"Pol\u00edtica de privacidad - IAM Industries","isPartOf":{"@id":"https:\/\/iamindustries.com\/#website"},"primaryImageOfPage":{"@id":"https:\/\/iamindustries.com\/privacy-policy\/#primaryimage"},"image":{"@id":"https:\/\/iamindustries.com\/privacy-policy\/#primaryimage"},"thumbnailUrl":"https:\/\/iamindustries.com\/wp-content\/uploads\/2022\/03\/email-copy-300x52.jpg","datePublished":"2021-10-25T08:58:37+00:00","dateModified":"2022-04-27T22:45:14+00:00","breadcrumb":{"@id":"https:\/\/iamindustries.com\/privacy-policy\/#breadcrumb"},"inLanguage":"es","potentialAction":[{"@type":"ReadAction","target":["https:\/\/iamindustries.com\/privacy-policy\/"]}]},{"@type":"ImageObject","inLanguage":"es","@id":"https:\/\/iamindustries.com\/privacy-policy\/#primaryimage","url":"https:\/\/iamindustries.com\/wp-content\/uploads\/2022\/03\/email-copy-300x52.jpg","contentUrl":"https:\/\/iamindustries.com\/wp-content\/uploads\/2022\/03\/email-copy-300x52.jpg"},{"@type":"BreadcrumbList","@id":"https:\/\/iamindustries.com\/privacy-policy\/#breadcrumb","itemListElement":[{"@type":"ListItem","position":1,"name":"Home","item":"https:\/\/iamindustries.com\/es\/home\/"},{"@type":"ListItem","position":2,"name":"Pol\u00edtica de privacidad"}]},{"@type":"WebSite","@id":"https:\/\/iamindustries.com\/#website","url":"https:\/\/iamindustries.com\/","name":"IAM Industries","description":"Develop products that meet and exceed customer needs. That our product are made under the most stringent quality standards. ","publisher":{"@id":"https:\/\/iamindustries.com\/#organization"},"potentialAction":[{"@type":"SearchAction","target":{"@type":"EntryPoint","urlTemplate":"https:\/\/iamindustries.com\/?s={search_term_string}"},"query-input":{"@type":"PropertyValueSpecification","valueRequired":true,"valueName":"search_term_string"}}],"inLanguage":"es"},{"@type":"Organization","@id":"https:\/\/iamindustries.com\/#organization","name":"IAM Industries","url":"https:\/\/iamindustries.com\/","logo":{"@type":"ImageObject","inLanguage":"es","@id":"https:\/\/iamindustries.com\/#\/schema\/logo\/image\/","url":"https:\/\/iamindustries.com\/wp-content\/uploads\/2022\/03\/cropped-favicon-iam.png","contentUrl":"https:\/\/iamindustries.com\/wp-content\/uploads\/2022\/03\/cropped-favicon-iam.png","width":512,"height":512,"caption":"IAM Industries"},"image":{"@id":"https:\/\/iamindustries.com\/#\/schema\/logo\/image\/"}}]}},"jetpack_sharing_enabled":true,"_links":{"self":[{"href":"https:\/\/iamindustries.com\/es\/wp-json\/wp\/v2\/pages\/1929","targetHints":{"allow":["GET"]}}],"collection":[{"href":"https:\/\/iamindustries.com\/es\/wp-json\/wp\/v2\/pages"}],"about":[{"href":"https:\/\/iamindustries.com\/es\/wp-json\/wp\/v2\/types\/page"}],"author":[{"embeddable":true,"href":"https:\/\/iamindustries.com\/es\/wp-json\/wp\/v2\/users\/1"}],"replies":[{"embeddable":true,"href":"https:\/\/iamindustries.com\/es\/wp-json\/wp\/v2\/comments?post=1929"}],"version-history":[{"count":3,"href":"https:\/\/iamindustries.com\/es\/wp-json\/wp\/v2\/pages\/1929\/revisions"}],"predecessor-version":[{"id":3405,"href":"https:\/\/iamindustries.com\/es\/wp-json\/wp\/v2\/pages\/1929\/revisions\/3405"}],"wp:attachment":[{"href":"https:\/\/iamindustries.com\/es\/wp-json\/wp\/v2\/media?parent=1929"}],"curies":[{"name":"wp","href":"https:\/\/api.w.org\/{rel}","templated":true}]}}